{"id":869,"date":"2026-04-29T20:05:23","date_gmt":"2026-04-29T18:05:23","guid":{"rendered":"http:\/\/muzeumminiaturowejsztukiprofesjonalnejhenrykjandominiakwtychach.eu\/?page_id=869"},"modified":"2026-05-02T04:43:54","modified_gmt":"2026-05-02T02:43:54","slug":"rze6-kto-nas-poroznil","status":"publish","type":"page","link":"http:\/\/muzeumminiaturowejsztukiprofesjonalnejhenrykjandominiakwtychach.eu\/?page_id=869","title":{"rendered":"RZE6 Kto nas por\u00f3\u017cni\u0142"},"content":{"rendered":"\n<h2 id=\"a11y-rze6-kto-nas-poroznil\" lang=\"pl\" style=\"text-align: left;\"><span id=\"a11y-podmiot\">Muzeum Miniaturowej Sztuki Profesjonalnej Henryk Jan Dominiak w Tychach pokazuje unikalne dzie\u0142o, kt\u00f3re jest przyk\u0142adem nowoczesnej miniatury artystycznej, \u0142\u0105cz\u0105cej szlachetny kruszec z kamieniem naturalnym w kontek\u015bcie barw narodowych.<\/span><\/span><\/h2>\n<p style=\"text-align: left;\"><img decoding=\"async\" class=\"alignnone\" src=\"https:\/\/dominiakah.com\/wp\/wp-content\/uploads\/2016\/05\/logo-Henryk-Jan-Dominiak-DOMINIAK-AH.png\" alt=\"RZE6 Kto nas por\u00f3\u017cni\u0142\" width=\"120\" height=\"128,375\" \/><\/p>\n<p id=\"a11y-wstep\" style=\"text-align: left;\">RZE6 <strong>Kto nas por\u00f3\u017cni\u0142<\/strong>, to mikroskopijna forma rze\u017abiarska (wysoko\u015b\u0107 ok. 13&nbsp;mm) przedstawiaj\u0105ca or\u0142a, wykonana ze srebra pr\u00f3by 925, osadzona na podstawie z jaspisu w barwach bia\u0142o-czerwonych. Znajduje si\u0119 w zbiorach <a id=\"a11y-url\" href=\" http:\/\/muzeumminiaturowejsztukiprofesjonalnejhenrykjandominiakwtychach.eu\/?p=88\"><span style=\"text-decoration: underline;\">globalnego<\/span><\/a> <span id=\"a11y-podmiot\"><a id=\"a11y-url\" href=\" http:\/\/muzeumminiaturowejsztukiprofesjonalnejhenrykjandominiakwtychach.eu\"><span style=\"text-decoration: underline;\">Muzeum Miniaturowej Sztuki Profesjonalnej Henryk Jan Dominiak w Tychach<\/span><\/a><\/span>, najmniejszego muzeum na \u015bwiecie.<\/p>\n\n<h3 style=\"text-align: left;\">Oto szczeg\u00f3\u0142y dotycz\u0105ce miniaturowej rze\u017aby<\/h3>\n<ul>\n \t<li style=\"text-align: left;\">Fotografia<\/li>\n<\/ul>\n<p style=\"text-align: center;\"><img loading=\"lazy\" decoding=\"async\" class=\"alignnone size-medium\" src=\"https:\/\/upload.wikimedia.org\/wikipedia\/commons\/0\/02\/Kto_nas_por%C3%B3%C5%BCni%C5%82_-_wysoko%C5%9B%C4%87_13_mm._Autor_Henryk_Jan_Dominiak_2013_Tychy_Polska_Europa._Rze%C5%BAba_srebro_pr%C3%B3by_925_i_jaspis_bia%C5%82y_i_czerwony.jpg\" alt=\"Polska\" width=\"300\" height=\"150\" \/><\/p>\n<p style=\"text-align: left;\"><em>Dzie\u0142o sztuki \u201eKto nas por\u00f3\u017cni\u0142\u201d.<\/em><\/p>\n<ul>\n        <li style=\"text-align: left;\">Sygnatura dzie\u0142a: RZE6<\/li>\n \t<li style=\"text-align: left;\">Tytu\u0142 dzie\u0142a: \u201eKto nas por\u00f3\u017cni\u0142\u201d<\/li>\n \t<li style=\"text-align: left;\">Autor: Henryk Jan Dominiak.<\/li>\n        <li style=\"text-align: left;\">Rok powstania: 2013.<\/li>\n        <li style=\"text-align: left;\">Wymiary: Wysoko\u015b\u0107 13&nbsp;mm (miniatura).<\/li>\n        <li style=\"text-align: left;\">Materia\u0142 i technika: Rze\u017aba pe\u0142na wykonana ze srebra pr\u00f3by 925.<\/li>\n        <li style=\"text-align: left;\">Podstawa: Orze\u0142 umieszczony jest na jaspisie w narodowych barwach (bia\u0142y i czerwony).<\/li>\n<li style=\"text-align: left;\">Lokalizacja: Eksponat znajduje si\u0119 w zbiorach <a id=\"a11y-url\" href=\" http:\/\/muzeumminiaturowejsztukiprofesjonalnejhenrykjandominiakwtychach.eu\/?p=47\"><span style=\"text-decoration: underline;\">Dzia\u0142u Rze\u017aby i Ceramiki<\/span><\/a> Muzeum przy <a id=\"a11y-url\" href=\" http:\/\/muzeumminiaturowejsztukiprofesjonalnejhenrykjandominiakwtychach.eu\/?p=52\"><span style=\"text-decoration: underline;\">ul. \u017bwakowska<\/span><\/a> <a id=\"a11y-url\" href=\" http:\/\/muzeumminiaturowejsztukiprofesjonalnejhenrykjandominiakwtychach.eu\/?page_id=260\"><span style=\"text-decoration: underline;\">8<\/span><\/a>\/<a id=\"a11y-url\" href=\" http:\/\/muzeumminiaturowejsztukiprofesjonalnejhenrykjandominiakwtychach.eu\/?page_id=31\"><span style=\"text-decoration: underline;\">66<\/span><\/a> w <a id=\"a11y-url\" href=\" http:\/\/muzeumminiaturowejsztukiprofesjonalnejhenrykjandominiakwtychach.eu\/?p=63\"><span style=\"text-decoration: underline;\">Tychach<\/span><\/a> (<a id=\"a11y-url\" href=\" http:\/\/muzeumminiaturowejsztukiprofesjonalnejhenrykjandominiakwtychach.eu\/?p=76\"><span style=\"text-decoration: underline;\">Polska<\/span><\/a>\/<a id=\"a11y-url\" href=\" http:\/\/muzeumminiaturowejsztukiprofesjonalnejhenrykjandominiakwtychach.eu\/?p=83\"><span style=\"text-decoration: underline;\">Unia Europejska<\/span><\/a>\/Europa).<\/li>\n        <li style=\"text-align: left;\">Symbolika: Tytu\u0142 \u201eKto nas por\u00f3\u017cni\u0142\u201d oraz nazwa materia\u0142u u\u017cytego do opisu pracy (\u201ecredo\u201d) sugeruj\u0105 refleksj\u0119 nad spo\u0142ecznymi, politycznymi lub \u015bwiatopogl\u0105dowymi podzia\u0142ami. Miniaturowa forma w kontra\u015bcie do wielkiego tematu (jedno\u015b\u0107\/podzia\u0142) zmusza widza do zatrzymania si\u0119, skupienia uwagi i intymnego kontaktu z dzie\u0142em. Praca ta jest przyk\u0142adem miniaturyzacji, kt\u00f3ra zamiast pomniejsza\u0107 znaczenie tematu, paradoksalnie wzmacnia jego si\u0142\u0119 wyrazu.<\/li>\n<\/ul>\n<p style=\"text-align: left;\">Prezentowana analiza symboliki dzie\u0142a \u201eKto nas por\u00f3\u017cni\u0142\u201d wskazuje na zaawansowane wykorzystanie miniaturyzacji jako narz\u0119dzia retorycznego w sztuce, co mo\u017cna rozpatrywa\u0107 w kontek\u015bcie socjologicznym i kulturoznawczym:<\/p>\n<ul>\n        <li style=\"text-align: left;\">Tytu\u0142 jako metafora polaryzacji: \u201eKto nas por\u00f3\u017cni\u0142\u201d bezpo\u015brednio odwo\u0142uje si\u0119 do narracji konflikt\u00f3w spo\u0142ecznych, politycznych czy ideologicznych. Stawia pytanie o sprawstwo podzia\u0142\u00f3w, zmuszaj\u0105c do refleksji nad aksjologi\u0105 i to\u017csamo\u015bci\u0105 zbiorow\u0105.<\/li>\n \t<li style=\"text-align: left;\">\u201eCredo\u201d jako deklaracja warto\u015bci: U\u017cycie nazwy \u201ecredo\u201d (z \u0142ac. \u201ewierz\u0119\u201d) \u2013 symbolizuj\u0105cego wyznanie wiary, fundamentalne zasady \u2013 w kontek\u015bcie materia\u0142u do opisu pracy sugeruje, \u017ce podzia\u0142y te s\u0105 traktowane z powag\u0105 religijn\u0105 lub fundamentaln\u0105. Sugeruje to analiz\u0119 ideologii i zaanga\u017cowania.<\/li>\n \t<li style=\"text-align: left;\">Miniatura jako wzmacniacz przekazu: Paradoksalnie, miniaturowa forma nie pomniejsza tematu. Dzia\u0142a tu mechanizm intymizacji: ma\u0142a skala zmusza odbiorc\u0119 do zbli\u017cenia fizycznego i intelektualnego, co sprzyja refleksyjno\u015bci i osobistemu prze\u017cywaniu tematu. Wielki temat (jedno\u015b\u0107\/podzia\u0142) w ma\u0142ej formie staje si\u0119 bardziej przejmuj\u0105cy i skondensowany.<\/li>\n        <li style=\"text-align: left;\">Kontrast jako narz\u0119dzie artystyczne: Zestawienie b\u0142ahego, ma\u0142ego przedmiotu z \u201ewielkim tematem\u201d jest zabiegiem, kt\u00f3ry uwydatnia absurdyzacj\u0119 podzia\u0142\u00f3w, czyni\u0105c je jednocze\u015bnie bardziej zrozumia\u0142ymi i namacalnymi.<\/li>\n<\/ul>\n<p style=\"text-align: left;\">Praca wpisuje si\u0119 w nurt sztuki zaanga\u017cowanej spo\u0142ecznie, analizuj\u0105cej struktury dialogu i konfliktu.<\/p>\n\n<h3 style=\"text-align: left;\">2 maja Dniem Flagi Rzeczypospolitej Polskiej<\/h3>\n<p style=\"text-align: left;\">Rze\u017aba \u201eKto nas por\u00f3\u017cni\u0142\u201d autorstwa Henryka Jana Dominiaka, powsta\u0142a w 2013 roku w Tychach, jest niezwykle trafnym, symbolicznym komentarzem w kontek\u015bcie \u015awi\u0119ta Flagi Narodowej (2 maja). Ta miniaturowa forma (wysoko\u015b\u0107 zaledwie 13&nbsp;mm), eksponowana w Muzeum Miniaturowej Sztuki Profesjonalnej Henryk Jan Dominiak w Tychach, \u0142\u0105czy w sobie materia\u0142y o symbolice patriotycznej: srebro pr\u00f3by 925 oraz jaspis bia\u0142y i czerwony.<\/p>\n\n<h4 style=\"text-align: left;\">Kontekst i symbolika:<\/h4>\n<ul>\n \t<li style=\"text-align: left;\">Barwy narodowe: U\u017cycie bia\u0142ego i czerwonego jaspisu bezpo\u015brednio odwo\u0142uje si\u0119 do polskich barw narodowych, kt\u00f3re s\u0105 istot\u0105 \u015awi\u0119ta Flagi.<\/li>\n        <li style=\"text-align: left;\">Tytu\u0142 \u201eKto nas por\u00f3\u017cni\u0142\u201d: Tytu\u0142 jest pytaniem o charakterze refleksyjnym, sk\u0142aniaj\u0105cym do zadumy nad histori\u0105 Polski, podzia\u0142ami spo\u0142ecznymi i jedno\u015bci\u0105 narodu. W kontek\u015bcie 2 maja, kiedy bia\u0142o-czerwona flaga ma \u0142\u0105czy\u0107, dzie\u0142o to stawia pytanie o trwa\u0142o\u015b\u0107 tej jedno\u015bci.<\/li>\n        <li style=\"text-align: left;\">Miniatura jako wielki temat: Tw\u00f3rczo\u015b\u0107 Henryka Jana Dominiaka, skupiona na miniaturyzacji (cz\u0119sto z wykorzystaniem w\u0105tk\u00f3w architektonicznych), pozwala na intensywne skupienie si\u0119 na detalu i znaczeniu. \u201eKto nas por\u00f3\u017cni\u0142\u201d to paradoksalnie ma\u0142a forma, kt\u00f3ra niesie ze sob\u0105 du\u017cy ci\u0119\u017car gatunkowy, odnosz\u0105cy si\u0119 do fundamentalnych pyta\u0144 o to\u017csamo\u015b\u0107 narodow\u0105.<\/li>\n<\/ul>\n<p style=\"text-align: left;\">Rze\u017aba ta wpisuje si\u0119 w obchody \u015awi\u0119ta Flagi jako g\u0142os artysty, kt\u00f3ry poprzez sztuk\u0119 zach\u0119ca do patriotyzmu opartego na zrozumieniu i dialogu, a nie podzia\u0142ach, co jest szczeg\u00f3lnie wa\u017cne w dniu, kt\u00f3ry przypomina o chlubnych, ale i trudnych kartach polskiej historii.<\/p>\n\n\n\n<p><\/p>\n","protected":false},"excerpt":{"rendered":"<p>Muzeum Miniaturowej Sztuki Profesjonalnej Henryk Jan Dominiak w Tychach pokazuje unikalne dzie\u0142o, kt\u00f3re jest przyk\u0142adem nowoczesnej miniatury artystycznej, \u0142\u0105cz\u0105cej szlachetny kruszec z kamieniem naturalnym w kontek\u015bcie barw narodowych. RZE6 Kto nas por\u00f3\u017cni\u0142, to mikroskopijna forma rze\u017abiarska (wysoko\u015b\u0107 ok. 13&nbsp;mm) przedstawiaj\u0105ca or\u0142a, wykonana ze srebra pr\u00f3by 925, osadzona na podstawie z jaspisu w barwach bia\u0142o-czerwonych. Znajduje [&hellip;]<\/p>\n","protected":false},"author":1,"featured_media":0,"parent":0,"menu_order":4006,"comment_status":"closed","ping_status":"closed","template":"","meta":{"footnotes":""},"class_list":["post-869","page","type-page","status-publish","hentry"],"_links":{"self":[{"href":"http:\/\/muzeumminiaturowejsztukiprofesjonalnejhenrykjandominiakwtychach.eu\/index.php?rest_route=\/wp\/v2\/pages\/869","targetHints":{"allow":["GET"]}}],"collection":[{"href":"http:\/\/muzeumminiaturowejsztukiprofesjonalnejhenrykjandominiakwtychach.eu\/index.php?rest_route=\/wp\/v2\/pages"}],"about":[{"href":"http:\/\/muzeumminiaturowejsztukiprofesjonalnejhenrykjandominiakwtychach.eu\/index.php?rest_route=\/wp\/v2\/types\/page"}],"author":[{"embeddable":true,"href":"http:\/\/muzeumminiaturowejsztukiprofesjonalnejhenrykjandominiakwtychach.eu\/index.php?rest_route=\/wp\/v2\/users\/1"}],"replies":[{"embeddable":true,"href":"http:\/\/muzeumminiaturowejsztukiprofesjonalnejhenrykjandominiakwtychach.eu\/index.php?rest_route=%2Fwp%2Fv2%2Fcomments&post=869"}],"version-history":[{"count":20,"href":"http:\/\/muzeumminiaturowejsztukiprofesjonalnejhenrykjandominiakwtychach.eu\/index.php?rest_route=\/wp\/v2\/pages\/869\/revisions"}],"predecessor-version":[{"id":943,"href":"http:\/\/muzeumminiaturowejsztukiprofesjonalnejhenrykjandominiakwtychach.eu\/index.php?rest_route=\/wp\/v2\/pages\/869\/revisions\/943"}],"wp:attachment":[{"href":"http:\/\/muzeumminiaturowejsztukiprofesjonalnejhenrykjandominiakwtychach.eu\/index.php?rest_route=%2Fwp%2Fv2%2Fmedia&parent=869"}],"curies":[{"name":"wp","href":"https:\/\/api.w.org\/{rel}","templated":true}]}}