{"id":8,"date":"2026-04-14T11:13:44","date_gmt":"2026-04-14T09:13:44","guid":{"rendered":"http:\/\/muzeumminiaturowejsztukiprofesjonalnejhenrykjandominiakwtychach.eu\/?page_id=8"},"modified":"2026-04-16T17:53:41","modified_gmt":"2026-04-16T15:53:41","slug":"o-muzeum","status":"publish","type":"page","link":"http:\/\/muzeumminiaturowejsztukiprofesjonalnejhenrykjandominiakwtychach.eu\/?page_id=8","title":{"rendered":"O muzeum"},"content":{"rendered":"\n<h2 id=\"a11y-o-muzeum\" lang=\"pl\" style=\"text-align: left;\"><span id=\"a11y-podmiot\">Muzeum Miniaturowej Sztuki Profesjonalnej Henryk Jan Dominiak w Tychach (za\u0142. 2013) to unikatowa plac\u00f3wka kultury specjalizuj\u0105ca si\u0119 w sztuce nowoczesnej o niezwykle ma\u0142ych formatach.<\/span><\/h2>\n<p style=\"text-align: left;\"><img decoding=\"async\" class=\"alignnone\" src=\"https:\/\/dominiakah.com\/wp\/wp-content\/uploads\/2016\/05\/logo-Henryk-Jan-Dominiak-DOMINIAK-AH.png\" alt=\"O muzeum\" width=\"120\" height=\"128,375\" \/><\/p>\n<p id=\"a11y-wstep\" style=\"text-align: left;\"><strong>O muzeum<\/strong>, to muzeum sztuki wsp\u00f3\u0142czesnej, nastawione na prezentacj\u0119 form zminiaturyzowanych. Dzia\u0142aj\u0105c pod nadzorem Ministerstwa Kultury i Dziedzictwa Narodowego, gromadzi malarstwo, grafik\u0119, rze\u017ab\u0119, falerystyk\u0119 oraz bro\u0144 do walki bezpo\u015bredniej (wr\u0119cz).<\/p>\n<p style=\"text-align: left;\">Ta unikatowa plac\u00f3wka muzealna koncentruje si\u0119 na mikro-sztuce, prezentuj\u0105c miniaturowe arcydzie\u0142a wykonane przez zawodowych artyst\u00f3w. Wi\u0119kszo\u015b\u0107 eksponat\u00f3w to obiekty o wielko\u015bci zaledwie kilku centymetr\u00f3w. Zdecydowanie, przyk\u0142adem jest ta dramatyczna scena figuralna na malachicie \u2013 pe\u0142na precyzji i detali.<\/p>\n<p style=\"text-align: center;\"><img decoding=\"async\" class=\"alignnone size-medium\" src=\"https:\/\/upload.wikimedia.org\/wikipedia\/commons\/c\/c0\/MAL133_Krzy%C5%BCowcy_zdobywaj%C4%85_Jerozolim%C4%99_32_x_28_mm._Artysta_malarz_Pawe%C5%82_Brodzisz%2C_alkid%2C_kamie%C5%84_malachit%2C_2025._Eksponat_Muzeum_Miniaturowej_Sztuki_Profesjonalnej_Henryk_Jan_Dominiak_w_Tychach.jpg\" alt=\"\" width=\"300\" height=\"224,37\" \/><\/p>\n<p style=\"text-align: left;\"><em>Obraz olejny na kamieniu (mikromalarstwo). Pawe\u0142 Brodzisz, \u201e<a id=\"a11y-url\" href=\" https:\/\/muzeumminiaturowejsztukiprofesjonalnejhenrykjandominiak.eu\/wp\/mal133-krzyzowcy-zdobywaja-jerozolime\/\"><span style=\"text-decoration: underline;\">Krzy\u017cowcy zdobywaj\u0105 Jerozolim\u0119<\/span><\/a>\u201d (2025), wym. 32 \u00d7 28 mm.<\/em><\/p>\n\n<h4 style=\"text-align: left;\">Usystematyzowany zbi\u00f3r przedmiot\u00f3w.<\/h4>\n<p style=\"text-align: left;\">Muzeum w sprawozdaniu za okres 2025\/2026 zaraportowa\u0142o posiadanie 1051 obiekt\u00f3w dziedzictwa kulturowego (muzeali\u00f3w).<\/p>\n<p style=\"text-align: left;\">W sk\u0142ad tej kolekcji wchodz\u0105:<\/p>\n<p style=\"text-align: left;\"><strong>Dzie\u0142a sztuki (403 obiekty):<\/strong> <a id=\"a11y-url\" href=\" http:\/\/muzeumminiaturowejsztukiprofesjonalnejhenrykjandominiakwtychach.eu\/?page_id=241\"><span style=\"text-decoration: underline;\">obrazy (148)<\/span><\/a>, <a id=\"a11y-url\" href=\" http:\/\/muzeumminiaturowejsztukiprofesjonalnejhenrykjandominiakwtychach.eu\/?page_id=178\"><span style=\"text-decoration: underline;\">rysunki (168)<\/span><\/a>, grafiki (30), rze\u017aby (50) oraz ceramika (7).<\/p>\n<p style=\"text-align: left;\"><strong>Artefakty kulturowe (648 obiekt\u00f3w):<\/strong> falerystyka (odznaczenia, medale, ordery \u2013 231), weksylologia (0), heraldyka (75), symbolika (74), emblematyka (265) oraz bro\u0144 bia\u0142a (3).<\/p>\n<p style=\"text-align: left;\"><em><a id=\"a11y-url\" href=\" http:\/\/muzeumminiaturowejsztukiprofesjonalnejhenrykjandominiakwtychach.eu\/?page_id=94\"><span style=\"text-decoration: underline;\">Aktualny ranking na 2026 r.<\/span><\/a><\/em><\/p>\n\n<h4 style=\"text-align: left;\">Lokalizacja i specyfika<\/h4>\n<p style=\"text-align: left;\">Plac\u00f3wka znajduje si\u0119 w <a id=\"a11y-url\" href=\" https:\/\/muzeumminiaturowejsztukiprofesjonalnejhenrykjandominiak.eu\/wp\/tychy\/\"><span style=\"text-decoration: underline;\">Tychach<\/span><\/a> przy <a id=\"a11y-url\" href=\" https:\/\/muzeumminiaturowejsztukiprofesjonalnejhenrykjandominiak.eu\/wp\/ul\/\"><span style=\"text-decoration: underline;\">ulicy \u017bwakowskiej<\/span><\/a> <a id=\"a11y-url\" href=\" http:\/\/muzeumminiaturowejsztukiprofesjonalnejhenrykjandominiakwtychach.eu\/?page_id=260\"><span style=\"text-decoration: underline;\">8<\/span><\/a>\/<a id=\"a11y-url\" href=\" http:\/\/muzeumminiaturowejsztukiprofesjonalnejhenrykjandominiakwtychach.eu\/?page_id=31\"><span style=\"text-decoration: underline;\">66<\/span><\/a> i jest uznawana za jedno z najmniejszych muze\u00f3w na \u015bwiecie (powierzchnia 6,15 m\u00b2).<\/p>\n<p style=\"text-align: left;\"><span id=\"a11y-podmiot\"><a id=\"a11y-url\" href=\" http:\/\/muzeumminiaturowejsztukiprofesjonalnejhenrykjandominiakwtychach.eu\"><span style=\"text-decoration: underline;\">Muzeum Miniaturowej Sztuki Profesjonalnej Henryk Jan Dominiak w Tychach<\/span><\/a><\/span> funkcjonuje od <span id=\"a11y-data-aktualizacja\">16 kwietnia 2013 roku<\/span> i jest miejscem, w kt\u00f3rym miniaturowe arcydzie\u0142a pozwalaj\u0105 na g\u0142\u0119bok\u0105 kontemplacj\u0119, mimo ich niewielkich rozmiar\u00f3w.<\/p>\n\n<h3 style=\"text-align: left;\">Zgoda odpowiedniego organu<\/h3>\n<p style=\"text-align: left;\">Muzeum posiada oficjalne, nadane przez Prezydenta <a id=\"a11y-url\" href=\" http:\/\/muzeumminiaturowejsztukiprofesjonalnejhenrykjandominiakwtychach.eu\/?p=63\"><span style=\"text-decoration: underline;\">Miasta Tychy<\/span><\/a> 28 marca 2014 roku (pismo DUI.013.2.2014), <a id=\"a11y-url\" href=\" http:\/\/muzeumminiaturowejsztukiprofesjonalnejhenrykjandominiakwtychach.eu\/?page_id=219\"><span style=\"text-decoration: underline;\">przywilej u\u017cywania i eksponowania herbu miasta<\/span><\/a>. Instytucja ta ma r\u00f3wnie\u017c prawo do u\u017cywania herbu <a id=\"a11y-url\" href=\" http:\/\/muzeumminiaturowejsztukiprofesjonalnejhenrykjandominiakwtychach.eu\/?p=69\"><span style=\"text-decoration: underline;\">wojew\u00f3dztwa \u015bl\u0105skiego<\/span><\/a> (od 6 czerwca 2019 r.).<\/p>\n\n<h3 style=\"text-align: left;\">Przestrze\u0144 jako scena kulturalna:<\/h3>\n<p style=\"text-align: left;\">Ulice, parki i skwery pe\u0142ni\u0105 rol\u0119 miejsc ogniskuj\u0105cych \u017cycie kulturalne, kszta\u0142tuj\u0105c to\u017csamo\u015b\u0107 mieszka\u0144c\u00f3w i umo\u017cliwiaj\u0105c interakcje.<\/p>\n<p style=\"text-align: left;\">Dnia 11 sierpnia 2016 roku zawarto umow\u0119, na mocy kt\u00f3rej Muzeum Miniaturowej Sztuki Profesjonalnej Henryk Jan Dominiak w Tychach uzyska\u0142o od miasta teren przy <a id=\"a11y-url\" href=\" http:\/\/muzeumminiaturowejsztukiprofesjonalnejhenrykjandominiakwtychach.eu\/?p=52\"><span style=\"text-decoration: underline;\">ul. \u017bwakowskiej<\/span><\/a> (dzia\u0142ka 4549\/26). Przestrze\u0144 ta, nazwana \u201e<a id=\"a11y-url\" href=\" https:\/\/dominiakah.com\/wp\/tychy-od-dawna-do-wspolczesnosci\/ulica-zwakowska-w-tychach\/zielone-tychy-kultura-mmsphjd\/\"><span style=\"text-decoration: underline;\">Zielone Tychy Kultura<\/span><\/a>\u201d, zosta\u0142a przeznaczona na cele rekreacyjne, ziele\u0144 oraz organizacj\u0119 wydarze\u0144 kulturalnych. Powsta\u0142a tam makieta miasta, w kt\u00f3rej g\u0142\u00f3wne arterie zosta\u0142y odwzorowane przy u\u017cyciu kostki granitowej, umo\u017cliwiaj\u0105c spacerowanie po miniaturowym uk\u0142adzie <a id=\"a11y-url\" href=\" http:\/\/muzeumminiaturowejsztukiprofesjonalnejhenrykjandominiakwtychach.eu\/?p=63\"><span style=\"text-decoration: underline;\">Tych\u00f3w<\/span><\/a>.<\/p>\n\n<h3 style=\"text-align: left;\">Inicjowanie procedur odznaczeniowych.<\/h3>\n<p style=\"text-align: left;\">Muzeum jest uprawnione do wyst\u0119powania z wnioskami o wyr\u00f3\u017cnienia i odznaczenia dla os\u00f3b fizycznych oraz podmiot\u00f3w, co stanowi istotny element wspierania kultury i nauki. Do g\u0142\u00f3wnych uprawnie\u0144 w tym zakresie nale\u017cy wyst\u0119powanie z wnioskiem:<\/p>\n\n<ul>\n \t<li style=\"text-align: left;\">Do ministra w\u0142a\u015bciwego do spraw kultury i ochrony dziedzictwa narodowego o nadanie osobom fizycznym lub grupom os\u00f3b fizycznych:\n<ul>\n \t<li style=\"text-align: left;\">order\u00f3w i odznacze\u0144 pa\u0144stwowych (np. Krzy\u017c Zas\u0142ugi, Medal za D\u0142ugoletni\u0105 S\u0142u\u017cb\u0119),<\/li>\n \t<li style=\"text-align: left;\">odznaki honorowej \u201eZas\u0142u\u017cony dla Kultury Polskiej\u201d,<\/li>\n \t<li style=\"text-align: left;\">medalu \u201eZas\u0142u\u017cony Kulturze Gloria Artis\u201d,<\/li>\n \t<li style=\"text-align: left;\">dorocznej nagrody za osi\u0105gni\u0119cia w dziedzinie tw\u00f3rczo\u015bci artystycznej, upowszechniania i ochrony kultury.<\/li>\n<\/ul>\n<\/li>\n<\/ul>\n<ul>\n \t<li style=\"text-align: left;\">Do Komisji Odznaki Honorowej (lub bezpo\u015brednio do Zarz\u0105du Wojew\u00f3dztwa Lubelskiego) o nadanie osobom fizycznym lub podmiotom prawnym Odznaki Honorowej \u201eZas\u0142u\u017cony dla Wojew\u00f3dztwa Lubelskiego\u201d.\n<ul>\n \t<li style=\"text-align: left;\">Decyzj\u0119 o jej przyznaniu podejmuje Zarz\u0105d Wojew\u00f3dztwa Lubelskiego.<\/li>\n<\/ul>\n<\/li>\n<\/ul>\n<p style=\"text-align: left;\">Wnioski takie powinny zawiera\u0107 szczeg\u00f3\u0142owe uzasadnienie opisuj\u0105ce dokonania i zas\u0142ugi kandydata w dziedzinie kultury.<\/p>\n<p style=\"text-align: left;\">Dyrektor muzeum, jako reprezentant instytucji na zewn\u0105trz (art. 5 Ustawy o muzeach), jest osob\u0105 uprawnion\u0105 do podpisywania takich wniosk\u00f3w.<\/p>\n\n<h3 style=\"text-align: left;\">Outbound Links (Linki wychodz\u0105ce ze strony, kt\u00f3ra stanowi tre\u015b\u0107 o muzeum).<\/h3>\n<p style=\"text-align: left;\">Co istotne <a id=\"a11y-url\" href=\" https:\/\/dominiakah.com\/wp\/skryba-tusze-tonery-pieczatki-i-papiery-tychy\/\"><span style=\"text-decoration: underline;\"><span id=\"a11y-osoba\">IRENA SIERO\u0143SKA-PIKOR SKRYBA Tusze Tonery Piecz\u0105tki i Papiery Tychy<\/span><\/span><\/a>.<\/p>\n<p style=\"text-align: left;\">Nawet <a id=\"a11y-url\" href=\" https:\/\/dominiakah.com\/wp\/skryba-tusze-tonery-pieczatki-i-papiery-tychy\/\"><span style=\"text-decoration: underline;\">DOM LUX TYCHY Honoraty 32 <span id=\"a11y-osoba\">Wies\u0142awa Konieczna<\/span><\/span><\/a>.<\/p>\n\n<h3 style=\"text-align: left;\">Logowanie.<\/h3>\n<p style=\"text-align: left;\">Przejd\u017a do <a id=\"a11y-url\" href=\" http:\/\/muzeumminiaturowejsztukiprofesjonalnejhenrykjandominiakwtychach.eu\/wp-admin\/\"><span style=\"text-decoration: underline;\">logowanie do kokpitu Muzeum<\/span><\/a>.<\/p>\n","protected":false},"excerpt":{"rendered":"<p>Muzeum Miniaturowej Sztuki Profesjonalnej Henryk Jan Dominiak w Tychach (za\u0142. 2013) to unikatowa plac\u00f3wka kultury specjalizuj\u0105ca si\u0119 w sztuce nowoczesnej o niezwykle ma\u0142ych formatach. O muzeum, to muzeum sztuki wsp\u00f3\u0142czesnej, nastawione na prezentacj\u0119 form zminiaturyzowanych. Dzia\u0142aj\u0105c pod nadzorem Ministerstwa Kultury i Dziedzictwa Narodowego, gromadzi malarstwo, grafik\u0119, rze\u017ab\u0119, falerystyk\u0119 oraz bro\u0144 do walki bezpo\u015bredniej (wr\u0119cz). Ta [&hellip;]<\/p>\n","protected":false},"author":1,"featured_media":0,"parent":0,"menu_order":1,"comment_status":"closed","ping_status":"closed","template":"","meta":{"footnotes":""},"class_list":["post-8","page","type-page","status-publish","hentry"],"_links":{"self":[{"href":"http:\/\/muzeumminiaturowejsztukiprofesjonalnejhenrykjandominiakwtychach.eu\/index.php?rest_route=\/wp\/v2\/pages\/8","targetHints":{"allow":["GET"]}}],"collection":[{"href":"http:\/\/muzeumminiaturowejsztukiprofesjonalnejhenrykjandominiakwtychach.eu\/index.php?rest_route=\/wp\/v2\/pages"}],"about":[{"href":"http:\/\/muzeumminiaturowejsztukiprofesjonalnejhenrykjandominiakwtychach.eu\/index.php?rest_route=\/wp\/v2\/types\/page"}],"author":[{"embeddable":true,"href":"http:\/\/muzeumminiaturowejsztukiprofesjonalnejhenrykjandominiakwtychach.eu\/index.php?rest_route=\/wp\/v2\/users\/1"}],"replies":[{"embeddable":true,"href":"http:\/\/muzeumminiaturowejsztukiprofesjonalnejhenrykjandominiakwtychach.eu\/index.php?rest_route=%2Fwp%2Fv2%2Fcomments&post=8"}],"version-history":[{"count":8,"href":"http:\/\/muzeumminiaturowejsztukiprofesjonalnejhenrykjandominiakwtychach.eu\/index.php?rest_route=\/wp\/v2\/pages\/8\/revisions"}],"predecessor-version":[{"id":319,"href":"http:\/\/muzeumminiaturowejsztukiprofesjonalnejhenrykjandominiakwtychach.eu\/index.php?rest_route=\/wp\/v2\/pages\/8\/revisions\/319"}],"wp:attachment":[{"href":"http:\/\/muzeumminiaturowejsztukiprofesjonalnejhenrykjandominiakwtychach.eu\/index.php?rest_route=%2Fwp%2Fv2%2Fmedia&parent=8"}],"curies":[{"name":"wp","href":"https:\/\/api.w.org\/{rel}","templated":true}]}}