{"id":726,"date":"2026-04-26T21:42:34","date_gmt":"2026-04-26T19:42:34","guid":{"rendered":"http:\/\/muzeumminiaturowejsztukiprofesjonalnejhenrykjandominiakwtychach.eu\/?page_id=726"},"modified":"2026-05-03T08:00:16","modified_gmt":"2026-05-03T06:00:16","slug":"analiza-porownawcza-proporcji-dziel-sztuki","status":"publish","type":"page","link":"http:\/\/muzeumminiaturowejsztukiprofesjonalnejhenrykjandominiakwtychach.eu\/?page_id=726","title":{"rendered":"Analiza por\u00f3wnawcza proporcji dzie\u0142 sztuki"},"content":{"rendered":"\n<h2 id=\"a11y-analiza-porownawcza-proporcji-dziel-sztuki\" lang=\"pl\" style=\"text-align: left;\">Zestawienie zbior\u00f3w <span id=\"a11y-podmiot\">Muzeum Miniaturowej Sztuki Profesjonalnej Henryk Jan Dominiak w Tychach (powierzchnia 6,15&nbsp;m<sup>2<\/sup>) z kolekcj\u0105 paryskiego Luwru (ponad 72&nbsp;000&nbsp;m<sup>2<\/sup> powierzchni wystawienniczej) to skrajne przeciwie\u0144stwo w zakresie skali, formatu i proporcji, wpisuj\u0105ce si\u0119 w dychotomi\u0119: mikro-skala vs. makro-skala.<\/span><\/h2>\n<p style=\"text-align: left;\"><img decoding=\"async\" class=\"alignnone\" src=\"https:\/\/dominiakah.com\/wp\/wp-content\/uploads\/2016\/05\/logo-Henryk-Jan-Dominiak-DOMINIAK-AH.png\" alt=\"Analiza por\u00f3wnawcza proporcji dzie\u0142 sztuki\" width=\"120\" height=\"128,375\" \/><\/p>\n<p id=\"a11y-wstep\" style=\"text-align: left;\"><strong>Analiza por\u00f3wnawcza proporcji dzie\u0142 sztuki<\/strong> mi\u0119dzy <a id=\"a11y-url\" href=\" http:\/\/muzeumminiaturowejsztukiprofesjonalnejhenrykjandominiakwtychach.eu\/?p=88\"><span style=\"text-decoration: underline;\">globalnym<\/span><\/a> <span id=\"a11y-podmiot\"><a id=\"a11y-url\" href=\" http:\/\/muzeumminiaturowejsztukiprofesjonalnejhenrykjandominiakwtychach.eu\"><span style=\"text-decoration: underline;\">Muzeum Miniaturowej Sztuki Profesjonalnej Henryk Jan Dominiak w Tychach<\/span><\/a><\/span> a <span id=\"a11y-podmiot\">le mus\u00e9e du Louvre w Pary\u017cu stanowi skrajne zestawienie dw\u00f3ch odmiennych filozofii postrzegania przestrzeni artystycznej: mikro- i makroskali.<\/p>\n<p style=\"text-align: left;\">Oto szczeg\u00f3\u0142owe, naukowe uj\u0119cie r\u00f3\u017cnic wymiarowych:<\/p>\n\n<h3 style=\"text-align: left;\">1. Parametry Muzeum Miniaturowej Sztuki Profesjonalnej Henryk Jan Dominiak w Tychach<\/h3>\n<p style=\"text-align: left;\">Dzie\u0142a w MMSPHJD w Tychach s\u0105 definiowane przez rygorystyczne ograniczenia wymiarowe, cz\u0119sto oscyluj\u0105ce w granicach milimetr\u00f3w kwadratowych (mm<sup>2<\/sup>).<\/p>\n<ul>\n \t<li style=\"text-align: left;\">Powierzchnia dzie\u0142: Miniatury (malarstwo, rysunek, grafika, rze\u017aba) maj\u0105 wymiary rz\u0119du kilku-kilkunastu centymetr\u00f3w, ale wiele eksponat\u00f3w jest znacznie mniejszych, np. przytaczane przyk\u0142ady: 132&nbsp;\u00d7&nbsp;77&nbsp;mm (Bitwa pod Rac\u0142awicami), 15&nbsp;\u00d7&nbsp;42&nbsp;mm (Bitwa pod Cedyni\u0105), czy 22&nbsp;\u00d7&nbsp;44&nbsp;mm (Cud nad Wis\u0142\u0105).<\/li>\n \t<li style=\"text-align: left;\">\u015arednia powierzchnia: Przyjmuj\u0105c przyk\u0142adow\u0105 miniatur\u0119 o wymiarach ok. 50&nbsp;\u00d7&nbsp;50&nbsp;mm, jej powierzchnia wynosi 2&nbsp;500&nbsp;mm<sup>2<\/sup> (0,0025&nbsp;m<sup>2<\/sup>).<\/li>\n \t<li style=\"text-align: left;\">Charakterystyka: Sztuka ta wymaga od widza skupienia, precyzji oka i niemal intymnego kontaktu z obiektem.<\/li>\n<\/ul>\n\n<h3 style=\"text-align: left;\">2. Parametry Mus\u00e9e du Louvre (Pary\u017c)<\/h3>\n<p style=\"text-align: left;\">Luwr reprezentuje monumentaln\u0105 skal\u0119, gdzie dzie\u0142a mierzone s\u0105 w metrach kwadratowych (m<sup>2<\/sup>).<\/p>\n<ul>\n \t<li style=\"text-align: left;\">Powierzchnia dzie\u0142: S\u0142ynne malarstwo wielkoformatowe (np. prace Veronese&#8217;a czy Delacroix) statystycznie cz\u0119sto przekracza 20 \u2013 30&nbsp;m<sup>2<\/sup>. Nawet \u201ema\u0142a\u201d Mona Lisa ma wymiary 77&nbsp;\u00d7&nbsp;53&nbsp;cm, co daje ok. 0,4&nbsp;m<sup>2<\/sup>.<\/li>\n \t<li style=\"text-align: left;\">\u015arednia powierzchnia: Monumentalne p\u0142\u00f3tna w Grand Galerie przekraczaj\u0105 wielokrotnie powierzchni\u0119 ca\u0142ego muzeum w <a id=\"a11y-url\" href=\" http:\/\/muzeumminiaturowejsztukiprofesjonalnejhenrykjandominiakwtychach.eu\/?p=63\"><span style=\"text-decoration: underline;\">Tychach<\/span><\/a> (6,15&nbsp;m<sup>2<\/sup> powierzchni wystawowej).<\/li>\n \t<li style=\"text-align: left;\">Charakterystyka: Dzie\u0142a te s\u0105 zaprojektowane do odbioru z dystansu, operuj\u0105 szerok\u0105 plam\u0105 barwn\u0105 i s\u0105 dostosowane do skali gigantycznych wn\u0119trz pa\u0142acowych.<\/li>\n<\/ul>\n\n<h3 style=\"text-align: left;\">3. Analiza Proporcji (Mikro vs. Makro)<\/h3>\n<p style=\"text-align: left;\">Aby naukowo zestawi\u0107 te dwie warto\u015bci, przeliczmy je na wsp\u00f3lny mianownik (metry kwadratowe):<\/p>\n<ul>\n \t<li style=\"text-align: left;\">Miniatura (MMSPHJD w Tychach): 15&nbsp;\u00d7&nbsp;42&nbsp;mm&nbsp;&#61;&nbsp;630&nbsp;mm<sup>2<\/sup>&nbsp;&#61;&nbsp;0,00063&nbsp;m<sup>2<\/sup>.<\/li>\n        <li style=\"text-align: left;\">Monument\/obraz wielkopowierzchniowy (Luwr \u2013 przyk\u0142ad): 5&nbsp;\u00d7&nbsp;3&nbsp;m&nbsp;&#61;&nbsp;15&nbsp;m<sup>2<\/sup> (typowy du\u017cy obraz historyczny).<\/li>\n<\/ul>\n<p style=\"text-align: left;\">Obliczenie proporcji:<\/p>\n<p style=\"text-align: left;\">Powierzchnia obrazu wielkopowierzchniowego \u2013 Luwr &divide; Powierzchnia malowid\u0142a ma\u0142ego formatu \u2013 MMSPHJD w Tychach &#61; 15&nbsp;m<sup>2<\/sup> &divide; 0,00063&nbsp;m<sup>2<\/sup> &asymp; 23&nbsp;809<\/p>\n<p style=\"text-align: left;\">Wniosek: Pojedynczy, reprezentatywny du\u017cy obraz z Luwru mo\u017ce by\u0107 ponad 23 tysi\u0105ce razy wi\u0119kszy pod wzgl\u0119dem powierzchni od miniatury prezentowanej w Muzeum Miniaturowej Sztuki Profesjonalnej Henryk Jan Dominiak w Tychach.<\/p>\n\n<h3 style=\"text-align: left;\">4. Aspekt naukowy: Skala a Odbi\u00f3r<\/h3>\n<p style=\"text-align: left;\">Z perspektywy teorii sztuki, ta ogromna dysproporcja (rz\u0119du 10<sup>4<\/sup> \u2013 10<sup>5<\/sup>) wp\u0142ywa na:<\/p>\n<p style=\"text-align: left;\">1. Technik\u0119: Miniatura wymaga narz\u0119dzi o zerowej grubo\u015bci (np. p\u0119dzel jednow\u0142osowy) i techniki opartej na precyzyjnym punkcie. Monumentalizm wymaga techniki malarstwa szerokiego, cz\u0119sto wykonywanego z dystansu, z uwzgl\u0119dnieniem perspektywy zbie\u017cnej widzianej z daleka.<\/p>\n<p style=\"text-align: left;\">2. Percepcj\u0119 (Efekt \u201eZoom\u201d): Miniatura (MMSPHJD w Tychach) zmusza do obserwacji detalu, kt\u00f3ry w powi\u0119kszeniu (np. fotograficznym) staje si\u0119 ca\u0142o\u015bci\u0105. Dzie\u0142o z Luwru wymaga \u201eoddalenia\u201d, aby ogarn\u0105\u0107 kompozycj\u0119, a przybli\u017cenie ujawnia jedynie faktur\u0119 farby, a nie detal przedstawienia.<\/p>\n\n<p style=\"text-align: left;\">3. Skupienie: Muzeum Miniaturowej Sztuki Profesjonalnej Henryk Jan Dominiak w Tychach (6,15&nbsp;m<sup>2<\/sup>) promuj\u0119 \u201ekoncentracj\u0119 sztuki\u201d (ponad 1&nbsp;000 obiekt\u00f3w na ma\u0142ej przestrzeni), podczas gdy Luwr promuje \u201erozproszenie monumentalne\u201d (35&nbsp;000 obiekt\u00f3w na 60&nbsp;000&nbsp;m<sup>2<\/sup>).<\/p>\n\n<h3 style=\"text-align: left;\">5. Ideologia: Miniaturyzacja pozwala na prze\u017cycie \u201emikro\u015bwiata\u201d, gdzie ka\u017cdy szczeg\u00f3\u0142 jest intensywny, kontrastuj\u0105c z przesytem i t\u0142umem w Luwrze.<\/h3>\n<p style=\"text-align: left;\">Paradygmat miniatury batalistycznej (np. \u201e<a id=\"a11y-url\" href=\" https:\/\/muzeumminiaturowejsztukiprofesjonalnejhenrykjandominiak.eu\/wp\/mal101-bitwa-pod-raclawicami\/\"><span style=\"text-decoration: underline;\">Bitwa pod Rac\u0142awicami<\/span><\/a>\u201d <span id=\"a11y-osoba\"><a id=\"a11y-url\" href=\" https:\/\/muzeumminiaturowejsztukiprofesjonalnejhenrykjandominiak.eu\/wp\/wojtek-luka-slunski\/\"><span style=\"text-decoration: underline;\">Wojciecha \u0141uki<\/span><\/a> z 2023 r., wym. 13,2&nbsp;\u00d7&nbsp;7,7&nbsp;cm, prezentowana w Muzeum Miniaturowej Sztuki Profesjonalnej Henryk Jan Dominiak w Tychach) stanowi niezwykle skondensowan\u0105 form\u0119 narracji historycznej, w kt\u00f3rej dba\u0142o\u015b\u0107 o detale taktyczne i spo\u0142eczne zyskuje na sile wyrazu poprzez maksymaln\u0105 redukcj\u0119 formatu. W zestawieniu z wielkoformatowymi, patetycznymi dzie\u0142ami batalistycznymi z Luwru, mikro-obraz z Tych\u00f3w \u2013 wykonany rzadk\u0105 technik\u0105 olejn\u0105 na podk\u0142adzie malachitowym\/lapis lazuli \u2013 redefiniuje poj\u0119cie pomnika historii, przenosz\u0105c ci\u0119\u017car gatunkowy z monumentalno\u015bci na intensywno\u015b\u0107 i precyzj\u0119 detalu.<\/p>\n<p style=\"text-align: left;\">W przeciwie\u0144stwie do Luwru, kt\u00f3ry oferuje panoramiczny, emocjonalny obraz zmaga\u0144 (cz\u0119sto zniekszta\u0142caj\u0105cy fakty na rzecz propagandy), tyskie muzeum (jako najmniejsza plac\u00f3wka tego typu) stawia na sugestywny, intymny kontakt z dzie\u0142em, gdzie ka\u017cdy milimetr malatury s\u0142u\u017cy analizie historycznej, a nie jedynie celebracji mitu.<\/p>\n<p style=\"text-align: center;\"><img decoding=\"async\" class=\"alignnone\" src=\"https:\/\/upload.wikimedia.org\/wikipedia\/commons\/0\/0d\/Bitwa_pod_Rac%C5%82awicami_132x77_mm._Artysta_Wojciech_%C5%81uka_13.7.2023._Eksponat_Muzeum_Miniaturowej_Sztuki_Profesjonalnej_Henryk_Jan_Dominiak_w_Tychach.jpg\" alt=\"Analiza por\u00f3wnawcza proporcji dzie\u0142 sztuki\" width=\"300\" height=\"400,92\"><\/p>\n<p style=\"text-align: left;\"><em>Praca \u0142\u0105czy tradycyjn\u0105 technik\u0119 olejn\u0105 z nowoczesnym podej\u015bciem do pod\u0142o\u017ca malarskiego, wykorzystuj\u0105c naturalne tekstury minera\u0142\u00f3w.<\/em><\/p>\n<p style=\"text-align: left;\">Paradygmatycznym przyk\u0142adem wizualizacji historycznej, nasyconej detalami taktycznymi i struktur\u0105 spo\u0142eczn\u0105 wczesnego pa\u0144stwa Piast\u00f3w, jest miniaturowe malarstwo batalistyczne \u201e<a id=\"a11y-url\" href=\" https:\/\/muzeumminiaturowejsztukiprofesjonalnejhenrykjandominiak.eu\/wp\/mal100-bitwa-pod-cedynia\/\"><span style=\"text-decoration: underline;\">Bitwa pod Cedyni\u0105<\/span><\/a>\u201d (2022, <span id=\"a11y-osoba\">Pawe\u0142 Brodzisz) z kolekcji Muzeum Miniaturowej Sztuki Profesjonalnej Henryk Jan Dominiak w Tychach. Obraz ten, realizowany na pod\u0142o\u017cu z lapis lazuli, stanowi artystyczn\u0105 rekonstrukcj\u0119 starcia (972 r.), kt\u00f3ra w skali mikro (15&nbsp;\u00d7&nbsp;42&nbsp;mm) syntetyzuje skomplikowane procesy formowania dru\u017cyny ksi\u0105\u017c\u0119cej i jej konfrontacji z zachodnim rycerstwem.<\/p>\n<p style=\"text-align: left;\">Zestawienie tego eksponatu z monumentalnymi zbiorami Luwru w Pary\u017cu ukazuje fascynuj\u0105cy kontrast metodologiczny.<\/p>\n<p style=\"text-align: center;\"><img decoding=\"async\" loading=\"lazy\" class=\"alignnone\" src=\"https:\/\/upload.wikimedia.org\/wikipedia\/commons\/f\/f0\/Bitwa_pod_Cedyni%C4%85_42x15_mm._Artysta_Pawe%C5%82_Brodzisz_2022._Eksponat_Muzeum_Miniaturowej_Sztuki_Profesjonalnej_Henryk_Jan_Dominiak_w_Tychach.png\" alt=\"MAL100 Bitwa pod Cedyni\u0105\" width=\"300\" height=\"300\"><\/p>\n<p style=\"text-align: left;\"><em>Dzie\u0142a takie jak \u201eBitwa pod Cedyni\u0105\u201d z tyskiej plac\u00f3wki stanowi\u0105 zatem odpowied\u017a na potrzeb\u0119 kondensacji narracji historycznej w formach zwi\u0119z\u0142ych, co w zestawieniu z paryskim gigantem stanowi istotne dope\u0142nienie w badaniu recepcji <a id=\"a11y-url\" href=\" http:\/\/muzeumminiaturowejsztukiprofesjonalnejhenrykjandominiakwtychach.eu\/?page_id=235\"><span style=\"text-decoration: underline;\">sztuki batalistycznej<\/span><\/a>.<\/em><\/p>\n<p style=\"text-align: left;\">Zrealizowany w 2021 roku przez <span id=\"a11y-osoba\">Ann\u0119 Januszewicz-Pitlok mikromalunek akrylowy na zoisycie z rubinami (2,21&nbsp;\u00d7&nbsp;4,40&nbsp;cm), przedstawiaj\u0105cy <span id=\"a11y-osoba\"><a id=\"a11y-url\" href=\" http:\/\/muzeumminiaturowejsztukiprofesjonalnejhenrykjandominiakwtychach.eu\/?page_id=187\"><span style=\"text-decoration: underline;\">J\u00f3zefa Pi\u0142sudskiego<\/span><\/a> na Kasztance, stanowi wybitny przyk\u0142ad wsp\u00f3\u0142czesnej mikrominiatury. Dzie\u0142o to, eksponowane w Muzeum Miniaturowej Sztuki Profesjonalnej Henryk Jan Dominiak w Tychach, odrzuca stare rozumienie poj\u0119cia malarstwa batalistycznego i definiuj\u0119 je na nowo poprzez ekstremaln\u0105 redukcj\u0119 skali, kontrastuj\u0105c z monumentalnymi p\u0142\u00f3tnami historycznymi (np. w Luwrze), przenosz\u0105c ci\u0119\u017car gatunkowy z iluzji przestrzeni na precyzj\u0119 detalu i warto\u015b\u0107 no\u015bnika mineralnego.<\/p>\n<p style=\"text-align: center;\"><img loading=\"lazy\" decoding=\"async\" class=\"aligncenter\" src=\"https:\/\/upload.wikimedia.org\/wikipedia\/commons\/a\/a2\/Cud_nad_Wis%C5%82%C4%85_-_najmniejszy_obraz_%C5%9Bwiata_44_x_22_mm._Autor_Anna_Januszewicz-Pitlok_2021._Akryl_wykonany_ig%C5%82%C4%85_na_kamieniu_zoisyt_z_rubinami.jpg\" alt=\"Sceny rodzajowe o tematyce wojennej\" width=\"300\" height=\"135\"><\/p>\n<p style=\"text-align: left;\"><em>Alegoria Bitwy Warszawskiej to symboliczne przedstawienie zwyci\u0119stwa <a id=\"a11y-url\" href=\" http:\/\/muzeumminiaturowejsztukiprofesjonalnejhenrykjandominiakwtychach.eu\/?p=76\"><span style=\"text-decoration: underline;\">Polski<\/span><\/a> nad bolszewikami w 1920 r., cz\u0119sto uto\u017csamiane z \u201e<a id=\"a11y-url\" href=\" https:\/\/muzeumminiaturowejsztukiprofesjonalnejhenrykjandominiak.eu\/wp\/mal93-cud-nad-wisla-najmniejszy-obraz-batalistyczny\/\"><span style=\"text-decoration: underline;\">Cudem nad Wis\u0142\u0105<\/span><\/a>\u201d. Oznacza ona ocalenie niepodleg\u0142o\u015bci, triumf dobra nad z\u0142em, a tak\u017ce jedno\u015b\u0107 narodu.<\/span><\/em><\/p>\n\n<h3 style=\"text-align: left;\">6. Rekordzi\u015bci: Obrazy typu \u201erekord Guinnessa\u201d, jak The Journey of Humanity Sachy Jafriego, mog\u0105 obejmowa\u0107 ponad 1&nbsp;500&nbsp;m<sup>2<\/sup> (ok. 17&nbsp;000 st\u00f3p kwadratowych)<\/h3>\n<p style=\"text-align: left;\">\u201eThe Journey of Humanity\u201d (Podr\u00f3\u017c Ludzko\u015bci) to najwi\u0119kszy obraz na \u015bwiecie, namalowany przez brytyjskiego artyst\u0119 Sach\u0119 Jafriego. Dzie\u0142o o powierzchni niespe\u0142na 1&nbsp;600&nbsp;m<sup>2<\/sup> (ok. 4 boiska do koszyk\u00f3wki) powsta\u0142o w Dubaju w 2020 roku w czasie pandemii, a w 2021 roku sprzedano je za 62 mln dolar\u00f3w, a doch\u00f3d przeznaczono na cele charytatywne dla dzieci.<\/p>\n\n<h4 style=\"text-align: left;\">Kluczowe informacje o obrazie:<\/h4>\n<ul>\n \t<li style=\"text-align: left;\">Cel projektu: Obraz jest cz\u0119\u015bci\u0105 inicjatywy \u201eHumanity Inspired\u201d, maj\u0105cej na celu zebranie 30 mln dolar\u00f3w na rzecz edukacji, opieki zdrowotnej i sanitarnych dla dzieci w najubo\u017cszych regionach \u015bwiata.<\/li>\n        <li style=\"text-align: left;\">Tworzenie: Sacha Jafri malowa\u0142 dzie\u0142o przez 7-8 miesi\u0119cy w sali balowej hotelu Atlantis, The Palm w Dubaju, pracuj\u0105c cz\u0119sto po 20 godzin dziennie.<\/li>\n        <li style=\"text-align: left;\">Wymiary i materia\u0142y: P\u0142\u00f3tno ma powierzchni\u0119 ponad 1&nbsp;579&nbsp;m<sup>2<\/sup> (niekt\u00f3re \u017ar\u00f3d\u0142a podaj\u0105 prawie 1&nbsp;596&nbsp;m<sup>2<\/sup>), co zosta\u0142o wpisane do Ksi\u0119gi Rekord\u00f3w Guinnessa. Do stworzenia tak ogromnego dzie\u0142a zu\u017cyto 6&nbsp;300 litr\u00f3w farby i 1&nbsp;065 p\u0119dzli.<\/li>\n        <li style=\"text-align: left;\">Styl i inspiracja: Obraz jest utrzymany w duchu abstrakcji i inspirowany rysunkami dzieci z ca\u0142ego \u015bwiata, kt\u00f3re nadsy\u0142a\u0142y swoje prace pokazuj\u0105ce do\u015bwiadczenie pandemii.<\/li>\n        <li style=\"text-align: left;\">Rekordowa sprzeda\u017c: Dzie\u0142o zosta\u0142o kupione za 62 miliony dolar\u00f3w przez Andre Abdoune&#8217;a, co czyni go jednym z najdro\u017cszych obraz\u00f3w \u017cyj\u0105cego artysty.<\/li>\n<\/ul>\n<p style=\"text-align: left;\">Obraz zosta\u0142 podzielony na 70 sekcji w ramach, tworz\u0105c jedn\u0105 sp\u00f3jn\u0105 ca\u0142o\u015b\u0107, kt\u00f3ra pierwotnie mia\u0142a by\u0107 sprzedawana w cz\u0119\u015bciach, ale ostatecznie sprzedano j\u0105 jako ca\u0142o\u015b\u0107.<\/p>\n\n\n\n<p><\/p>\n","protected":false},"excerpt":{"rendered":"<p>Zestawienie zbior\u00f3w Muzeum Miniaturowej Sztuki Profesjonalnej Henryk Jan Dominiak w Tychach (powierzchnia 6,15&nbsp;m2) z kolekcj\u0105 paryskiego Luwru (ponad 72&nbsp;000&nbsp;m2 powierzchni wystawienniczej) to skrajne przeciwie\u0144stwo w zakresie skali, formatu i proporcji, wpisuj\u0105ce si\u0119 w dychotomi\u0119: mikro-skala vs. makro-skala. Analiza por\u00f3wnawcza proporcji dzie\u0142 sztuki mi\u0119dzy globalnym Muzeum Miniaturowej Sztuki Profesjonalnej Henryk Jan Dominiak w Tychach a le [&hellip;]<\/p>\n","protected":false},"author":1,"featured_media":0,"parent":0,"menu_order":13,"comment_status":"closed","ping_status":"closed","template":"","meta":{"footnotes":""},"class_list":["post-726","page","type-page","status-publish","hentry"],"_links":{"self":[{"href":"http:\/\/muzeumminiaturowejsztukiprofesjonalnejhenrykjandominiakwtychach.eu\/index.php?rest_route=\/wp\/v2\/pages\/726","targetHints":{"allow":["GET"]}}],"collection":[{"href":"http:\/\/muzeumminiaturowejsztukiprofesjonalnejhenrykjandominiakwtychach.eu\/index.php?rest_route=\/wp\/v2\/pages"}],"about":[{"href":"http:\/\/muzeumminiaturowejsztukiprofesjonalnejhenrykjandominiakwtychach.eu\/index.php?rest_route=\/wp\/v2\/types\/page"}],"author":[{"embeddable":true,"href":"http:\/\/muzeumminiaturowejsztukiprofesjonalnejhenrykjandominiakwtychach.eu\/index.php?rest_route=\/wp\/v2\/users\/1"}],"replies":[{"embeddable":true,"href":"http:\/\/muzeumminiaturowejsztukiprofesjonalnejhenrykjandominiakwtychach.eu\/index.php?rest_route=%2Fwp%2Fv2%2Fcomments&post=726"}],"version-history":[{"count":51,"href":"http:\/\/muzeumminiaturowejsztukiprofesjonalnejhenrykjandominiakwtychach.eu\/index.php?rest_route=\/wp\/v2\/pages\/726\/revisions"}],"predecessor-version":[{"id":1001,"href":"http:\/\/muzeumminiaturowejsztukiprofesjonalnejhenrykjandominiakwtychach.eu\/index.php?rest_route=\/wp\/v2\/pages\/726\/revisions\/1001"}],"wp:attachment":[{"href":"http:\/\/muzeumminiaturowejsztukiprofesjonalnejhenrykjandominiakwtychach.eu\/index.php?rest_route=%2Fwp%2Fv2%2Fmedia&parent=726"}],"curies":[{"name":"wp","href":"https:\/\/api.w.org\/{rel}","templated":true}]}}