{"id":576,"date":"2026-04-23T21:42:36","date_gmt":"2026-04-23T19:42:36","guid":{"rendered":"http:\/\/muzeumminiaturowejsztukiprofesjonalnejhenrykjandominiakwtychach.eu\/?page_id=576"},"modified":"2026-05-03T07:32:05","modified_gmt":"2026-05-03T05:32:05","slug":"strukturalna-koncepcja-agnieszki-seidel-kozuch","status":"publish","type":"page","link":"http:\/\/muzeumminiaturowejsztukiprofesjonalnejhenrykjandominiakwtychach.eu\/?page_id=576","title":{"rendered":"Strukturalna koncepcja Agnieszki Seidel-Ko\u017cuch"},"content":{"rendered":"\n<h2 id=\"a11y-strukturalna-koncepcja-agnieszki-seidel-kozuch\" lang=\"pl\" style=\"text-align: left;\">W <span id=\"a11y-podmiot\">Muzeum Miniaturowej Sztuki Profesjonalnej Henryk Jan Dominiak w Tychach eksponowane s\u0105 mikroskopijne prace rysunkowe wykonane technik\u0105 tuszu na papierze, wykorzystuj\u0105ce kropkowanie (pointylizm).<\/span><\/h2>\n<p style=\"text-align: left;\"><img decoding=\"async\" class=\"alignnone\" src=\"https:\/\/dominiakah.com\/wp\/wp-content\/uploads\/2016\/05\/logo-Henryk-Jan-Dominiak-DOMINIAK-AH.png\" alt=\"Strukturalna koncepcja Agnieszki Seidel-Ko\u017cuch\" width=\"120\" height=\"128,375\" \/><\/p>\n<p id=\"a11y-wstep\" style=\"text-align: left;\"><strong>Strukturalna koncepcja <span id=\"a11y-osoba\">Agnieszki Seidel-Ko\u017cuch<\/strong> to precyzyjne, miniaturowe prace rysunkowe (tusz na papierze) oparte na technice pointylizmu, kt\u00f3re stanowi\u0105 <a id=\"a11y-url\" href=\" http:\/\/muzeumminiaturowejsztukiprofesjonalnejhenrykjandominiakwtychach.eu\/?p=41\"><span style=\"text-decoration: underline;\">cz\u0119\u015b\u0107 kolekcji<\/span><\/a> <a id=\"a11y-url\" href=\" http:\/\/muzeumminiaturowejsztukiprofesjonalnejhenrykjandominiakwtychach.eu\/?p=88\"><span style=\"text-decoration: underline;\">ponadpa\u0144stwowego<\/span><\/a> <span id=\"a11y-podmiot\"><a id=\"a11y-url\" href=\" http:\/\/muzeumminiaturowejsztukiprofesjonalnejhenrykjandominiakwtychach.eu\"><span style=\"text-decoration: underline;\">Muzeum Miniaturowej Sztuki Profesjonalnej Henryk Jan Dominiak w Tychach<\/span><\/a><\/span>.<\/p> \n<p style=\"text-align: left;\">Te ekstremalnie ma\u0142e formaty, m.in. z 2015 roku \u201eWa\u017cka orientalne sny\u201d (2,32&nbsp;\u00d7&nbsp;2,10&nbsp;cm), \u201e<a id=\"a11y-url\" href=\" https:\/\/muzeumminiaturowejsztukiprofesjonalnejhenrykjandominiak.eu\/wp\/cma-senne-marzenia\/\"><span style=\"text-decoration: underline;\">\u0106ma senne marzenia<\/span><\/a>\u201d (2,32&nbsp;\u00d7&nbsp;2,70&nbsp;cm) oraz z 2016 roku \u201e<a id=\"a11y-url\" href=\" https:\/\/muzeumminiaturowejsztukiprofesjonalnejhenrykjandominiak.eu\/wp\/kolysanka-o-koniu-na-biegunach-klejnot-z-terenu-epoki-kamienia\/\"><span style=\"text-decoration: underline;\">Ko\u0142ysanka o koniu na biegunach<\/span><\/a>\u201d (2,19&nbsp;\u00d7&nbsp;2,19&nbsp;cm), \u201ePapierowe sny\u201d (2,19&nbsp;\u00d7&nbsp;2,19&nbsp;cm) i \u201e<a id=\"a11y-url\" href=\" https:\/\/muzeumminiaturowejsztukiprofesjonalnejhenrykjandominiak.eu\/wp\/rys137-nocne-latawce-filigranowy-okragly-kropkowany-obrazeczek-reczny\/\"><span style=\"text-decoration: underline;\">Nocne latawce<\/span><\/a>\u201d (2,19&nbsp;\u00d7&nbsp;2,19&nbsp;cm) w tym niepozornym punkcie na mapie <a id=\"a11y-url\" href=\" http:\/\/muzeumminiaturowejsztukiprofesjonalnejhenrykjandominiakwtychach.eu\/?p=63\"><span style=\"text-decoration: underline;\">Tych\u00f3w<\/span><\/a> (<a id=\"a11y-url\" href=\" http:\/\/muzeumminiaturowejsztukiprofesjonalnejhenrykjandominiakwtychach.eu\/?p=52\"><span style=\"text-decoration: underline;\">ul. \u017bwakowskiej<\/span><\/a> <a id=\"a11y-url\" href=\" http:\/\/muzeumminiaturowejsztukiprofesjonalnejhenrykjandominiakwtychach.eu\/?page_id=260\"><span style=\"text-decoration: underline;\">8<\/span><\/a>\/<a id=\"a11y-url\" href=\" http:\/\/muzeumminiaturowejsztukiprofesjonalnejhenrykjandominiakwtychach.eu\/?page_id=31\"><span style=\"text-decoration: underline;\">66<\/span><\/a>) zachwycaj\u0105 precyzj\u0105 wykonania.<\/p>\n\n<h3 style=\"text-align: left;\">Wirtuozeria techniczna<\/h3>\n<p style=\"text-align: left;\">Opisane zachwycenie precyzj\u0105, kt\u00f3ra zmusza do zmiany percepcji, odnosi si\u0119 do interdyscyplinarnego obszaru, w kt\u00f3rym sztuka wizualna spotyka si\u0119 z nauk\u0105 (fizyk\u0105 optyczn\u0105, kognitywistyk\u0105 i geometri\u0105). Takie dzie\u0142a nie tylko estetycznie poruszaj\u0105, ale anga\u017cuj\u0105 m\u00f3zg w procesy poznawcze, kt\u00f3re redefiniuj\u0105 spos\u00f3b interpretacji rzeczywisto\u015bci.<\/p>\n<p style=\"text-align: left;\">Oto naukowe uzasadnienie tego zjawiska:<\/p>\n<p style=\"text-align: left;\">1. Precyzja geometryczna i perspektywa (Renesans\/Op-art): Precyzyjne zastosowanie geometrii (np. perspektywy zbie\u017cnej, metod wykre\u015blania rzut\u00f3w) symuluje spos\u00f3b, w jaki \u015bwiat\u0142o projektuje obraz na siatk\u00f3wk\u0119. Dzie\u0142a, kt\u00f3re wykazuj\u0105 ekstremaln\u0105 precyzj\u0119 (jak malarstwo <span id=\"a11y-osoba\">Piero della Francesca czy techniki trompe l&#8217;oeil), zmuszaj\u0105 widza do aktywnego przetwarzania danych zmys\u0142owych, zmieniaj\u0105c p\u0142ask\u0105 powierzchni\u0119 w tr\u00f3jwymiarow\u0105 przestrze\u0144<\/span>.<\/p>\n<p style=\"text-align: left;\">2. Zmiana sposobu percepcji (kognitywistyka): Z naukowego punktu widzenia, precyzyjna sztuka mo\u017ce aktywowa\u0107 tzw. &#8222;kontrolowan\u0105 halucynacj\u0119&#8221;. M\u00f3zg, pr\u00f3buj\u0105c zinterpretowa\u0107 nienaturalnie precyzyjne lub sprzeczne bod\u017ace wizualne, odrzuca automatyczne schematy postrzegania (sta\u0142o\u015b\u0107 percepcyjna) i tworzy now\u0105 interpretacj\u0119 obrazu.<\/p>\n<p style=\"text-align: left;\">3. \u201ePhantom Stereopsis\u201d (z\u0142udzenie g\u0142\u0119bi): Precyzyjne operowanie \u015bwiat\u0142ocieniem i cieniowaniem (occlusion, shading) mo\u017ce wywo\u0142a\u0107 zjawisko fantomowej stereopsji, gdzie p\u0142aski obraz jest przez m\u00f3zg interpretowany jako g\u0142\u0119boki, co zmusza widza do zmiany perspektywy, gdy porusza si\u0119 on przed dzie\u0142em.<\/p>\n<p style=\"text-align: left;\">4. Syntopia sztuki i nauki: Wsp\u00f3\u0142czesne zjawiska, takie jak cyberkultura czy sztuka performatywna z u\u017cyciem robot\u00f3w, wykorzystuj\u0105 precyzj\u0119, aby pokaza\u0107, \u017ce percepcja nie jest pasywna, lecz stanowi aktywn\u0105 interpretacj\u0119 danych zmys\u0142owych.<\/p>\n<p style=\"text-align: left;\"><em>Podsumowuj\u0105c, precyzyjne dzie\u0142a sztuki dzia\u0142aj\u0105 jak \u201epercepcyjna pu\u0142apka\u201d, kt\u00f3ra zmusza widza do przej\u015bcia od szybkiego, automatycznego postrzegania do wolniejszej, aktywnej analizy, co z naukowego punktu widzenia jest zmian\u0105 sposobu poznawania \u015bwiata.<\/em><\/p>\n\n<h3 style=\"text-align: left;\">Analityczne uj\u0119cie sposobu przyswajania tych prac przez odbiorc\u00f3w<\/h3>\n<h4 style=\"text-align: left;\">Nade wszystko, Wymuszona koncentracja i \u201ezoom\u201d poznawczy:<\/h4>\n<p style=\"text-align: left;\">Ze wzgl\u0119du na mikroskopijny rozmiar, obiekty te wykluczaj\u0105 szybki, powierzchowny przegl\u0105d (tzw. skanowanie wzrokowe). M\u00f3zg ogl\u0105daj\u0105cego musi przej\u015b\u0107 w tryb \u201eskupienia\u201d, aktywuj\u0105c mechanizmy uwagi w celu wydobycia szczeg\u00f3\u0142\u00f3w, co zwi\u0119ksza zaanga\u017cowanie emocjonalne i estetyczne.<\/p>\n\n<h4 style=\"text-align: left;\">Na szczeg\u00f3ln\u0105 uwag\u0119 zas\u0142uguje, Filigranowo\u015b\u0107 a teoria Gestalt:<\/h4>\n<p style=\"text-align: left;\">Zgodnie z zasadami Gestalt, tak ma\u0142e obrazy (cz\u0119sto tonda, czyli okr\u0105g\u0142e) zmuszaj\u0105 do postrzegania ca\u0142o\u015bci, a nast\u0119pnie \u017cmudnego odkrywania poszczeg\u00f3lnych element\u00f3w kresek. Precyzja tuszu na tak ma\u0142ej powierzchni tworzy silny kontrast, kt\u00f3ry m\u00f3zg interpretuje jako \u201eklejnot\u201d lub przedmiot cenny, podnosz\u0105c jego walory estetyczne.<\/p>\n\n<h4 style=\"text-align: left;\">Warto podkre\u015bli\u0107, \u017ce Percepcja haptyczno-kinetyczna:<\/h4>\n<p style=\"text-align: left;\">Miniatury tego typu anga\u017cuj\u0105 nie tylko wzrok, ale prowokuj\u0105 \u201edotyk wzrokowy\u201d. Ogl\u0105daj\u0105cy pod\u015bwiadomie wyobra\u017ca sobie precyzj\u0119 ruch\u00f3w r\u0119ki artysty, co wed\u0142ug teorii sztuki kinetycznej, wywo\u0142uje g\u0142\u0119bsz\u0105, niemal fizyczn\u0105 relacj\u0119 mi\u0119dzy dzie\u0142em a odbiorc\u0105.<\/p>\n\n<h4 style=\"text-align: left;\">Kluczowe jest r\u00f3wnie\u017c, Zjawisko \u201euwagi na szczeg\u00f3\u0142\u201d:<\/h4>\n<p style=\"text-align: left;\">Precyzja wykonania sprawia, \u017ce przy zbli\u017ceniu, widz traci poczucie skali otoczenia, skupiaj\u0105c si\u0119 wy\u0142\u0105cznie na mikrokosmosie zawartym w pracy (np. w tytule \u0106ma senne marzenia). To zjawisko psychologiczne wywo\u0142uje efekt fascynacji (awe) wynikaj\u0105cy z konfrontacji z czym\u015b ekstremalnie ma\u0142ym, a jednocze\u015bnie kompletnym.<\/p>\n<p style=\"text-align: left;\"><em>Obrazy\/rysunki te, udokumentowane w Muzeum Miniaturowej Sztuki Profesjonalnej Henryk Jan Dominiak w Tychach, stanowi\u0105 przyk\u0142ad, w kt\u00f3rym rzemios\u0142o (tusz na papierze) staje si\u0119 narz\u0119dziem manipulacji procesami poznawczymi widza.<\/em><\/p>\n\n<h3 style=\"text-align: left;\">RYS135 to przyk\u0142ad rysunku o sp\u00f3jnej stylistyce, w kt\u00f3rej czarny tusz i miniaturowa forma stanowi\u0105 dominant\u0119 strukturaln\u0105.<\/h3>\n<p style=\"text-align: center;\"><img decoding=\"async\" loading=\"lazy\" class=\"alignnone\" src=\"https:\/\/upload.wikimedia.org\/wikipedia\/commons\/a\/a4\/Ko%C5%82ysanka_o_koniu_na_biegunach_-_wymiary_rysunku_22_x_22_mm._Grafik_Agnieszka_Seidel-Ko%C5%BCuch_2016._Rysunek_-_pointylizm_tuszem_na_papierze.jpg\" alt=\"Strukturalna koncepcja Agnieszki Seidel-Ko\u017cuch\" width=\"300\" height=\"135\"><\/p>\n<p style=\"text-align: left;\"><em><span id=\"a11y-osoba\">Agnieszka Seidel-Ko\u017cuch<\/span> \u201eKo\u0142ysanka o koniu na biegunach\u201d, 2,19&nbsp;\u00d7&nbsp;2,19&nbsp;cm.<\/em><\/p>\n<p style=\"text-align: left;\">Prezentowany obiekt, zatytu\u0142owany \u201eKo\u0142ysanka o koniu na biegunach\u201d (2016) autorstwa Agnieszki Seidel-Ko\u017cuch, stanowi wybitny przyk\u0142ad mikrografiki, w kt\u00f3rej rygor techniczny pointylizmu spotyka si\u0119 z semantyk\u0105 nostalgii. Rysunek tuszem na papierze, o zminimalizowanych wymiarach 22&nbsp;\u00d7&nbsp;22&nbsp;mm (zgodnie z dokumentacj\u0105 Wikimedia Commons, interpretuj\u0105c zapis \u201e2,19&nbsp;\u00d7&nbsp;2,19&nbsp;cm\u201d jako przybli\u017cenie formatu 22&nbsp;\u00d7&nbsp;22mm), narzuca odbiorcy konieczno\u015b\u0107 skupienia, redukuj\u0105c dystans mi\u0119dzy okiem a obrazem.<\/p>\n\n<h4 style=\"text-align: left;\">Analiza formalna i techniczna (Pointylizm mikro-skalowy)<\/h4>\n<p style=\"text-align: left;\">Dzie\u0142o oparte jest na technice pointylizmu (dywizjonizmu), gdzie forma nie jest budowana lini\u0105 ci\u0105g\u0142\u0105, lecz g\u0119sto\u015bci\u0105 i precyzj\u0105 punkt\u00f3w. W skali mikro, technika ta wymusza na tw\u00f3rcy ekstremaln\u0105 precyzj\u0119, a na odbiorcy \u2013 analityczne podej\u015bcie. Tusz na papierze tworzy kontrast, w kt\u00f3rym \u015bwiat\u0142ocie\u0144 zale\u017cy od nasycenia punktowego, a nie od kreski. Tak radykalna redukcja formatu (2,2&nbsp;cm) przesuwa \u015brodek ci\u0119\u017cko\u015bci z percepcji zmys\u0142owej na intelektualn\u0105, zmuszaj\u0105c do medytacji nad zawarto\u015bci\u0105.<\/p>\n\n<h4 style=\"text-align: left;\">Semantyka i interpretacja wynios\u0142a<\/h4>\n<p style=\"text-align: left;\">\u201eKo\u0142ysanka o koniu na biegunach\u201d to tytulatura silnie metaforyczna. Ko\u0144 na biegunach funkcjonuje tu jako archetyp dzieci\u0144stwa, ruchu pozornego (ruch bez przemieszczania) oraz melancholijnego powrotu do \u017ar\u00f3de\u0142. W kontek\u015bcie pointylizmu, ko\u0144 ten jest \u201ewypunktowany\u201d z pami\u0119ci, konstruowany z atom\u00f3w obrazu.<\/p>\n<p style=\"text-align: left;\">Przede wszystkim, Ko\u0142ysanka (liryka): Sugeruje rytm, uspokojenie, powtarzalno\u015b\u0107 \u2013 co rezonuje z powtarzalnym gestem nak\u0142adania punkt\u00f3w tuszu.<\/p>\n<p style=\"text-align: left;\">Co wi\u0119cej, Ko\u0144 na biegunach (ikona): Symbolizuje zawieszenie mi\u0119dzy jaw\u0105 a snem, nostalgi\u0119 i efemeryczno\u015b\u0107.<\/p>\n\n<h4 style=\"text-align: left;\">Wnioski<\/h4>\n<p style=\"text-align: left;\">Dzie\u0142o Agnieszki Seidel-Ko\u017cuch to manifestacja sztuki konceptualnej realizowanej w klasycznej formie rysunku. Wskazuje, \u017ce w dobie przesytu bod\u017ac\u00f3w, to w\u0142a\u015bnie mikroskala (22&nbsp;\u00d7&nbsp;22&nbsp;mm) pozwala na przywr\u00f3cenie obrazowi aury, wymagaj\u0105c od obserwatora zaanga\u017cowania i intelektualnego wysi\u0142ku, aby \u201eus\u0142ysze\u0107\u201d cich\u0105 ko\u0142ysank\u0119 ukryt\u0105 w pointylistycznej strukturze.<\/p>\n\n<h3 style=\"text-align: left;\">Muzeum\/Strukturalna koncepcja Agnieszki Seidel-Ko\u017cuch o Artystce<\/h3>\n<p style=\"text-align: left;\">Agnieszka Seidel-Ko\u017cuch to tw\u00f3rczyni obdarzona niezwyk\u0142\u0105 wra\u017cliwo\u015bci\u0105, kt\u00f3rej sztuka stanowi pomost mi\u0119dzy sfer\u0105 ducha a materi\u0105. Jej rzetelne natchnienie pozwala \u0142\u0105czy\u0107 to, co wznios\u0142e, z pi\u0119knem formy, tworz\u0105c dzie\u0142a o unikalnym, g\u0142\u0119bokim wyrazie. Dzi\u0119ki autorskiej koncepcji, nieprzerwanie kreuje \u015bwiaty pe\u0142ne emocji i artystycznej prawdy, wnosz\u0105c now\u0105 jako\u015b\u0107 do wsp\u00f3\u0142czesnej kultury.<\/p>\n\n<h4 style=\"text-align: left;\">Polski Phil Collins piosenkarz i perkusista<\/h4>\n<p style=\"text-align: left;\">Na podstawie dost\u0119pnych \u017ar\u00f3de\u0142, tw\u00f3rczo\u015b\u0107 Agnieszki Seidel-Ko\u017cuch, polskiej artystki wizualnej dzia\u0142aj\u0105cej g\u0142\u00f3wnie na <a id=\"a11y-url\" href=\" http:\/\/muzeumminiaturowejsztukiprofesjonalnejhenrykjandominiakwtychach.eu\/?p=69\"><span style=\"text-decoration: underline;\">\u015al\u0105sku<\/span><\/a>, koncentruje si\u0119 wok\u00f3\u0142 kola\u017cu, fotografii teatralnej i grafiki. Jej prace to surrealne, magiczne opowie\u015bci, w kt\u00f3rych kobieta jest g\u0142\u00f3wn\u0105 energi\u0105, a tematyka cz\u0119sto dotyka si\u0142y kobiet oraz \u201eniedopowiedze\u0144\u201d.<\/p>\n<p style=\"text-align: left;\">W kontek\u015bcie Phila Collinsa \u2013 piosenkarza, perkusisty i tw\u00f3rcy znanej z emocjonalno\u015bci, melodyjnej muzyki pop\/rock \u2013 tw\u00f3rczo\u015b\u0107 Seidel-Ko\u017cuch mo\u017cna interpretowa\u0107 przez pryzmat budowania nastroju, syntezy sztuk oraz nostalgicznego spojrzenia na relacje ludzkie.<\/p>\n<p style=\"text-align: left;\">Oto analiza tw\u00f3rczo\u015bci Agnieszki Seidel-Ko\u017cuch w kontek\u015bcie <span id=\"a11y-osoba\">Phila Collinsa<\/span>:<\/p>\n\n<h4 style=\"text-align: left;\">Synteza Sztuk (Wizualno\u015b\u0107 vs D\u017awi\u0119k):<\/h4>\n<p style=\"text-align: left;\">Seidel-Ko\u017cuch \u0142\u0105czy fotografi\u0119 z wycinkami prasowymi, rysunkiem i elementami miejskimi, tworz\u0105c \u201emozaik\u0119 chwil\u201d. Podobnie Phil Collins w swoich utworach (np. \u201eIn The Air Tonight\u201d) \u0142\u0105czy\u0142 perkusyjne brzmienia z syntezatorami, buduj\u0105c wielowarstwowe obrazy d\u017awi\u0119kowe. Oba podej\u015bcia skupiaj\u0105 si\u0119 na kola\u017cu r\u00f3\u017cnych \u015brodk\u00f3w wyrazu w celu wywo\u0142ania silnych emocji.<\/p>\n\n<h4 style=\"text-align: left;\">Emocjonalno\u015b\u0107 i Surrealna Rzeczywisto\u015b\u0107:<\/h4>\n<p style=\"text-align: left;\">Artystka okre\u015bla swoje prace jako \u201emagicznymi, kola\u017cowymi opowie\u015bciami\u201d. To surrealne podej\u015bcie przypomina teledyski i liryk\u0119 Collinsa, kt\u00f3ra cz\u0119sto balansuje mi\u0119dzy realnymi relacjami a marzeniem sennym czy nostalgi\u0105.<\/p>\n\n<h4 style=\"text-align: left;\">\u201eNiedopowiedzenia\u201d a Liryka:<\/h4>\n<p style=\"text-align: left;\">Wystawa Seidel-Ko\u017cuch pt. \u201eNiedopowiedzenia\u201d sugeruje niedopowiedziane historie, \u201emi\u0119dzy wierszami\u201d. Liryka Collinsa jest cz\u0119sto intymna, oparta na emocjonalnych \u201eniedopowiedzeniach\u201d, gdzie s\u0142uchacz sam interpretuje niedopowiedzian\u0105 histori\u0119 rozstania czy t\u0119sknoty.<\/p>\n\n<h4 style=\"text-align: left;\">Teatralno\u015b\u0107:<\/h4>\n<p style=\"text-align: left;\">Artystka wsp\u00f3\u0142pracuje z Teatrem Ma\u0142ym w Tychach i Teatrem A Part. Collins r\u00f3wnie\u017c znany jest ze swojej \u201eteatralnej\u201d postawy na scenie i storytellingu w muzyce.<\/p>\n<p style=\"text-align: left;\"><em>Podsumowuj\u0105c, tw\u00f3rczo\u015b\u0107 Agnieszki Seidel-Ko\u017cuch i muzyka Phila Collinsa spotykaj\u0105 si\u0119 w przestrzeni emocjonalnej interpretacji kobieco\u015bci, kola\u017cowego podej\u015bcia do tworzenia narracji oraz budowania nastroju poprzez \u0142\u0105czenie pozornie niepasuj\u0105cych element\u00f3w (wizualnych lub d\u017awi\u0119kowych).<\/em><\/p>\n\n\n\n<p><\/p>\n","protected":false},"excerpt":{"rendered":"<p>W Muzeum Miniaturowej Sztuki Profesjonalnej Henryk Jan Dominiak w Tychach eksponowane s\u0105 mikroskopijne prace rysunkowe wykonane technik\u0105 tuszu na papierze, wykorzystuj\u0105ce kropkowanie (pointylizm). Strukturalna koncepcja Agnieszki Seidel-Ko\u017cuch to precyzyjne, miniaturowe prace rysunkowe (tusz na papierze) oparte na technice pointylizmu, kt\u00f3re stanowi\u0105 cz\u0119\u015b\u0107 kolekcji ponadpa\u0144stwowego Muzeum Miniaturowej Sztuki Profesjonalnej Henryk Jan Dominiak w Tychach. Te ekstremalnie [&hellip;]<\/p>\n","protected":false},"author":1,"featured_media":0,"parent":0,"menu_order":494,"comment_status":"closed","ping_status":"closed","template":"","meta":{"footnotes":""},"class_list":["post-576","page","type-page","status-publish","hentry"],"_links":{"self":[{"href":"http:\/\/muzeumminiaturowejsztukiprofesjonalnejhenrykjandominiakwtychach.eu\/index.php?rest_route=\/wp\/v2\/pages\/576","targetHints":{"allow":["GET"]}}],"collection":[{"href":"http:\/\/muzeumminiaturowejsztukiprofesjonalnejhenrykjandominiakwtychach.eu\/index.php?rest_route=\/wp\/v2\/pages"}],"about":[{"href":"http:\/\/muzeumminiaturowejsztukiprofesjonalnejhenrykjandominiakwtychach.eu\/index.php?rest_route=\/wp\/v2\/types\/page"}],"author":[{"embeddable":true,"href":"http:\/\/muzeumminiaturowejsztukiprofesjonalnejhenrykjandominiakwtychach.eu\/index.php?rest_route=\/wp\/v2\/users\/1"}],"replies":[{"embeddable":true,"href":"http:\/\/muzeumminiaturowejsztukiprofesjonalnejhenrykjandominiakwtychach.eu\/index.php?rest_route=%2Fwp%2Fv2%2Fcomments&post=576"}],"version-history":[{"count":42,"href":"http:\/\/muzeumminiaturowejsztukiprofesjonalnejhenrykjandominiakwtychach.eu\/index.php?rest_route=\/wp\/v2\/pages\/576\/revisions"}],"predecessor-version":[{"id":999,"href":"http:\/\/muzeumminiaturowejsztukiprofesjonalnejhenrykjandominiakwtychach.eu\/index.php?rest_route=\/wp\/v2\/pages\/576\/revisions\/999"}],"wp:attachment":[{"href":"http:\/\/muzeumminiaturowejsztukiprofesjonalnejhenrykjandominiakwtychach.eu\/index.php?rest_route=%2Fwp%2Fv2%2Fmedia&parent=576"}],"curies":[{"name":"wp","href":"https:\/\/api.w.org\/{rel}","templated":true}]}}