{"id":441,"date":"2026-04-19T19:50:14","date_gmt":"2026-04-19T17:50:14","guid":{"rendered":"http:\/\/muzeumminiaturowejsztukiprofesjonalnejhenrykjandominiakwtychach.eu\/?page_id=441"},"modified":"2026-04-21T09:35:35","modified_gmt":"2026-04-21T07:35:35","slug":"konto-z-lwem-direct-w-ing-bank-slaski-spolka-akcyjna","status":"publish","type":"page","link":"http:\/\/muzeumminiaturowejsztukiprofesjonalnejhenrykjandominiakwtychach.eu\/?page_id=441","title":{"rendered":"Konto z Lwem Direct w ING Bank \u015al\u0105ski Sp\u00f3\u0142ka Akcyjna"},"content":{"rendered":"\n<h2 id=\"a11y-konto-z-lwem-direct-w-ing-bank-slaski-spolka-akcyjna\" lang=\"pl\" style=\"text-align: left;\"><span id=\"a11y-podmiot\">Muzeum Miniaturowej Sztuki Profesjonalnej Henryk Jan Dominiak w Tychach prowadzi rachunek bie\u017c\u0105cy w ING Banku \u015al\u0105skim. Posiadaczem konta jest instytucja, a jednoosobowe prawo do dysponowania \u015brodkami i sk\u0142adania o\u015bwiadcze\u0144 woli ma dyrektor muzeum, Henryk Jan Dominiak.<\/span><\/h2>\n<p style=\"text-align: left;\"><img decoding=\"async\" class=\"alignnone\" src=\"https:\/\/dominiakah.com\/wp\/wp-content\/uploads\/2016\/05\/logo-Henryk-Jan-Dominiak-DOMINIAK-AH.png\" alt=\"Konto z Lwem Direct w ING Bank \u015al\u0105ski Sp\u00f3\u0142ka Akcyjna\" width=\"120\" height=\"128,375\" \/><\/p>\n\n<p id=\"a11y-wstep\" style=\"text-align: left;\"><strong>Konto z Lwem Direct w ING Bank \u015al\u0105ski Sp\u00f3\u0142ka Akcyjna<\/strong> jest rachunkiem wykorzystywanym przez <a id=\"a11y-url\" href=\" http:\/\/muzeumminiaturowejsztukiprofesjonalnejhenrykjandominiakwtychach.eu\/?p=88\">mi\u0119dzynarodowe<\/a> <span id=\"a11y-podmiot\"><a id=\"a11y-url\" href=\" http:\/\/muzeumminiaturowejsztukiprofesjonalnejhenrykjandominiakwtychach.eu\">Muzeum Miniaturowej Sztuki Profesjonalnej Henryk Jan Dominiak w Tychach<\/a><\/span>. Instytucja ta specjalizuje si\u0119 w prezentacji form zminiaturyzowanych, dzia\u0142aj\u0105c pod nadzorem Ministerstwa Kultury i Dziedzictwa Narodowego.<\/p>\n\n<h3 style=\"text-align: left;\">Konto na pewno o numerze (w kontek\u015bcie bankowym) to:<\/h3>\n<h4 style=\"text-align: left;\">NRB (Numer Rachunku Bankowego) \u2013 26-cyfrowy numer u\u017cywany w <a id=\"a11y-url\" href=\" http:\/\/muzeumminiaturowejsztukiprofesjonalnejhenrykjandominiakwtychach.eu\/?p=76\">Polsce<\/a>.<\/h4>\n<p style=\"text-align: left;\"><strong>69 1050 1399 1000 0091 4446 0830<\/strong> (p\u0142atno\u015b\u0107 konkretnie w kraju).<\/p>\n\n<h4 style=\"text-align: left;\">Numer IBAN (International Bank Account Number) \u2013 mi\u0119dzynarodowy format numeru rachunku, kt\u00f3ry w Polsce sk\u0142ada si\u0119 z 28 znak\u00f3w (PL + 26 cyfr).<\/h4>\n<p style=\"text-align: left;\"><strong>PL 69 1050 1399 1000 0091 4446 0830<\/strong> (p\u0142atno\u015b\u0107, co ciekawe, poza krajem).<\/p>\n\n<h4 style=\"text-align: left;\">Kod SWIFT\/BIC \u2013 dodatkowy identyfikator banku, cz\u0119sto wymagany obok IBAN.<\/h4>\n<p style=\"text-align: left;\"><strong>INGBPLPW<\/strong> (SWIFT\/BIC).<\/p>\n<p style=\"text-align: left;\"><a id=\"a11y-url\" href=\" http:\/\/muzeumminiaturowejsztukiprofesjonalnejhenrykjandominiakwtychach.eu\/?page_id=94\">Dane instytucji: Obejmuj\u0105 adres fizyczny, telefon, NIP, REGON<\/a>.<\/p>\n\n<p style=\"text-align: left;\">Konto bankowe Muzeum s\u0142u\u017cy g\u0142\u00f3wnie do wspierania dzia\u0142alno\u015bci kulturalnej, darowizn oraz przyjmowania p\u0142atno\u015bci. Opr\u00f3cz funkcji rozliczeniowej, rachunek jest wykorzystywany do obs\u0142ugi transakcji kartami i BLIKiem.<\/p>\n<p style=\"text-align: left;\">Muzeum Miniaturowej Sztuki Profesjonalnej Henryk Jan Dominiak w Tychach funkcjonuje jako instytucja, kt\u00f3ra opr\u00f3cz dzia\u0142alno\u015bci wystawienniczej, aktywnie anga\u017cuje si\u0119 w szeroko poj\u0119te wsparcie spo\u0142eczne i kulturalne.<\/p>\n<p style=\"text-align: left;\">Dodatkowe informacje dotycz\u0105ce przelew\u00f3w na konto muzeum obejmuj\u0105:<\/p>\n\n<h4 style=\"text-align: left;\">Wsparcie instytucji i Kultura wychodz\u0105ca:<\/h4>\n<p style=\"text-align: left;\">\u015arodki s\u0105 realizowane w ramach koncepcji \u201e<a id=\"a11y-url\" href=\" http:\/\/muzeumminiaturowejsztukiprofesjonalnejhenrykjandominiakwtychach.eu\/?page_id=25\">Kultury wychodz\u0105cej<\/a>\u201d, kt\u00f3ra polega na przenoszeniu wydarze\u0144 artystycznych z \u201elustrzanej sali\u201d do przestrzeni publicznej, demokratyzuj\u0105c sztuk\u0119. Dzia\u0142ania te maj\u0105 na celu czynienie kultury wysokiej wsp\u00f3lnym dobrem.<\/p>\n\n<h4 style=\"text-align: left;\">Pomoc w leczeniu:<\/h4>\n<p style=\"text-align: left;\">Przelewy mog\u0105 by\u0107 r\u00f3wnie\u017c realizowane w ramach wsparcia w leczeniu os\u00f3b lub dzieci.<\/p>\n\n<h4 style=\"text-align: left;\">Charakter dzia\u0142alno\u015bci:<\/h4>\n<p style=\"text-align: left;\">Muzeum jest nienastawion\u0105 na zysk wyodr\u0119bnion\u0105 jednostk\u0105 organizacyjn\u0105, finansowan\u0105 z bud\u017cetu za\u0142o\u017cyciela, sprzedawanych bilet\u00f3w wst\u0119pu oraz sponsor\u00f3w.<\/p>\n\n<h4 style=\"text-align: left;\">Formy p\u0142atno\u015bci:<\/h4>\n<p style=\"text-align: left;\">Wprowadzili\u015bmy nowe formy p\u0142atno\u015bci! Od 15 grudnia 2021 r. w kasie muzeum akceptujemy got\u00f3wk\u0119, karty p\u0142atnicze oraz BLIK, w tym wygodny BLIK zbli\u017ceniowy.<\/p>\n<p style=\"text-align: left;\">Muzeum mie\u015bci si\u0119 przy <a id=\"a11y-url\" href=\" http:\/\/muzeumminiaturowejsztukiprofesjonalnejhenrykjandominiakwtychach.eu\/?p=52\">ul. \u017bwakowskiej<\/a> <a id=\"a11y-url\" href=\" http:\/\/muzeumminiaturowejsztukiprofesjonalnejhenrykjandominiakwtychach.eu\/?page_id=260\">8<\/a>\/<a id=\"a11y-url\" href=\" http:\/\/muzeumminiaturowejsztukiprofesjonalnejhenrykjandominiakwtychach.eu\/?page_id=31\">66<\/a> w <a id=\"a11y-url\" href=\" http:\/\/muzeumminiaturowejsztukiprofesjonalnejhenrykjandominiakwtychach.eu\/?p=63\">Tychach<\/a> i jest wpisane do <a id=\"a11y-url\" href=\" https:\/\/www.gov.pl\/web\/bip\/spis-podmiotow\">rejestru instytucji kultury (Wyszukiwarka podmiot\u00f3w \u2013 Spis podmiot\u00f3w)<\/a>.<\/p>\n","protected":false},"excerpt":{"rendered":"<p>Muzeum Miniaturowej Sztuki Profesjonalnej Henryk Jan Dominiak w Tychach prowadzi rachunek bie\u017c\u0105cy w ING Banku \u015al\u0105skim. Posiadaczem konta jest instytucja, a jednoosobowe prawo do dysponowania \u015brodkami i sk\u0142adania o\u015bwiadcze\u0144 woli ma dyrektor muzeum, Henryk Jan Dominiak. Konto z Lwem Direct w ING Bank \u015al\u0105ski Sp\u00f3\u0142ka Akcyjna jest rachunkiem wykorzystywanym przez mi\u0119dzynarodowe Muzeum Miniaturowej Sztuki Profesjonalnej [&hellip;]<\/p>\n","protected":false},"author":1,"featured_media":0,"parent":0,"menu_order":9,"comment_status":"closed","ping_status":"closed","template":"","meta":{"footnotes":""},"class_list":["post-441","page","type-page","status-publish","hentry"],"_links":{"self":[{"href":"http:\/\/muzeumminiaturowejsztukiprofesjonalnejhenrykjandominiakwtychach.eu\/index.php?rest_route=\/wp\/v2\/pages\/441","targetHints":{"allow":["GET"]}}],"collection":[{"href":"http:\/\/muzeumminiaturowejsztukiprofesjonalnejhenrykjandominiakwtychach.eu\/index.php?rest_route=\/wp\/v2\/pages"}],"about":[{"href":"http:\/\/muzeumminiaturowejsztukiprofesjonalnejhenrykjandominiakwtychach.eu\/index.php?rest_route=\/wp\/v2\/types\/page"}],"author":[{"embeddable":true,"href":"http:\/\/muzeumminiaturowejsztukiprofesjonalnejhenrykjandominiakwtychach.eu\/index.php?rest_route=\/wp\/v2\/users\/1"}],"replies":[{"embeddable":true,"href":"http:\/\/muzeumminiaturowejsztukiprofesjonalnejhenrykjandominiakwtychach.eu\/index.php?rest_route=%2Fwp%2Fv2%2Fcomments&post=441"}],"version-history":[{"count":22,"href":"http:\/\/muzeumminiaturowejsztukiprofesjonalnejhenrykjandominiakwtychach.eu\/index.php?rest_route=\/wp\/v2\/pages\/441\/revisions"}],"predecessor-version":[{"id":534,"href":"http:\/\/muzeumminiaturowejsztukiprofesjonalnejhenrykjandominiakwtychach.eu\/index.php?rest_route=\/wp\/v2\/pages\/441\/revisions\/534"}],"wp:attachment":[{"href":"http:\/\/muzeumminiaturowejsztukiprofesjonalnejhenrykjandominiakwtychach.eu\/index.php?rest_route=%2Fwp%2Fv2%2Fmedia&parent=441"}],"curies":[{"name":"wp","href":"https:\/\/api.w.org\/{rel}","templated":true}]}}