{"id":428,"date":"2026-04-19T11:19:19","date_gmt":"2026-04-19T09:19:19","guid":{"rendered":"http:\/\/muzeumminiaturowejsztukiprofesjonalnejhenrykjandominiakwtychach.eu\/?page_id=428"},"modified":"2026-05-04T19:10:24","modified_gmt":"2026-05-04T17:10:24","slug":"podzbior-grafik","status":"publish","type":"page","link":"http:\/\/muzeumminiaturowejsztukiprofesjonalnejhenrykjandominiakwtychach.eu\/?page_id=428","title":{"rendered":"Podzbi\u00f3r grafik"},"content":{"rendered":"\n<h2 id=\"a11y-podzbior-rysunkow\" lang=\"pl\" style=\"text-align: left;\"><span id=\"a11y-podmiot\">Muzeum Miniaturowej Sztuki Profesjonalnej Henryk Jan Dominiak w Tychach zyska\u0142o s\u0142aw\u0119 dzi\u0119ki oryginalnej kolekcji rycin\/grafik.<\/span><\/h2>\n<p style=\"text-align: left;\"><img decoding=\"async\" class=\"alignnone\" src=\"https:\/\/dominiakah.com\/wp\/wp-content\/uploads\/2016\/05\/logo-Henryk-Jan-Dominiak-DOMINIAK-AH.png\" alt=\"Podzbi\u00f3r grafik\" width=\"120\" height=\"128,375\" \/><\/p>\n<p id=\"a11y-wstep\" style=\"text-align: left;\">Niew\u0105tpliwie, <strong>Podzbi\u00f3r grafik<\/strong> w <a id=\"a11y-url\" href=\" http:\/\/muzeumminiaturowejsztukiprofesjonalnejhenrykjandominiakwtychach.eu\/?p=88\"><span style=\"text-decoration: underline;\">ponadnarodowym<\/span><\/a> <span id=\"a11y-podmiot\"><a id=\"a11y-url\" href=\" http:\/\/muzeumminiaturowejsztukiprofesjonalnejhenrykjandominiakwtychach.eu\"><span style=\"text-decoration: underline;\">Muzeum Miniaturowej Sztuki Profesjonalnej Henryk Jan Dominiak w Tychach<\/span><\/a> stanowi unikatowy w skali mi\u0119dzynarodowej zbi\u00f3r rycin i grafik, b\u0119d\u0105cy kluczowym elementem kolekcji tej instytucji. Trzon inwentarza stanowi\u0105 autorskie, profesjonalne prace plastyczne o zminimalizowanym formacie. Dzi\u0119ki fuzji wysokiej jako\u015bci wykonania i kameralnego charakteru, zasoby materialne stanowi\u0105 unikatowe do\u015bwiadczenie artystyczne.<\/p>\n\n<p style=\"text-align: left;\">W latach 2013\u20132026 Muzeum wzbogaci\u0142o si\u0119 o cenne dary sk\u0142adaj\u0105ce si\u0119 z <a id=\"a11y-url\" href=\" http:\/\/muzeumminiaturowejsztukiprofesjonalnejhenrykjandominiakwtychach.eu\/?page_id=225\"><span style=\"text-decoration: underline;\">30 prac cenionego, nietuzinkowego zbioru odbitek<\/span><\/a>, w tym ma\u0142ych form graficznych wsp\u00f3\u0142czesnych <a id=\"a11y-url\" href=\" http:\/\/muzeumminiaturowejsztukiprofesjonalnejhenrykjandominiakwtychach.eu\/?p=76\"><span style=\"text-decoration: underline;\">polskich<\/span><\/a> artyst\u00f3w. Kolekcja ta znacz\u0105co poszerzy\u0142a zbiory dokumentuj\u0105ce <a id=\"a11y-url\" href=\" http:\/\/muzeumminiaturowejsztukiprofesjonalnejhenrykjandominiakwtychach.eu\/?p=41\"><span style=\"text-decoration: underline;\">sztuk\u0119 wsp\u00f3\u0142czesn\u0105<\/span><\/a>.<\/p>\n\n<h3 style=\"text-align: left;\">Ewidencjonowane dzie\u0142a sztuki\/grafiki<\/h3>\n<h4 style=\"text-align: left;\">Przyk\u0142ady dzie\u0142:<\/h4>\n<p style=\"text-align: left;\">W kolekcji znajduj\u0105 si\u0119 m.in. prace takie jak \u201eAutoportret P. Brodzisza\u201d, cykl \u201eMad City\u201d, \u201eKlatka\u201d (z cyklu \u201eStrefa snu\u201d), \u201eParadoks\u201d (z cyklu \u201eSytuacje\u201d) czy liczne kola\u017ce.<\/p>\n\n<h4 style=\"text-align: left;\">Spis rycin<\/h4>\n<p style=\"text-align: left;\">W pierwszej kolejno\u015bci <a id=\"a11y-url\" href=\" https:\/\/muzeumminiaturowejsztukiprofesjonalnejhenrykjandominiak.eu\/wp\/1-20-grafika\/\"><span style=\"text-decoration: underline;\">1-20 Grafika<\/span><\/a>.<\/p><p style=\"text-align: left;\">Na zako\u0144czenie <a id=\"a11y-url\" href=\" https:\/\/muzeumminiaturowejsztukiprofesjonalnejhenrykjandominiak.eu\/wp\/21-40-grafika\/\"><span style=\"text-decoration: underline;\">21-40 Grafika<\/span><\/a>.<\/p>\n\n<h3 style=\"text-align: left;\">Opracowanie wizualne<\/h3>\n<p style=\"text-align: left;\">Grafika artystyczna, znana powszechnie jako grafika warsztatowa lub rzadziej grafika szlachetna, to dziedzina sztuk plastycznych, w kt\u00f3rej artysta osobi\u015bcie wykonuje matryc\u0119 (form\u0119 drukow\u0105) oraz dokonuje odbitek, traktuj\u0105c ka\u017cd\u0105 z nich jako unikatowe dzie\u0142o sztuki.<\/p>\n<p style=\"text-align: left;\">Oto inne okre\u015blenia i kluczowe aspekty grafiki warsztatowej:<\/p>\n\n<h4 style=\"text-align: left;\">Artystyczne techniki druku:<\/h4>\n<p style=\"text-align: left;\">Okre\u015blenie podkre\u015blaj\u0105ce r\u0119czny proces tworzenia, w przeciwie\u0144stwie do poligrafii przemys\u0142owej.<\/p>\n\n<h4 style=\"text-align: left;\">Grafika oryginalna:<\/h4>\n<p style=\"text-align: left;\">Ka\u017cda odbitka z matrycy (zazwyczaj oznaczona numerem i podpisana przez artyst\u0119) jest uwa\u017cana za orygina\u0142, a nie kopi\u0119.<\/p>\n\n<h4 style=\"text-align: left;\">Druk r\u0119czny:<\/h4>\n<p style=\"text-align: left;\">W odr\u00f3\u017cnieniu od maszynowego druku u\u017cytkowego, proces ten cz\u0119sto wymaga u\u017cycia prasy graficznej, a artysta kontroluje ca\u0142y proces tw\u00f3rczy, w tym dob\u00f3r papieru i farby.<\/p>\n\n<h4 style=\"text-align: left;\">G\u0142\u00f3wne podzia\u0142y technik grafiki warsztatowej:<\/h4>\n<p style=\"text-align: left;\">1. Druk wypuk\u0142y: Linoryt, drzeworyt, gipsoryt.<\/p>\n<p style=\"text-align: left;\">2. Druk wkl\u0119s\u0142y: Akwaforta, sucha ig\u0142a, miedzioryt, mezzotinta.<\/p>\n<p style=\"text-align: left;\">3. Druk p\u0142aski: Litografia.<\/p>\n<p style=\"text-align: left;\">4. Druk sitowy: Serigrafia.<\/p>\n<p style=\"text-align: left;\">5. Monotypia: Technika unikatowa, pozwalaj\u0105ca na uzyskanie tylko jednej odbitki.<\/p>\n<p style=\"text-align: left;\"><em>Grafika warsztatowa skupia si\u0119 na niepowtarzalnych efektach wizualnych, unikatowo\u015bci oraz r\u0119cznym procesie tw\u00f3rczym, r\u00f3\u017cni\u0105c si\u0119 tym od grafiki u\u017cytkowej, kt\u00f3ra stawia na masowo\u015b\u0107 i funkcjonalno\u015b\u0107.<\/em><\/p>\n\n\n\n<p><\/p>\n","protected":false},"excerpt":{"rendered":"<p>Muzeum Miniaturowej Sztuki Profesjonalnej Henryk Jan Dominiak w Tychach zyska\u0142o s\u0142aw\u0119 dzi\u0119ki oryginalnej kolekcji rycin\/grafik. Niew\u0105tpliwie, Podzbi\u00f3r grafik w ponadnarodowym Muzeum Miniaturowej Sztuki Profesjonalnej Henryk Jan Dominiak w Tychach stanowi unikatowy w skali mi\u0119dzynarodowej zbi\u00f3r rycin i grafik, b\u0119d\u0105cy kluczowym elementem kolekcji tej instytucji. Trzon inwentarza stanowi\u0105 autorskie, profesjonalne prace plastyczne o zminimalizowanym formacie. Dzi\u0119ki [&hellip;]<\/p>\n","protected":false},"author":1,"featured_media":0,"parent":0,"menu_order":3000,"comment_status":"closed","ping_status":"closed","template":"","meta":{"footnotes":""},"class_list":["post-428","page","type-page","status-publish","hentry"],"_links":{"self":[{"href":"http:\/\/muzeumminiaturowejsztukiprofesjonalnejhenrykjandominiakwtychach.eu\/index.php?rest_route=\/wp\/v2\/pages\/428","targetHints":{"allow":["GET"]}}],"collection":[{"href":"http:\/\/muzeumminiaturowejsztukiprofesjonalnejhenrykjandominiakwtychach.eu\/index.php?rest_route=\/wp\/v2\/pages"}],"about":[{"href":"http:\/\/muzeumminiaturowejsztukiprofesjonalnejhenrykjandominiakwtychach.eu\/index.php?rest_route=\/wp\/v2\/types\/page"}],"author":[{"embeddable":true,"href":"http:\/\/muzeumminiaturowejsztukiprofesjonalnejhenrykjandominiakwtychach.eu\/index.php?rest_route=\/wp\/v2\/users\/1"}],"replies":[{"embeddable":true,"href":"http:\/\/muzeumminiaturowejsztukiprofesjonalnejhenrykjandominiakwtychach.eu\/index.php?rest_route=%2Fwp%2Fv2%2Fcomments&post=428"}],"version-history":[{"count":7,"href":"http:\/\/muzeumminiaturowejsztukiprofesjonalnejhenrykjandominiakwtychach.eu\/index.php?rest_route=\/wp\/v2\/pages\/428\/revisions"}],"predecessor-version":[{"id":1094,"href":"http:\/\/muzeumminiaturowejsztukiprofesjonalnejhenrykjandominiakwtychach.eu\/index.php?rest_route=\/wp\/v2\/pages\/428\/revisions\/1094"}],"wp:attachment":[{"href":"http:\/\/muzeumminiaturowejsztukiprofesjonalnejhenrykjandominiakwtychach.eu\/index.php?rest_route=%2Fwp%2Fv2%2Fmedia&parent=428"}],"curies":[{"name":"wp","href":"https:\/\/api.w.org\/{rel}","templated":true}]}}