{"id":260,"date":"2026-04-15T20:43:10","date_gmt":"2026-04-15T18:43:10","guid":{"rendered":"http:\/\/muzeumminiaturowejsztukiprofesjonalnejhenrykjandominiakwtychach.eu\/?page_id=260"},"modified":"2026-04-16T11:01:47","modified_gmt":"2026-04-16T09:01:47","slug":"cyfra-8","status":"publish","type":"page","link":"http:\/\/muzeumminiaturowejsztukiprofesjonalnejhenrykjandominiakwtychach.eu\/?page_id=260","title":{"rendered":"Cyfra 8"},"content":{"rendered":"\n<h2 id=\"a11y-cyfra-8\" lang=\"pl\" style=\"text-align: left;\"><span id=\"a11y-podmiot\">Muzeum Miniaturowej Sztuki Profesjonalnej Henryk Jan Dominiak w Tychach znajduje si\u0119 pod konkretnym adresem: ulica \u017bwakowska 8, mieszkanie 66 (blok mieszkalny).<\/span><\/h2>\n<p style=\"text-align: left;\"><img decoding=\"async\" class=\"alignnone\" src=\"https:\/\/dominiakah.com\/wp\/wp-content\/uploads\/2016\/05\/logo-Henryk-Jan-Dominiak-DOMINIAK-AH.png\" alt=\"Cyfra 8\" width=\"120\" height=\"128,375\" \/><\/p>\n<p id=\"a11y-wstep\" style=\"text-align: left;\"><strong>Cyfra 8<\/strong> w kontek\u015bcie <a id=\"a11y-url\" href=\" http:\/\/muzeumminiaturowejsztukiprofesjonalnejhenrykjandominiakwtychach.eu\/?p=76\"><span style=\"text-decoration: underline;\">polskiego<\/span><\/a> <span id=\"a11y-podmiot\"><a id=\"a11y-url\" href=\" http:\/\/muzeumminiaturowejsztukiprofesjonalnejhenrykjandominiakwtychach.eu\"><span style=\"text-decoration: underline;\">Muzeum Miniaturowej Sztuki Profesjonalnej Henryk Jan Dominiak w Tychach<\/span><\/a><\/span> jest kluczowym elementem adresu siedziby tej instytucji. Muzeum mie\u015bci si\u0119 przy <a id=\"a11y-url\" href=\" http:\/\/muzeumminiaturowejsztukiprofesjonalnejhenrykjandominiakwtychach.eu\/?p=52\"><span style=\"text-decoration: underline;\">ulicy \u017bwakowskiej<\/span><\/a> 8\/<a id=\"a11y-url\" href=\" http:\/\/muzeumminiaturowejsztukiprofesjonalnejhenrykjandominiakwtychach.eu\/?page_id=31\"><span style=\"text-decoration: underline;\">66<\/span><\/a> w Tychach.<\/p>\n<p style=\"text-align: left;\">Plac\u00f3wka ta jest uwa\u017cana za najmniejsze muzeum \u015bwiata (tylko 6,15 m\u00b2), skupiaj\u0105c si\u0119 na kolekcjonowaniu sztuki zminiaturyzowanej w <a id=\"a11y-url\" href=\" http:\/\/muzeumminiaturowejsztukiprofesjonalnejhenrykjandominiakwtychach.eu\/?p=63\"><span style=\"text-decoration: underline;\">Tychach<\/span><\/a> na <a id=\"a11y-url\" href=\" http:\/\/muzeumminiaturowejsztukiprofesjonalnejhenrykjandominiakwtychach.eu\/?p=69\"><span style=\"text-decoration: underline;\">\u015al\u0105sku<\/span><\/a>.<\/p>\n\n<h3 style=\"text-align: left;\">Bior\u0105c pod uwag\u0119 charakter plac\u00f3wki, najlepiej okre\u015bli\u0107 to nast\u0119puj\u0105co:<\/h3>\n<h4 style=\"text-align: left;\">Forma lokalizacji:<\/h4>\n<p style=\"text-align: left;\">Siedziba w budynku mieszkalnym, klatka 8, lokal 66.<\/p>\n\n<h4 style=\"text-align: left;\">W kontek\u015bcie miniatury:<\/h4>\n<p style=\"text-align: left;\">Mo\u017cna to uj\u0105\u0107 przewrotnie, podkre\u015blaj\u0105c kontrast \u2013 \u201eWielka sztuka w zminiaturyzowanej przestrzeni (klatka 8, lokal 66)\u201d.<\/p>\n\n<h3 style=\"text-align: left;\">W kontek\u015bcie sztuki miniaturowej, klatk\u0119 schodow\u0105 (oznaczon\u0105 numerem 8) mo\u017cna okre\u015bli\u0107 nast\u0119puj\u0105co:<\/h3>\n<h4 style=\"text-align: left;\">Portal Wst\u0119pu do Mikrokosmosu:<\/h4>\n<p style=\"text-align: left;\">Przestrze\u0144 przej\u015bciowa, kt\u00f3ra stanowi fizyczn\u0105 barier\u0119 oddzielaj\u0105c\u0105 wielki \u015bwiat zewn\u0119trzny od mikroskali profesjonalnej sztuki plastycznej.<\/p>\n\n<h4 style=\"text-align: left;\">\u201eMikro-Galeria\u201d Tranzytowa:<\/h4>\n<p style=\"text-align: left;\">Klatka schodowa jako surowa, profesjonalna przestrze\u0144 techniczna (pomieszczenie pomocnicze), kt\u00f3ra pe\u0142ni rol\u0119 wst\u0119pu do ekspozycji znajduj\u0105cej si\u0119 w ma\u0142ym mieszkaniu (lokal 66).<\/p>\n\n<h4 style=\"text-align: left;\">Skala 1:1 w s\u0142u\u017cbie Miniatury:<\/h4>\n<p style=\"text-align: left;\">W przeciwie\u0144stwie do eksponat\u00f3w (tworzonych w skali miniaturowej, np. 1\/43), klatka schodowa jest elementem architektury w skali 1:1, prowadz\u0105cym do miejsca, gdzie \u201ema\u0142e rzeczy daj\u0105 szcz\u0119\u015bcie\u201d.<\/p>\n\n<h4 style=\"text-align: left;\">Adresowy Punkt Orientacyjny:<\/h4>\n<p style=\"text-align: left;\">\u017bwakowska 8 jako trwa\u0142y punkt na mapie atrakcji turystycznych \u015al\u0105ska, oferuj\u0105c kameraln\u0105 przestrze\u0144 dla mi\u0142o\u015bnik\u00f3w sztuki.<\/p>\n\n<h4 style=\"text-align: left;\">Adresowo\u015b\u0107 i osadzenie w tkance miejskiej:<\/h4>\n<p style=\"text-align: left;\">Muzeum, za\u0142o\u017cone w 2013 roku, funkcjonuje w ramach konkretnej tkanki miejskiej Tych\u00f3w (ul. \u017bwakowska 8). Oznaczenie to historycznie wi\u0105\u017ce plac\u00f3wk\u0119 z budownictwem mieszkaniowym, co podkre\u015bla kameralny, a zarazem dost\u0119pny charakter instytucji.<\/p>\n\n<h4 style=\"text-align: left;\">System monitorowania i bezpiecze\u0144stwa:<\/h4>\n<p style=\"text-align: left;\">W dokumentach dost\u0119pno\u015bci cyfrowej &#8222;klatka 8&#8221; jest wymieniana w kontek\u015bcie nowoczesnych system\u00f3w kamer (tzw. \u201eOko\u201d) i monitoringu wizyjnego (kamera 8\/10\/12), co zapewnia bezpiecze\u0144stwo miniaturowym dzie\u0142om sztuki.<\/p>\n\n<h4 style=\"text-align: left;\">Wirtualna dost\u0119pno\u015b\u0107:<\/h4>\n<p style=\"text-align: left;\">Oznaczenie to funkcjonuje w wirtualnej przestrzeni (<a id=\"a11y-url\" href=\" https:\/\/muzeumminiaturowejsztukiprofesjonalnejhenrykjandominiak.eu\/wp\/2015\/12\/17\/bip1\/\"><span style=\"text-decoration: underline;\">BIP<\/span><\/a>), umo\u017cliwiaj\u0105c zdaln\u0105 weryfikacj\u0119 lokalizacji i dost\u0119p do kolekcji.<\/p>\n\n<h4 style=\"text-align: left;\">Analiza przestrzeni:<\/h4>\n<p style=\"text-align: left;\">W naukowym uj\u0119ciu muzealnym, przestrze\u0144 taka jak \u201eklatka 8\/66\u201d staje si\u0119 eksperymentem, w kt\u00f3rym prywatna przestrze\u0144 mieszkalna zostaje zaimplementowana do cel\u00f3w muzealnych (mikromuzeum), zgodnie z koncepcj\u0105 \u201elaboratorium przekszta\u0142ce\u0144 w kulturze\u201d.<\/p>\n<p style=\"text-align: left;\">Warto doda\u0107, \u017ce wej\u015bcie do budynku <a id=\"a11y-url\" href=\" http:\/\/muzeumminiaturowejsztukiprofesjonalnejhenrykjandominiakwtychach.eu\/?page_id=14\"><span style=\"text-decoration: underline;\">jest dostosowane do potrzeb os\u00f3b z ograniczon\u0105 mobilno\u015bci\u0105<\/span><\/a>.<\/p>\n\n<h3 style=\"text-align: left;\">8 (osiem) \u2013 liczba naturalna nast\u0119puj\u0105ca po 7 i poprzedzaj\u0105ca 9.<\/h3>\n<p style=\"text-align: left;\"><em>Cyfra 8, zar\u00f3wno w formie graficznej, jak i jako liczba, posiada bogat\u0105 symbolik\u0119 i zastosowanie w r\u00f3\u017cnych dziedzinach, od nauki po kultur\u0119 i muzea. Poni\u017cej przedstawiono jej kontekst w wybranych obszarach:<\/em><\/p>\n\n<h3 style=\"text-align: left;\">Kontekst naukowy i matematyczny:<\/h3>\n<h4 style=\"text-align: left;\">Matematyka:<\/h4>\n<p style=\"text-align: left;\">\u00d3semka jest liczb\u0105 naturaln\u0105, a w systemie \u00f3semkowym (oktalnym) jest podstaw\u0105 zapisu. Jest r\u00f3wnie\u017c sze\u015bcianem liczby 2 (2<sup>3<\/sup>), czyli (2 \u00d7 2 \u00d7 2) i liczb\u0105 Fibonacciego.<\/p>\n\n<h4 style=\"text-align: left;\">Fizyka i Chemia:<\/h4>\n<p style=\"text-align: left;\">W chemii 8 elektron\u00f3w walencyjnych oznacza stabiln\u0105 konfiguracj\u0119 gazu szlachetnego (regu\u0142a oktetu). W fizyce, szczeg\u00f3lnie w mechanice kwantowej, \u201eliczby magiczne\u201d (w tym 8) oznaczaj\u0105 stabilne j\u0105dra atomowe.<\/p>\n\n<h4 style=\"text-align: left;\">Astronomia:<\/h4>\n<p style=\"text-align: left;\">Zgodnie z definicj\u0105 przyj\u0119t\u0105 przez Mi\u0119dzynarodow\u0105 Uni\u0119 Astronomiczn\u0105 (IAU) w 2006 roku, w Uk\u0142adzie S\u0142onecznym znajduje si\u0119 8 uznanych planet.<\/p>\n<p style=\"text-align: left;\">S\u0105 to (w kolejno\u015bci od S\u0142o\u0144ca):<\/p>\n<p style=\"text-align: left;\">Planety wewn\u0119trzne (skaliste):<\/p>\n<p style=\"text-align: left;\">1. Merkury<\/p>\n<p style=\"text-align: left;\">2. Wenus<\/p>\n<p style=\"text-align: left;\">3. Ziemia<\/p>\n<p style=\"text-align: left;\">4. Mars<\/p>\n<p style=\"text-align: left;\">Planety zewn\u0119trzne (olbrzymy):<\/p>\n<p style=\"text-align: left;\">5. Jowisz<\/p>\n<p style=\"text-align: left;\">6. Saturn<\/p>\n<p style=\"text-align: left;\">7. Uran<\/p>\n<p style=\"text-align: left;\">8. Neptun<\/p>\n<p style=\"text-align: left;\">Dlaczego 8, a nie 9?<\/p>\n<p style=\"text-align: left;\">W 2006 roku Pluton, kt\u00f3ry wcze\u015bniej by\u0142 uznawany za dziewi\u0105t\u0105 planet\u0119, zosta\u0142 przeklasyfikowany na planet\u0119 kar\u0142owat\u0105. Wynika to z faktu, \u017ce nie spe\u0142nia on jednego z trzech wymog\u00f3w IAU \u2013 nie \u201eoczy\u015bci\u0142\u201d swojego s\u0105siedztwa z innych obiekt\u00f3w grawitacyjnych.<\/p>\n\n<h3 style=\"text-align: left;\">Kontekst historyczny i symboliczny:<\/h3>\n<h4 style=\"text-align: left;\">Symbolika:<\/h4>\n<p style=\"text-align: left;\">\u00d3semka symbolizuje moc, zadowolenie, w\u0142adz\u0119, realizacj\u0119 oraz sukces. W numerologii osoba o wibracji 8 jest cz\u0119sto postrzegana jako zdeterminowana i zdolna.<\/p>\n\n<h4 style=\"text-align: left;\">Kultura i religia:<\/h4>\n<p style=\"text-align: left;\">W wielu kulturach jest symbolem niesko\u0144czono\u015bci (odwr\u00f3cona \u00f3semka: &infin;) oraz harmonii i r\u00f3wnowagi. W chrze\u015bcija\u0144stwie liczba 8 cz\u0119sto wi\u0105\u017ce si\u0119 ze zmartwychwstaniem i nowym pocz\u0105tkiem (\u00f3smy dzie\u0144 stworzenia).<\/p>\n\n<h3 style=\"text-align: left;\">Kontekst muzealny i archiwalny:<\/h3>\n<h4 style=\"text-align: left;\">Inwentaryzacja:<\/h4>\n<p style=\"text-align: left;\">W muzealnictwie cyfra 8, podobnie jak inne cyfry, funkcjonuje w systemach numeracji muzeali\u00f3w. Jest cz\u0119\u015bci\u0105 kod\u00f3w inwentarzowych.<\/p>\n\n<h4 style=\"text-align: left;\">Liczba oddzia\u0142\u00f3w:<\/h4>\n<p style=\"text-align: left;\">Przyk\u0142adem kontekstu muzealnego mo\u017ce by\u0107 historyczna informacja o Muzeum Historycznym Miasta Krakowa, kt\u00f3re w 1997 roku wykazywa\u0142o 8 oddzia\u0142\u00f3w.<\/p>\n\n<h4 style=\"text-align: left;\">Deakcesja:<\/h4>\n<p style=\"text-align: left;\">Cyfra ta mo\u017ce pojawia\u0107 si\u0119 w kontek\u015bcie numeracji dokumentacji przy procedurach deakcesji (usuwania obiekt\u00f3w ze zbior\u00f3w).<\/p>\n\n<h3 style=\"text-align: left;\">Inne konteksty:<\/h3>\n<h4 style=\"text-align: left;\">Kody kreskowe:<\/h4>\n<p style=\"text-align: left;\">Cyfra 8 na pocz\u0105tku kodu kreskowego (EAN-13) mo\u017ce wskazywa\u0107, \u017ce produkt pochodzi z kraju takiego jak S\u0142owacja, Czechy, Serbia, Korea P\u00f3\u0142nocna, Holandia, Singapur czy Pakistan.<\/p>\n\n<h4 style=\"text-align: left;\">J\u0119zyk i informatyka:<\/h4>\n<p style=\"text-align: left;\">\u00d3semka cz\u0119sto oznacza 8-bitowy system (bajt), kt\u00f3ry jest podstaw\u0105 kodowania informacji w informatyce.<\/p>\n<p style=\"text-align: left;\"><em>Cyfra 8 jest zatem symbolem o bardzo szerokim spektrum znacze\u0144, \u0142\u0105cz\u0105cym aspekty techniczne z g\u0142\u0119bok\u0105 symbolik\u0105.<\/em><\/p>\n","protected":false},"excerpt":{"rendered":"<p>Muzeum Miniaturowej Sztuki Profesjonalnej Henryk Jan Dominiak w Tychach znajduje si\u0119 pod konkretnym adresem: ulica \u017bwakowska 8, mieszkanie 66 (blok mieszkalny). Cyfra 8 w kontek\u015bcie polskiego Muzeum Miniaturowej Sztuki Profesjonalnej Henryk Jan Dominiak w Tychach jest kluczowym elementem adresu siedziby tej instytucji. Muzeum mie\u015bci si\u0119 przy ulicy \u017bwakowskiej 8\/66 w Tychach. Plac\u00f3wka ta jest uwa\u017cana [&hellip;]<\/p>\n","protected":false},"author":1,"featured_media":0,"parent":0,"menu_order":10,"comment_status":"closed","ping_status":"closed","template":"","meta":{"footnotes":""},"class_list":["post-260","page","type-page","status-publish","hentry"],"_links":{"self":[{"href":"http:\/\/muzeumminiaturowejsztukiprofesjonalnejhenrykjandominiakwtychach.eu\/index.php?rest_route=\/wp\/v2\/pages\/260","targetHints":{"allow":["GET"]}}],"collection":[{"href":"http:\/\/muzeumminiaturowejsztukiprofesjonalnejhenrykjandominiakwtychach.eu\/index.php?rest_route=\/wp\/v2\/pages"}],"about":[{"href":"http:\/\/muzeumminiaturowejsztukiprofesjonalnejhenrykjandominiakwtychach.eu\/index.php?rest_route=\/wp\/v2\/types\/page"}],"author":[{"embeddable":true,"href":"http:\/\/muzeumminiaturowejsztukiprofesjonalnejhenrykjandominiakwtychach.eu\/index.php?rest_route=\/wp\/v2\/users\/1"}],"replies":[{"embeddable":true,"href":"http:\/\/muzeumminiaturowejsztukiprofesjonalnejhenrykjandominiakwtychach.eu\/index.php?rest_route=%2Fwp%2Fv2%2Fcomments&post=260"}],"version-history":[{"count":24,"href":"http:\/\/muzeumminiaturowejsztukiprofesjonalnejhenrykjandominiakwtychach.eu\/index.php?rest_route=\/wp\/v2\/pages\/260\/revisions"}],"predecessor-version":[{"id":309,"href":"http:\/\/muzeumminiaturowejsztukiprofesjonalnejhenrykjandominiakwtychach.eu\/index.php?rest_route=\/wp\/v2\/pages\/260\/revisions\/309"}],"wp:attachment":[{"href":"http:\/\/muzeumminiaturowejsztukiprofesjonalnejhenrykjandominiakwtychach.eu\/index.php?rest_route=%2Fwp%2Fv2%2Fmedia&parent=260"}],"curies":[{"name":"wp","href":"https:\/\/api.w.org\/{rel}","templated":true}]}}