{"id":25,"date":"2026-04-14T11:55:17","date_gmt":"2026-04-14T09:55:17","guid":{"rendered":"http:\/\/muzeumminiaturowejsztukiprofesjonalnejhenrykjandominiakwtychach.eu\/?page_id=25"},"modified":"2026-04-14T11:55:17","modified_gmt":"2026-04-14T09:55:17","slug":"kultura-wychodzi","status":"publish","type":"page","link":"http:\/\/muzeumminiaturowejsztukiprofesjonalnejhenrykjandominiakwtychach.eu\/?page_id=25","title":{"rendered":"Kultura wychodzi"},"content":{"rendered":"\n<h2 id=\"a11y-kultura-wychodzi\" lang=\"pl\" style=\"text-align: left;\"><span id=\"a11y-podmiot\">Muzeum Miniaturowej Sztuki Profesjonalnej Henryk Jan Dominiak w Tychach w ramach swojej dzia\u0142alno\u015bci wychodzi poza sta\u0142\u0105 siedzib\u0119, prezentuj\u0105c miniaturowe dzie\u0142a sztuki w przestrzeni publicznej.<\/span><\/h2>\n<p style=\"text-align: left;\"><img decoding=\"async\" class=\"alignnone\" src=\"https:\/\/dominiakah.com\/wp\/wp-content\/uploads\/2016\/05\/logo-Henryk-Jan-Dominiak-DOMINIAK-AH.png\" alt=\"Kultura wychodzi\" width=\"120\" height=\"128,375\" \/><\/p>\n<p id=\"a11y-wstep\" style=\"text-align: left;\"><strong>Kultura wychodzi<\/strong> to koncepcja wykraczaj\u0105ca poza konwencjonalne ramy instytucji. Promuje ona dzia\u0142ania <a id=\"a11y-url\" href=\" http:\/\/muzeumminiaturowejsztukiprofesjonalnejhenrykjandominiakwtychach.eu\/?p=786\"><span style=\"text-decoration: underline;\">polskiego<\/span><\/a> <span id=\"a11y-podmiot\"><a id=\"a11y-url\" href=\" http:\/\/muzeumminiaturowejsztukiprofesjonalnejhenrykjandominiakwtychach.eu\"><span style=\"text-decoration: underline;\">Muzeum Miniaturowej Sztuki Profesjonalnej Henryk Jan Dominiak w Tychach<\/span><\/a><\/span>, kt\u00f3re \u2013 poprzez przenoszenie wydarze\u0144 artystycznych z \u201elustrzanej sali\u201d do przestrzeni publicznej \u2013 demokratyzuje sztuk\u0119 i bezpo\u015brednio definiuje na nowo rol\u0119 otwartego otoczenia.<\/p>\n<p style=\"text-align: left;\">Uwalniaj\u0105c sztuk\u0119 z muzealnej sali i wprowadzaj\u0105c j\u0105 w otwart\u0105 przestrze\u0144 miasta, muzeum sta\u0142o si\u0119 bardziej przyst\u0119pne i otwarte dla ka\u017cdego, czyni\u0105c kultur\u0119 wysok\u0105 wsp\u00f3lnym dobrem, niezale\u017cnie od barier spo\u0142ecznych czy wykszta\u0142cenia. Dzia\u0142anie to uniewa\u017cnia elitarny model obcowania z dzie\u0142em, zmieniaj\u0105c dotychczasowego \u201ewidza\u201d w \u201eu\u017cytkownika\u201d sztuki, kt\u00f3ra staje si\u0119 cz\u0119\u015bci\u0105 codziennego \u017cycia, a nie tylko eksponatem w \u015bwi\u0105tyni sztuki.<\/p>\n\n<h3 style=\"text-align: left;\">Oto przyk\u0142ady dzia\u0142a\u0144 muzeum w miejscu publicznym (ulica, plac, park, obiekt u\u017cyteczno\u015bci publicznej) w latach 2013\u20132026:<\/h3>\n<h4 style=\"text-align: left;\">W pierwszej kolejno\u015bci rok 2013:<\/h4>\n<ul>\n \t<li style=\"text-align: left;\">Na wst\u0119pie, ekspozycja: 13 czerwca \u2013 30 czerwca 2013 \u2013 Galeria \u201ePod Dachem\u201d, Miejskie Centrum Kultury w Tychach, ul. Bohater\u00f3w Warszawy 26, 43-100 <a id=\"a11y-url\" href=\" http:\/\/muzeumminiaturowejsztukiprofesjonalnejhenrykjandominiakwtychach.eu\/?p=212\"><span style=\"text-decoration: underline;\">Tychy<\/span><\/a>.<\/li>\n \t<li style=\"text-align: left;\">Id\u0105c dalej, pokaz: 12 lipca \u2013 31 sierpnia 2013 \u2013 \u201eO\u015brodek Hodowli \u017bubr\u00f3w i Edukacji Le\u015bnej w Jankowicach\u201d reprezentuj\u0105cy Pa\u0144stwowe Gospodarstwo Le\u015bne Lasy Pa\u0144stwowe, ul. \u017bubr\u00f3w 151, 43-215 Jankowice.<\/li>\n \t<li style=\"text-align: left;\">Co wi\u0119cej, event: 7 sierpnia 2013 godzina 9,00 \u2013 21,00 \u2013 Pomnik Walki i Pracy \u201e\u017byrafa\u201d \u2013 Wojskowy piknik w Tychach na terenie Parku Miejskiego \u2013 <a id=\"a11y-url\" href=\" http:\/\/muzeumminiaturowejsztukiprofesjonalnejhenrykjandominiakwtychach.eu\/?p=812\"><span style=\"text-decoration: underline;\">Wojew\u00f3dzkie<\/span><\/a> Obchody \u015awi\u0119ta WP \u2013 Tychy.<\/li>\n<\/ul>\n<h4 style=\"text-align: left;\">Nast\u0119pnym krokiem jest rok 2014:<\/h4>\n<ul>\n \t<li style=\"text-align: left;\">W dalszej kolejno\u015bci, zaprezentowanie: 31 pa\u017adziernika \u2013 14 listopada 2013 \u2013 Galeria \u201e13\u201d, ul. Bednarska 13 Pszczy\u0144skie Centrum Kultury.<\/li>\n \t<li style=\"text-align: left;\">Ponadto, pokaz\u00f3wka: 01 lutego \u2013 31 marca 2014 \u2013 Muzeum \u2013 Podziemna Trasa Turystyczna Kopalni W\u0119gla \u2013 ul. Obozowa 4 Nowa Ruda.<\/li>\n \t<li style=\"text-align: left;\">Co istotniejsze, wystawienie: 26 \u2013 27 lipca 2014 (sobota \u2013 niedziela) \u2013 Dni Je\u017cowego \u2013 Muzeum \u2013 Zbiornica Figur Chrystusa Frasobliwego w Je\u017cowem (dawna plebania), w\u0142a\u015bcicielem jest Parafia Narodzenia Naj\u015bwi\u0119tszej Maryi Panny w Je\u017cowem, wojew\u00f3dztwo podkarpackie \u2013 \u201eWeekend z miniaturow\u0105 sztuk\u0105\u201d.<\/li>\n \t<li style=\"text-align: left;\">Kolejnym aspektem jest, impreza artystyczna: 06 sierpnia 2014 godzina 9,00 \u2013 20,00 (\u015broda) \u2013 Pomnik Walki i Pracy \u201e\u017byrafa\u201d \u2013 \u201e\u015awi\u0119to WP z miniaturow\u0105 sztuk\u0105\u201d \u2013 Tychy na terenie Parku Miejskiego \u201ePod \u017byraf\u0105\u201d \u2013 Obchody \u015awi\u0119ta WP \u2013 zorganizowane przy udziale WKU Tychy i MCK.<\/li>\n \t<li style=\"text-align: left;\">Nie spos\u00f3b pomin\u0105\u0107, prezentacja: 30 \u2013 31 sierpnia 2014 godzina 9,00 \u2013 19.00 (sobota i niedziela) \u2013 koniec wakacji przy <a id=\"a11y-url\" href=\" http:\/\/muzeumminiaturowejsztukiprofesjonalnejhenrykjandominiakwtychach.eu\/?p=336\"><span style=\"text-decoration: underline;\">ulicy \u017bwakowskiej<\/span><\/a> w Tychach (dzia\u0142ka 4549\/26 \u2013 nale\u017c\u0105ca do Gminy Tychy \u2013 obok parkingu miejskiego) oraz cz\u0119\u015b\u0107 dzia\u0142ki nr 4830\/26 \u2013 Wsp\u00f3lnota Mieszkaniowa Nieruchomo\u015bci przy ul. \u017bwakowskiej 14-16-18 \u2013 wystawa pt. SZTUKA NA ULICY. Podczas wystawy PORTAL 112Tychy Tyskie S\u0142u\u017cby Ratownicze oraz Ochotnicza Stra\u017c Po\u017carna Jednostka OSP Czarnuchowice zademonstrowa\u0142y spos\u00f3b udzielania pierwszej pomocy, Grupa Artystyczna Teatr T.C.R. wystawi\u0142a dzia\u0142ania performance nastawione na interakcje z lud\u017ami, a Muzeum Techniki Militarnej i U\u017cytkowej w Bytomiu zaprezentowa\u0142o samoch\u00f3d terenowy produkcji radzieckiej \u2013 UAZ 469.<\/li>\n<\/ul>\n<h4 style=\"text-align: left;\">W ostatecznym rozrachunku jest rok 2015:<\/h4>\n<ul>\n \t<li style=\"text-align: left;\">Warto podkre\u015bli\u0107, \u017ce zademonstrowanie: 24 maja 2015 (niedziela) plenerowa wystawa eksponat\u00f3w \u201eI Charytatywny Bieg Ewangelickiego Duszpasterstwa Wojskowego \u2013 Biegniemy dla Antka\u201d \u2013 Dzika Pla\u017ca Paprocany, Tychy ul. Nad Jeziorem, organizator Parafia Ewangelicko-Augsburska \u015bw. ap Piotra i Paw\u0142a w Tychach i WKU.<\/li>\n \t<li style=\"text-align: left;\">Nale\u017cy zaakcentowa\u0107, wernisa\u017c: 13 \u2013 14 czerwca 2015 (sobota\/niedziela) \u2013 Park Sztuki \u2013 unaocznienie \u2013 dzia\u0142ania artystyczne w Parku Radziwi\u0142\u0142owskim organizator Bialskie Centrum Kultury i Galeria Podlaska \u2013 Park Radziwi\u0142\u0142owski \u2013 Zesp\u00f3\u0142 pa\u0142acowo-parkowy Radziwi\u0142\u0142\u00f3w w Bia\u0142ej Podlaskiej (ul. Warszawska, 21-500, Bia\u0142a Podlaska w wojew\u00f3dztwie lubelskim).<\/li>\n \t<li style=\"text-align: left;\">Szczeg\u00f3lnie interesuj\u0105ce jest to, \u017ce ukazywanie: 08 czerwca 2015, godzina 18,00 (\u015broda) \u2013 wernisa\u017c wystawy agat\u00f3w dr Jana Rzyme\u0142ki \u2013 Miejskie Centrum Kultury (MCK) w Tychach (ul. Bohater\u00f3w Warszawy 26, Tychy). Nast\u0119pnie \u2013 kontynuacja tej wystawy \u2013 agaty do ogl\u0105dania od 02 lipca do 31 sierpnia 2015 r. w siedzibie Muzeum Miniaturowej Sztuki Profesjonalnej Henryk Jan Dominiak w Tychach (ul. \u017bwakowska 8\/66, Tychy).<\/li>\n \t<li style=\"text-align: left;\">Kluczowe znaczenie ma ekspozycja muzealna: 05 sierpnia 2015, \u015broda \u2013 Dzie\u0144 Wojska Polskiego \u2013 uzmys\u0142owienie na Placu pod \u017byraf\u0105 \u2013 Tychy.<\/li>\n<\/ul>\n<p style=\"text-align: left;\">Cyfrowa dokumentacja rze\u017aby: \u201eTaniec\u201d \u2013 uj\u0119cie z naszych zbior\u00f3w.<\/p>\n<p style=\"text-align: center;\"><img loading=\"lazy\" decoding=\"async\" class=\"alignnone size-medium\" src=\"https:\/\/upload.wikimedia.org\/wikipedia\/commons\/2\/29\/Taniec_-_wysoko%C5%9B%C4%87_80_mm._Artysta_rze%C5%BAbiarz_Aranka_G%C3%A9rn%C3%A9_Mez%C5%91si_2013_W%C4%99gry._Rze%C5%BAba_drut_papier_farba_klej.jpg\" alt=\"\" width=\"300\" height=\"135\" \/><\/p>\n<p style=\"text-align: left;\"><em>Taniec (T\u00e1nc) to w\u0119gierska miniaturowa rze\u017aba z 2013 roku, stworzona przez artystk\u0119 G\u00e9rn\u00e9 Mez\u0151si Arank\u0119. To dzie\u0142o sztuki o wymiarach 80 \u00d7 80 \u00d7 80 mm, wykonane z drutu, papieru, farby i kleju.<\/em><\/p>\n\n<h3 style=\"text-align: left;\">Wyj\u015bcie Muzeum Miniaturowej Sztuki Profesjonalnej Henryk Jan Dominiak w Tychach ze swoimi zbiorami poza mury instytucji (np. na ulice miasta) przynios\u0142o szereg korzy\u015bci dla kultury i spo\u0142eczno\u015bci:<\/h3>\n<h4 style=\"text-align: left;\">Popularyzacja miniatury:<\/h4>\n<p style=\"text-align: left;\">Przede wszystkim, sztuka profesjonalna w skali mikro sta\u0142a si\u0119 dost\u0119pna dla szerszego grona odbiorc\u00f3w, cz\u0119sto przypadkowych przechodni\u00f3w, co zmniejsza dystans mi\u0119dzy sztuk\u0105 a widzem:<\/p>\n\n<h4 style=\"text-align: left;\">O\u017cywienie przestrzeni miejskiej:<\/h4>\n<p style=\"text-align: left;\">Fundamentaln\u0105 kwesti\u0105 jest, i\u017c prezentacja dzie\u0142 w otwartej przestrzeni o\u017cywia przestrze\u0144 publiczn\u0105, integruj\u0105c sztuk\u0119 z codziennym \u017cyciem miasta.<\/p>\n\n<h4 style=\"text-align: left;\">Nowe inicjatywy:<\/h4>\n<p style=\"text-align: left;\">Warto w tym miejscu zaakcentowa\u0107, \u017ce dzia\u0142ania plenerowe i wsp\u00f3\u0142praca z innymi instytucjami kultury owocuj\u0105 nowymi projektami, dzi\u0119ki kt\u00f3rym muzeum staje si\u0119 dynamicznym, rozwijaj\u0105cym si\u0119 miejscem.<\/p>\n\n<h4 style=\"text-align: left;\">Dost\u0119pno\u015b\u0107:<\/h4>\n<p style=\"text-align: left;\">Co najistotniejsze, umo\u017cliwia kontakt z kultur\u0105 osobom, kt\u00f3re nie odwiedzaj\u0105 typowych galerii, co realizuje spo\u0142eczn\u0105 misj\u0119 muzeum.<\/p>\n","protected":false},"excerpt":{"rendered":"<p>Muzeum Miniaturowej Sztuki Profesjonalnej Henryk Jan Dominiak w Tychach w ramach swojej dzia\u0142alno\u015bci wychodzi poza sta\u0142\u0105 siedzib\u0119, prezentuj\u0105c miniaturowe dzie\u0142a sztuki w przestrzeni publicznej. Kultura wychodzi to koncepcja wykraczaj\u0105ca poza konwencjonalne ramy instytucji. Promuje ona dzia\u0142ania polskiego Muzeum Miniaturowej Sztuki Profesjonalnej Henryk Jan Dominiak w Tychach, kt\u00f3re \u2013 poprzez przenoszenie wydarze\u0144 artystycznych z \u201elustrzanej sali\u201d [&hellip;]<\/p>\n","protected":false},"author":1,"featured_media":0,"parent":0,"menu_order":25,"comment_status":"closed","ping_status":"closed","template":"","meta":{"footnotes":""},"class_list":["post-25","page","type-page","status-publish","hentry"],"_links":{"self":[{"href":"http:\/\/muzeumminiaturowejsztukiprofesjonalnejhenrykjandominiakwtychach.eu\/index.php?rest_route=\/wp\/v2\/pages\/25","targetHints":{"allow":["GET"]}}],"collection":[{"href":"http:\/\/muzeumminiaturowejsztukiprofesjonalnejhenrykjandominiakwtychach.eu\/index.php?rest_route=\/wp\/v2\/pages"}],"about":[{"href":"http:\/\/muzeumminiaturowejsztukiprofesjonalnejhenrykjandominiakwtychach.eu\/index.php?rest_route=\/wp\/v2\/types\/page"}],"author":[{"embeddable":true,"href":"http:\/\/muzeumminiaturowejsztukiprofesjonalnejhenrykjandominiakwtychach.eu\/index.php?rest_route=\/wp\/v2\/users\/1"}],"replies":[{"embeddable":true,"href":"http:\/\/muzeumminiaturowejsztukiprofesjonalnejhenrykjandominiakwtychach.eu\/index.php?rest_route=%2Fwp%2Fv2%2Fcomments&post=25"}],"version-history":[{"count":4,"href":"http:\/\/muzeumminiaturowejsztukiprofesjonalnejhenrykjandominiakwtychach.eu\/index.php?rest_route=\/wp\/v2\/pages\/25\/revisions"}],"predecessor-version":[{"id":29,"href":"http:\/\/muzeumminiaturowejsztukiprofesjonalnejhenrykjandominiakwtychach.eu\/index.php?rest_route=\/wp\/v2\/pages\/25\/revisions\/29"}],"wp:attachment":[{"href":"http:\/\/muzeumminiaturowejsztukiprofesjonalnejhenrykjandominiakwtychach.eu\/index.php?rest_route=%2Fwp%2Fv2%2Fmedia&parent=25"}],"curies":[{"name":"wp","href":"https:\/\/api.w.org\/{rel}","templated":true}]}}