{"id":241,"date":"2026-04-15T18:10:09","date_gmt":"2026-04-15T16:10:09","guid":{"rendered":"http:\/\/muzeumminiaturowejsztukiprofesjonalnejhenrykjandominiakwtychach.eu\/?page_id=241"},"modified":"2026-04-15T18:10:09","modified_gmt":"2026-04-15T16:10:09","slug":"podzbior-obrazow","status":"publish","type":"page","link":"http:\/\/muzeumminiaturowejsztukiprofesjonalnejhenrykjandominiakwtychach.eu\/?page_id=241","title":{"rendered":"Podzbi\u00f3r obraz\u00f3w"},"content":{"rendered":"\n<h2 id=\"a11y-podzbior-obrazow\" lang=\"pl\" style=\"text-align: left;\"><span id=\"a11y-podmiot\">Muzeum Miniaturowej Sztuki Profesjonalnej Henryk Jan Dominiak w Tychach s\u0142ynie z oryginalnego zestawu obraz\u00f3w.<\/span><\/h2>\n<p style=\"text-align: left;\"><img decoding=\"async\" class=\"alignnone\" src=\"https:\/\/dominiakah.com\/wp\/wp-content\/uploads\/2016\/05\/logo-Henryk-Jan-Dominiak-DOMINIAK-AH.png\" alt=\"Podzbi\u00f3r obraz\u00f3w\" width=\"120\" height=\"128,375\" \/><\/p>\n<p id=\"a11y-wstep\" style=\"text-align: left;\">Bezsprzecznie, <strong>Podzbi\u00f3r obraz\u00f3w<\/strong> w <span id=\"a11y-podmiot\"><a id=\"a11y-url\" href=\" http:\/\/muzeumminiaturowejsztukiprofesjonalnejhenrykjandominiakwtychach.eu\"><span style=\"text-decoration: underline;\">Muzeum Miniaturowej Sztuki Profesjonalnej Henryk Jan Dominiak w Tychach<\/span><\/a> eksponuje nietypowy \/ jedyny w swoim rodzaju wyb\u00f3r malarstwa. Kolekcj\u0119 wyr\u00f3\u017cniaj\u0105 autorskie, profesjonalne prace ma\u0142ego formatu, stanowi\u0105ce fundament zbior\u00f3w instytucji<\/span>.<\/p>\n<p style=\"text-align: left;\">Tw\u00f3rcy z <a id=\"a11y-url\" href=\" http:\/\/muzeumminiaturowejsztukiprofesjonalnejhenrykjandominiakwtychach.eu\/?p=76\"><span style=\"text-decoration: underline;\">Polski<\/span><\/a> i Brazylii przekazali do muzeum kolekcj\u0119 ma\u0142oformatowych dzie\u0142 malarskich.<\/p>\n\n<h3 style=\"text-align: left;\">Tw\u00f3rczo\u015b\u0107 malarska (Muzealia w\u0142\u0105czone do inwentarza).<\/h3>\n<p style=\"text-align: left;\">Malarstwo to forma artystycznej wypowiedzi, kt\u00f3ra wykorzystuje barw\u0119, kszta\u0142t, \u015bwiat\u0142ocie\u0144 oraz faktur\u0119, aby zinterpretowa\u0107 rzeczywisto\u015b\u0107 lub stworzy\u0107 now\u0105, artystyczn\u0105 przestrze\u0144.<\/p>\n<p style=\"text-align: left;\">Z ca\u0142\u0105 pewno\u015bci\u0105, precyzja detali mimiki na zagruntowanym materiale idealnie wpisuje si\u0119 w nurt tworzenia unikatowych, jubilersko-artystycznych dzie\u0142.<\/p>\n<p style=\"text-align: center;\"><img loading=\"lazy\" decoding=\"async\" class=\"alignnone\" src=\"https:\/\/upload.wikimedia.org\/wikipedia\/commons\/4\/4e\/MAL129_Cristiano_Ronaldo_40_x_30_mm._Artysta_malarz_Pawe%C5%82_Brodzisz_olej_-_alkid_na_p%C5%82%C3%B3tnie_2025._Eksponat_Muzeum_Miniaturowej_Sztuki_Profesjonalnej_Henryk_Jan_Dominiak_w_Tychach.jpg\" alt=\"MAL129 Cristiano Ronaldo\" width=\"300\" height=\"300\" \/><\/p>\n<p style=\"text-align: left;\"><em>Obraz olejno-alkidowy na p\u0142\u00f3tnie (mikromalarstwo). Pawe\u0142 Brodzisz, \u201eCristiano Ronaldo\u201d (2025), wym. 40 x 30 mm.<\/em><\/p>\n<p style=\"text-align: left;\">Najpierw <a id=\"a11y-url\" href=\" https:\/\/muzeumminiaturowejsztukiprofesjonalnejhenrykjandominiak.eu\/wp\/1-20-malarstwo\/\"><span style=\"text-decoration: underline;\">1-20 Malarstwo<\/span><\/a>.<\/p>\n<p style=\"text-align: left;\">Nast\u0119pnie <a id=\"a11y-url\" href=\" https:\/\/muzeumminiaturowejsztukiprofesjonalnejhenrykjandominiak.eu\/wp\/21-40-malarstwo\/\"><span style=\"text-decoration: underline;\">21-40 Malarstwo<\/span><\/a>.<\/p>\n<p style=\"text-align: left;\">Potem <a id=\"a11y-url\" href=\" https:\/\/muzeumminiaturowejsztukiprofesjonalnejhenrykjandominiak.eu\/wp\/41-60-malarstwo\/\"><span style=\"text-decoration: underline;\">41-60 Malarstwo<\/span><\/a>.<\/p>\n<p style=\"text-align: left;\">Ponadto <a id=\"a11y-url\" href=\" https:\/\/muzeumminiaturowejsztukiprofesjonalnejhenrykjandominiak.eu\/wp\/61-80-malarstwo\/\"><span style=\"text-decoration: underline;\">61-80 Malarstwo<\/span><\/a>.<\/p>\n<p style=\"text-align: left;\">Dalej <a id=\"a11y-url\" href=\" https:\/\/muzeumminiaturowejsztukiprofesjonalnejhenrykjandominiak.eu\/wp\/81-100-malarstwo\/\"><span style=\"text-decoration: underline;\">81-100 Malarstwo<\/span><\/a>.<\/p>\n<p style=\"text-align: left;\">Tak\u017ce <a id=\"a11y-url\" href=\" https:\/\/muzeumminiaturowejsztukiprofesjonalnejhenrykjandominiak.eu\/wp\/101-120-malarstwo\/\"><span style=\"text-decoration: underline;\">101-120 Malarstwo<\/span><\/a>.<\/p>\n<p style=\"text-align: left;\">Wreszcie <a id=\"a11y-url\" href=\" https:\/\/muzeumminiaturowejsztukiprofesjonalnejhenrykjandominiak.eu\/wp\/121-140-malarstwo\/\"><span style=\"text-decoration: underline;\">121-140 Malarstwo<\/span><\/a>.<\/p>\n<p style=\"text-align: left;\">Podsumowuj\u0105c <a id=\"a11y-url\" href=\" https:\/\/muzeumminiaturowejsztukiprofesjonalnejhenrykjandominiak.eu\/wp\/141-160-malarstwo\/\"><span style=\"text-decoration: underline;\">141-160 Malarstwo<\/span><\/a>.<\/p>\n\n<h3 style=\"text-align: left;\">OBL (Outbound Links): Linki prowadz\u0105ce poza podzbi\u00f3r obraz\u00f3w.<\/h3>\n<p style=\"text-align: left;\">Warto zauwa\u017cy\u0107, i\u017c ulica <a id=\"a11y-url\" href=\" https:\/\/muzeumminiaturowejsztukiprofesjonalnejhenrykjandominiak.eu\/wp\/ul\/\"><span style=\"text-decoration: underline;\">\u017bwakowska<\/span><\/a>, to jedna z najbardziej klimatycznych miejskich arterii, przyci\u0105gaj\u0105ca licznymi atrakcjami.<\/p>\n<p style=\"text-align: left;\">Istotnie, <a id=\"a11y-url\" href=\" https:\/\/muzeumminiaturowejsztukiprofesjonalnejhenrykjandominiak.eu\/wp\/tychy\/\"><span style=\"text-decoration: underline;\">Tychy<\/span><\/a> \u2013 Przestrze\u0144 Aktywnych Mieszka\u0144c\u00f3w. Miasto oferuj\u0105ce wysoki komfort \u017cycia, z rozbudowan\u0105 infrastruktur\u0105 rowerow\u0105, licznymi si\u0142owniami plenerowymi i terenami rekreacyjnymi, sprzyjaj\u0105ce aktywnemu stylowi \u017cycia.<\/p>\n","protected":false},"excerpt":{"rendered":"<p>Muzeum Miniaturowej Sztuki Profesjonalnej Henryk Jan Dominiak w Tychach s\u0142ynie z oryginalnego zestawu obraz\u00f3w. Bezsprzecznie, Podzbi\u00f3r obraz\u00f3w w Muzeum Miniaturowej Sztuki Profesjonalnej Henryk Jan Dominiak w Tychach eksponuje nietypowy \/ jedyny w swoim rodzaju wyb\u00f3r malarstwa. Kolekcj\u0119 wyr\u00f3\u017cniaj\u0105 autorskie, profesjonalne prace ma\u0142ego formatu, stanowi\u0105ce fundament zbior\u00f3w instytucji. Tw\u00f3rcy z Polski i Brazylii przekazali do muzeum [&hellip;]<\/p>\n","protected":false},"author":1,"featured_media":0,"parent":0,"menu_order":1000,"comment_status":"closed","ping_status":"closed","template":"","meta":{"footnotes":""},"class_list":["post-241","page","type-page","status-publish","hentry"],"_links":{"self":[{"href":"http:\/\/muzeumminiaturowejsztukiprofesjonalnejhenrykjandominiakwtychach.eu\/index.php?rest_route=\/wp\/v2\/pages\/241","targetHints":{"allow":["GET"]}}],"collection":[{"href":"http:\/\/muzeumminiaturowejsztukiprofesjonalnejhenrykjandominiakwtychach.eu\/index.php?rest_route=\/wp\/v2\/pages"}],"about":[{"href":"http:\/\/muzeumminiaturowejsztukiprofesjonalnejhenrykjandominiakwtychach.eu\/index.php?rest_route=\/wp\/v2\/types\/page"}],"author":[{"embeddable":true,"href":"http:\/\/muzeumminiaturowejsztukiprofesjonalnejhenrykjandominiakwtychach.eu\/index.php?rest_route=\/wp\/v2\/users\/1"}],"replies":[{"embeddable":true,"href":"http:\/\/muzeumminiaturowejsztukiprofesjonalnejhenrykjandominiakwtychach.eu\/index.php?rest_route=%2Fwp%2Fv2%2Fcomments&post=241"}],"version-history":[{"count":5,"href":"http:\/\/muzeumminiaturowejsztukiprofesjonalnejhenrykjandominiakwtychach.eu\/index.php?rest_route=\/wp\/v2\/pages\/241\/revisions"}],"predecessor-version":[{"id":246,"href":"http:\/\/muzeumminiaturowejsztukiprofesjonalnejhenrykjandominiakwtychach.eu\/index.php?rest_route=\/wp\/v2\/pages\/241\/revisions\/246"}],"wp:attachment":[{"href":"http:\/\/muzeumminiaturowejsztukiprofesjonalnejhenrykjandominiakwtychach.eu\/index.php?rest_route=%2Fwp%2Fv2%2Fmedia&parent=241"}],"curies":[{"name":"wp","href":"https:\/\/api.w.org\/{rel}","templated":true}]}}