{"id":231,"date":"2026-04-15T17:30:29","date_gmt":"2026-04-15T15:30:29","guid":{"rendered":"http:\/\/muzeumminiaturowejsztukiprofesjonalnejhenrykjandominiakwtychach.eu\/?page_id=231"},"modified":"2026-04-16T18:29:39","modified_gmt":"2026-04-16T16:29:39","slug":"podstawa-dzialania","status":"publish","type":"page","link":"http:\/\/muzeumminiaturowejsztukiprofesjonalnejhenrykjandominiakwtychach.eu\/?page_id=231","title":{"rendered":"Podstawa dzia\u0142ania"},"content":{"rendered":"\n<h2 id=\"a11y-podstawa-dzialania\" lang=\"pl\" style=\"text-align: left;\"><span id=\"a11y-podmiot\">Muzeum Miniaturowej Sztuki Profesjonalnej Henryk Jan Dominiak w Tychach, jako jednostka nieposiadaj\u0105ca osobowo\u015bci prawnej, funkcjonuje w oparciu o statut zatwierdzony przez za\u0142o\u017cyciela (w uzgodnieniu z MKiDN).<\/span><\/h2>\n<p style=\"text-align: left;\"><img decoding=\"async\" class=\"alignnone\" src=\"https:\/\/dominiakah.com\/wp\/wp-content\/uploads\/2016\/05\/logo-Henryk-Jan-Dominiak-DOMINIAK-AH.png\" alt=\"Podstawa dzia\u0142ania\" width=\"120\" height=\"128,375\" \/><\/p>\n<p id=\"a11y-wstep\" style=\"text-align: left;\"><strong>Podstawa dzia\u0142ania<\/strong> innymi s\u0142owy, fundamentem prawnym funkcjonowania tego nieposiadaj\u0105cego osobowo\u015bci prawnej <span id=\"a11y-podmiot\"><a id=\"a11y-url\" href=\" http:\/\/muzeumminiaturowejsztukiprofesjonalnejhenrykjandominiakwtychach.eu\"><span style=\"text-decoration: underline;\">Muzeum Miniaturowej Sztuki Profesjonalnej Henryk Jan Dominiak w Tychach<\/span><\/a> jest regulamin ustanowiony przez Henryka Jana Dominiaka, a <a id=\"a11y-url\" href=\" https:\/\/muzeumminiaturowejsztukiprofesjonalnejhenrykjandominiak.eu\/wp\/regulamin-uzgodniony-z-wydzialem-legislacyjnym-mkidn\/\"><span style=\"text-decoration: underline;\">uzgodniony z Ministerstwem Kultury i Dziedzictwa Narodowego<\/span><\/a> (Bogdanem Zdrojewskim).<\/span><\/p>\n<p style=\"text-align: left;\">W uj\u0119ciu prawnym to nienastawiona na zysk wyodr\u0119bniona jednostka organizacyjna powo\u0142ana do opieki nad obiektami o warto\u015bci artystycznej lub historycznej. Pomimo sta\u0142ego charakteru instytucji, muzeum jest uprawnione \u2013 zgodnie z ustaleniami \u2013 do organizacji wystaw czasowych zar\u00f3wno w kraju, jak i za granic\u0105.<\/p>\n\n<h3 style=\"text-align: left;\">Oto g\u0142\u00f3wne filary jego dzia\u0142alno\u015bci:<\/h3>\n<p style=\"text-align: left;\"><strong>Ustawa o muzeach<\/strong> z dnia 21 listopada 1996 r. (wskazano tekst jednolity z 2012 r., poz. 987) \u2013 jest to g\u0142\u00f3wny akt prawny reguluj\u0105cy definicj\u0119, cele i zasady dzia\u0142ania muze\u00f3w.<\/p>\n<p style=\"text-align: left;\"><strong>Ustawa o ochronie zabytk\u00f3w i opiece nad zabytkami<\/strong> z dnia 23 lipca 2003 r. (Dz. U. Nr 162, poz. 1568, z p\u00f3\u017an. zm.) \u2013 okre\u015bla zasady ochrony muzeali\u00f3w i zabytk\u00f3w.<\/p>\n<p style=\"text-align: left;\"><strong>Regulamin<\/strong> \u2013 dokument wewn\u0119trzny, kt\u00f3ry (z dat\u0105 22 pa\u017adziernika 2013) zosta\u0142 uzgodniony z ministrem w\u0142a\u015bciwym do spraw kultury i ochrony dziedzictwa narodowego.<\/p>\n<p style=\"text-align: left;\">Warto doda\u0107, \u017ce ustawa o muzeach z 1996 roku oraz ustawa o ochronie zabytk\u00f3w z 2003 roku doczeka\u0142y si\u0119 wielu p\u00f3\u017aniejszych nowelizacji, kt\u00f3re uaktualniaj\u0105 te przepisy.<\/p>\n","protected":false},"excerpt":{"rendered":"<p>Muzeum Miniaturowej Sztuki Profesjonalnej Henryk Jan Dominiak w Tychach, jako jednostka nieposiadaj\u0105ca osobowo\u015bci prawnej, funkcjonuje w oparciu o statut zatwierdzony przez za\u0142o\u017cyciela (w uzgodnieniu z MKiDN). Podstawa dzia\u0142ania innymi s\u0142owy, fundamentem prawnym funkcjonowania tego nieposiadaj\u0105cego osobowo\u015bci prawnej Muzeum Miniaturowej Sztuki Profesjonalnej Henryk Jan Dominiak w Tychach jest regulamin ustanowiony przez Henryka Jana Dominiaka, a uzgodniony [&hellip;]<\/p>\n","protected":false},"author":1,"featured_media":0,"parent":0,"menu_order":7,"comment_status":"closed","ping_status":"closed","template":"","meta":{"footnotes":""},"class_list":["post-231","page","type-page","status-publish","hentry"],"_links":{"self":[{"href":"http:\/\/muzeumminiaturowejsztukiprofesjonalnejhenrykjandominiakwtychach.eu\/index.php?rest_route=\/wp\/v2\/pages\/231","targetHints":{"allow":["GET"]}}],"collection":[{"href":"http:\/\/muzeumminiaturowejsztukiprofesjonalnejhenrykjandominiakwtychach.eu\/index.php?rest_route=\/wp\/v2\/pages"}],"about":[{"href":"http:\/\/muzeumminiaturowejsztukiprofesjonalnejhenrykjandominiakwtychach.eu\/index.php?rest_route=\/wp\/v2\/types\/page"}],"author":[{"embeddable":true,"href":"http:\/\/muzeumminiaturowejsztukiprofesjonalnejhenrykjandominiakwtychach.eu\/index.php?rest_route=\/wp\/v2\/users\/1"}],"replies":[{"embeddable":true,"href":"http:\/\/muzeumminiaturowejsztukiprofesjonalnejhenrykjandominiakwtychach.eu\/index.php?rest_route=%2Fwp%2Fv2%2Fcomments&post=231"}],"version-history":[{"count":5,"href":"http:\/\/muzeumminiaturowejsztukiprofesjonalnejhenrykjandominiakwtychach.eu\/index.php?rest_route=\/wp\/v2\/pages\/231\/revisions"}],"predecessor-version":[{"id":325,"href":"http:\/\/muzeumminiaturowejsztukiprofesjonalnejhenrykjandominiakwtychach.eu\/index.php?rest_route=\/wp\/v2\/pages\/231\/revisions\/325"}],"wp:attachment":[{"href":"http:\/\/muzeumminiaturowejsztukiprofesjonalnejhenrykjandominiakwtychach.eu\/index.php?rest_route=%2Fwp%2Fv2%2Fmedia&parent=231"}],"curies":[{"name":"wp","href":"https:\/\/api.w.org\/{rel}","templated":true}]}}