{"id":219,"date":"2026-04-15T17:03:15","date_gmt":"2026-04-15T15:03:15","guid":{"rendered":"http:\/\/muzeumminiaturowejsztukiprofesjonalnejhenrykjandominiakwtychach.eu\/?page_id=219"},"modified":"2026-04-15T17:03:15","modified_gmt":"2026-04-15T15:03:15","slug":"uprawnienia-do-eksponowania-herbu-tychow","status":"publish","type":"page","link":"http:\/\/muzeumminiaturowejsztukiprofesjonalnejhenrykjandominiakwtychach.eu\/?page_id=219","title":{"rendered":"Uprawnienia do eksponowania herbu Tych\u00f3w"},"content":{"rendered":"\n<h2 id=\"a11y-uprawnienia-do-eksponowania-herbu-tychow\" lang=\"pl\" style=\"text-align: left;\"><span id=\"a11y-podmiot\">Muzeum Miniaturowej Sztuki Profesjonalnej Henryk Jan Dominiak w Tychach legitymuje si\u0119 przywilejem u\u017cywania herbu Miasta Tychy.<\/span><\/h2>\n<p style=\"text-align: left;\"><img decoding=\"async\" class=\"alignnone\" src=\"https:\/\/dominiakah.com\/wp\/wp-content\/uploads\/2016\/05\/logo-Henryk-Jan-Dominiak-DOMINIAK-AH.png\" alt=\"Uprawnienia do eksponowania herbu Tych\u00f3w\" width=\"120\" height=\"128,375\" \/><\/p>\n<p id=\"a11y-wstep\" style=\"text-align: left;\"><strong>Uprawnienia do eksponowania herbu Tych\u00f3w<\/strong> przez <a id=\"a11y-url\" href=\" http:\/\/muzeumminiaturowejsztukiprofesjonalnejhenrykjandominiakwtychach.eu\/?p=76\"><span style=\"text-decoration: underline;\">polskie<\/span><\/a> <span id=\"a11y-podmiot\"><a id=\"a11y-url\" href=\" http:\/\/muzeumminiaturowejsztukiprofesjonalnejhenrykjandominiakwtychach.eu\"><span style=\"text-decoration: underline;\">Muzeum Miniaturowej Sztuki Profesjonalnej Henryk Jan Dominiak w Tychach<\/span><\/a><\/span> to inaczej przywilej, licencja lub upowa\u017cnienie do komercyjnego lub promocyjnego wykorzystania komunalnego wyr\u00f3\u017cnika terytorialnego. Pozwala ono podmiotowi na w\u0142\u0105czenie symbolu miasta do swojej identyfikacji wizualnej.<\/p>\n<p style=\"text-align: left;\"><span id=\"a11y-podmiot\">Muzeum Miniaturowej Sztuki Profesjonalnej Henryk Jan Dominiak w Tychach, na mocy decyzji Prezydenta Miasta z 28 marca 2014 roku (nr DUI.013.2.2014), posiada uprawnienie do u\u017cywania herbu miasta. Fakt ten stanowi wyraz \u015bcis\u0142ej wsp\u00f3\u0142pracy z samorz\u0105dem oraz potwierdza wysok\u0105 rang\u0119 instytucji w prowadzeniu dzia\u0142a\u0144 kulturalnych.<\/span><\/p>\n<p style=\"text-align: left;\">Zezwala si\u0119 na wykorzystanie logotypu w materia\u0142ach promocyjnych Muzeum, takich jak plakaty, ulotki oraz foldery i katalogi, z zachowaniem zasad jego prawid\u0142owej ekspozycji.<\/p>\n\n<h3 style=\"text-align: left;\">Prezentacja herbu Tych\u00f3w, jako oficjalnego symbolu miasta, podlega \u015bcis\u0142ym regulacjom, kt\u00f3re maj\u0105 na celu zachowanie jego godno\u015bci, historycznej to\u017csamo\u015bci oraz estetyki.<\/h3>\n<h4 style=\"text-align: left;\">Uprawnienia do eksponowania herbu Tych\u00f3w:<\/h4>\n<ul>\n \t<li style=\"text-align: left;\">Organy Miasta i Jednostki Organizacyjne: Herb jest u\u017cywany g\u0142\u00f3wnie przez Rad\u0119 Miasta Tychy, Prezydenta Miasta oraz miejskie jednostki organizacyjne (urz\u0119dy, <a id=\"a11y-url\" href=\" https:\/\/muzeumminiaturowejsztukiprofesjonalnejhenrykjandominiak.eu\/wp\/szkola\/\"><span style=\"text-decoration: underline;\">szko\u0142y<\/span><\/a>, instytucje kultury) w celu identyfikacji i reprezentacji.<\/li>\n \t<li style=\"text-align: left;\">Podmioty zewn\u0119trzne za zgod\u0105: Inne podmioty (instytucje, stowarzyszenia, przedsi\u0119biorcy) mog\u0105 uzyska\u0107 prawo do u\u017cywania herbu miasta Tychy po uzyskaniu odpowiedniego przywileju lub zgody w\u0142adz miasta.<\/li>\n \t<li style=\"text-align: left;\">Wymogi heraldyczne: Herb musi by\u0107 eksponowany w zgodzie z przyj\u0119tym wzorem (niebieska tarcza, z\u0142oty r\u00f3g my\u015bliwski) i nie mo\u017ce by\u0107 zniekszta\u0142cony.<\/li>\n \t<li style=\"text-align: left;\">Spos\u00f3b eksponowania: Herb powinien by\u0107 prezentowany w spos\u00f3b godny, cz\u0119sto obok barw <a id=\"a11y-url\" href=\" http:\/\/muzeumminiaturowejsztukiprofesjonalnejhenrykjandominiakwtychach.eu\/?p=69\"><span style=\"text-decoration: underline;\">wojew\u00f3dztwa \u015bl\u0105skiego<\/span><\/a>, np. podczas uroczysto\u015bci, na dokumentach lub wizerunkach promocyjnych.<\/li>\n<\/ul>\n<p style=\"text-align: left;\">Wszelkie pytania dotycz\u0105ce zgody na u\u017cycie herbu nale\u017cy kierowa\u0107 do Urz\u0119du Miasta Tychy, kt\u00f3ry okre\u015bla szczeg\u00f3\u0142owe zasady i regulaminy w tym zakresie.<\/p>\n\n<h3 style=\"text-align: left;\">Opis herbu &#8211; uprawnienia do eksponowania herbu Tych\u00f3w:<\/h3>\n<p style=\"text-align: left;\">Aktualny i obowi\u0105zuj\u0105cy herb <a id=\"a11y-url\" href=\" http:\/\/muzeumminiaturowejsztukiprofesjonalnejhenrykjandominiakwtychach.eu\/?p=63\"><span style=\"text-decoration: underline;\">Miasta Tychy<\/span><\/a> zosta\u0142 zatwierdzony uchwa\u0142\u0105 Rady Miasta Tychy w 2000 roku (potwierdzaj\u0105c\u0105 zasady z 1998 roku) i sk\u0142ada si\u0119 z nast\u0119puj\u0105cych element\u00f3w:<\/p>\n\n<ul>\n \t<li style=\"text-align: left;\">Tarcza: Prostok\u0105tna, z zaokr\u0105glon\u0105 doln\u0105 kraw\u0119dzi\u0105.<\/li>\n \t<li style=\"text-align: left;\">Pole tarczy: Niebieskie (b\u0142\u0119kitne).<\/li>\n \t<li style=\"text-align: left;\">God\u0142o: Z\u0142oty r\u00f3g my\u015bliwski (cz\u0119sto interpretowany jako r\u00f3g bawoli) ze z\u0142otym rzemieniem (przepustem), skr\u0119cony ku g\u00f3rze.<\/li>\n \t<li style=\"text-align: left;\">Ozdoby: Okucia rogu s\u0105 w kolorze czarnym.<\/li>\n<\/ul>\n<p style=\"text-align: left;\">Herb ten nawi\u0105zuje do historycznych tradycji i barw proponowanych w przesz\u0142o\u015bci (m.in. przez <span id=\"a11y-osoba\">M. Gumowskiego), odchodz\u0105c od socrealistycznych wzor\u00f3w z okresu PRL.<\/span><\/p>\n\n<h4 style=\"text-align: left;\">Symbolika:<\/h4>\n<p style=\"text-align: left;\">R\u00f3g my\u015bliwski odnosi si\u0119 do historycznych tradycji \u0142owieckich teren\u00f3w, na kt\u00f3rych powsta\u0142o miasto, a z\u0142oty kolor symbolizuje szlachetno\u015b\u0107 i bogactwo. B\u0142\u0119kitne t\u0142o reprezentuje wierno\u015b\u0107 i sta\u0142o\u015b\u0107.<\/p>\n","protected":false},"excerpt":{"rendered":"<p>Muzeum Miniaturowej Sztuki Profesjonalnej Henryk Jan Dominiak w Tychach legitymuje si\u0119 przywilejem u\u017cywania herbu Miasta Tychy. Uprawnienia do eksponowania herbu Tych\u00f3w przez polskie Muzeum Miniaturowej Sztuki Profesjonalnej Henryk Jan Dominiak w Tychach to inaczej przywilej, licencja lub upowa\u017cnienie do komercyjnego lub promocyjnego wykorzystania komunalnego wyr\u00f3\u017cnika terytorialnego. Pozwala ono podmiotowi na w\u0142\u0105czenie symbolu miasta do swojej [&hellip;]<\/p>\n","protected":false},"author":1,"featured_media":0,"parent":0,"menu_order":17,"comment_status":"closed","ping_status":"closed","template":"","meta":{"footnotes":""},"class_list":["post-219","page","type-page","status-publish","hentry"],"_links":{"self":[{"href":"http:\/\/muzeumminiaturowejsztukiprofesjonalnejhenrykjandominiakwtychach.eu\/index.php?rest_route=\/wp\/v2\/pages\/219","targetHints":{"allow":["GET"]}}],"collection":[{"href":"http:\/\/muzeumminiaturowejsztukiprofesjonalnejhenrykjandominiakwtychach.eu\/index.php?rest_route=\/wp\/v2\/pages"}],"about":[{"href":"http:\/\/muzeumminiaturowejsztukiprofesjonalnejhenrykjandominiakwtychach.eu\/index.php?rest_route=\/wp\/v2\/types\/page"}],"author":[{"embeddable":true,"href":"http:\/\/muzeumminiaturowejsztukiprofesjonalnejhenrykjandominiakwtychach.eu\/index.php?rest_route=\/wp\/v2\/users\/1"}],"replies":[{"embeddable":true,"href":"http:\/\/muzeumminiaturowejsztukiprofesjonalnejhenrykjandominiakwtychach.eu\/index.php?rest_route=%2Fwp%2Fv2%2Fcomments&post=219"}],"version-history":[{"count":5,"href":"http:\/\/muzeumminiaturowejsztukiprofesjonalnejhenrykjandominiakwtychach.eu\/index.php?rest_route=\/wp\/v2\/pages\/219\/revisions"}],"predecessor-version":[{"id":224,"href":"http:\/\/muzeumminiaturowejsztukiprofesjonalnejhenrykjandominiakwtychach.eu\/index.php?rest_route=\/wp\/v2\/pages\/219\/revisions\/224"}],"wp:attachment":[{"href":"http:\/\/muzeumminiaturowejsztukiprofesjonalnejhenrykjandominiakwtychach.eu\/index.php?rest_route=%2Fwp%2Fv2%2Fmedia&parent=219"}],"curies":[{"name":"wp","href":"https:\/\/api.w.org\/{rel}","templated":true}]}}