{"id":204,"date":"2026-04-15T16:07:40","date_gmt":"2026-04-15T14:07:40","guid":{"rendered":"http:\/\/muzeumminiaturowejsztukiprofesjonalnejhenrykjandominiakwtychach.eu\/?page_id=204"},"modified":"2026-04-15T16:07:40","modified_gmt":"2026-04-15T14:07:40","slug":"odznaczenia-nagrody-wyroznienia-certyfikaty","status":"publish","type":"page","link":"http:\/\/muzeumminiaturowejsztukiprofesjonalnejhenrykjandominiakwtychach.eu\/?page_id=204","title":{"rendered":"Odznaczenia nagrody wyr\u00f3\u017cnienia certyfikaty"},"content":{"rendered":"\n<h2 id=\"a11y-odznaczenia-nagrody-wyroznienia-certyfikaty\" lang=\"pl\" style=\"text-align: left;\">Dorobek <span id=\"a11y-podmiot\">Muzeum Miniaturowej Sztuki Profesjonalnej Henryk Jan Dominiak w Tychach zosta\u0142 doceniony uznanymi wyr\u00f3\u017cnieniami.<\/span><\/h2>\n<p style=\"text-align: left;\"><img decoding=\"async\" class=\"alignnone\" src=\"https:\/\/dominiakah.com\/wp\/wp-content\/uploads\/2016\/05\/logo-Henryk-Jan-Dominiak-DOMINIAK-AH.png\" alt=\"Odznaczenia nagrody wyr\u00f3\u017cnienia certyfikaty\" width=\"120\" height=\"128,375\" \/><\/p>\n<p id=\"a11y-wstep\" style=\"text-align: left;\"><strong>Odznaczenia nagrody wyr\u00f3\u017cnienia certyfikaty<\/strong>, to oficjalne formy uznania osi\u0105gni\u0119\u0107, jako\u015bci oraz kompetencji <a id=\"a11y-url\" href=\" http:\/\/muzeumminiaturowejsztukiprofesjonalnejhenrykjandominiakwtychach.eu\/?p=76\"><span style=\"text-decoration: underline;\">polskiego<\/span><\/a> <span id=\"a11y-podmiot\"><a id=\"a11y-url\" href=\" http:\/\/muzeumminiaturowejsztukiprofesjonalnejhenrykjandominiakwtychach.eu\"><span style=\"text-decoration: underline;\">Muzeum Miniaturowej Sztuki Profesjonalnej Henryk Jan Dominiak w Tychach<\/span><\/a><\/span>.<\/p>\n<p style=\"text-align: left;\">Oczywi\u015bcie, obejmuj\u0105 zar\u00f3wno odznaki honorowe, presti\u017cowe nagrody bran\u017cowe, jak i certyfikaty jako\u015bci czy dyplomy uznania. Bez w\u0105tpienia, s\u0142u\u017c\u0105 budowaniu zaufania, wizerunku i motywacji.<\/p>\n\n<h3 style=\"text-align: left;\">Odznaczenia nadane \/ wr\u0119czone Muzeum<\/h3>\n<h4 style=\"text-align: left;\">Polskie odznaczenia resortowe (ministerialne)<\/h4>\n<p style=\"text-align: left;\">Odznaka honorowa \u201eZas\u0142u\u017cony dla Kultury Polskiej\u201d<\/p>\n<p style=\"text-align: center;\"><img decoding=\"async\" class=\"alignnone\" src=\"https:\/\/upload.wikimedia.org\/wikipedia\/commons\/a\/a0\/Odznaka_honorowa_%E2%80%9EZas%C5%82u%C5%BCony_dla_Kultury_Polskiej%E2%80%9D_dla_Muzeum_Miniaturowej_Sztuki_Profesjonalnej_Henryk_Jan_Dominiak_w_Tychach_2021.09.06.jpg\" alt=\"Odznaczenia nagrody wyr\u00f3\u017cnienia certyfikaty\" width=\"300\" height=\"400,9\" \/><\/p>\n<p style=\"text-align: left;\"><em>Nagroda ta jest wyrazem najwy\u017cszego uznania dla instytucji, kszta\u0142tuj\u0105cej \u015bwiadomo\u015b\u0107 historyczn\u0105 i dbaj\u0105cej o to\u017csamo\u015b\u0107 kulturow\u0105.<\/em><\/p>\n<p style=\"text-align: left;\"><em>Przyznana &#8211; Warszawa, dnia 6 wrze\u015bnia 2021 r.<\/em><\/p>\n\n<h4 style=\"text-align: left;\">Polskie odznaczenia bran\u017cowe i zwi\u0105zkowe<\/h4>\n<p style=\"text-align: left;\">Z\u0142ota Odznaka \u201eZas\u0142u\u017cony Dla Budownictwa\u201d dla Zbiorowo\u015bci<\/p>\n<p style=\"text-align: center;\"><img decoding=\"async\" class=\"alignnone\" src=\"https:\/\/upload.wikimedia.org\/wikipedia\/commons\/d\/db\/Z%C5%82ota_Odznaka_%E2%80%9EZas%C5%82u%C5%BCony_Dla_Budownictwa%E2%80%9D_dla_Zbiorowo%C5%9Bci.png\" alt=\"Odznaczenia nagrody wyr\u00f3\u017cnienia certyfikaty\" width=\"300\" height=\"466,11\" \/><\/p>\n<p style=\"text-align: left;\"><em>Odznaczenie to stanowi wyraz uznania za wybitne osi\u0105gni\u0119cia w dziedzinie architektury i budownictwa.<\/em><\/p>\n<p style=\"text-align: left;\"><em>Przyznana &#8211; Warszawa, dnia 26 sierpnia 2021 r.<\/em><\/p>\n\n<h4 style=\"text-align: left;\">Polskie odznaczenia regionalne (samorz\u0105dowe)<\/h4>\n<p style=\"text-align: left;\">Z\u0142ota \u201eOdznaka Honorowa za Zas\u0142ugi dla Wojew\u00f3dztwa \u015al\u0105skiego\u201d<\/p>\n<p style=\"text-align: center;\"><img loading=\"lazy\" decoding=\"async\" class=\"alignnone\" src=\"https:\/\/upload.wikimedia.org\/wikipedia\/commons\/7\/72\/Regionalne_odznaczenie_Z%C5%82ota_Odznaka_Honorowa_za_Zas%C5%82ugi_dla_Wojew%C3%B3dztwa_%C5%9Al%C4%85skiego_nada%C5%82_Muzeum_Miniaturowej_Sztuki_Profesjonalnej_Henryk_Jan_Dominiak_w_Tychach_04.09.2020_Sejmik_Wojew%C3%B3dztwa_%C5%9Al%C4%85skiego.png\" alt=\"Odznaczenia nagrody wyr\u00f3\u017cnienia certyfikaty\" width=\"300\" height=\"300\" \/><\/p>\n<p style=\"text-align: left;\"><em>Odznaczenie to jest form\u0105 podzi\u0119kowania za zaanga\u017cowanie na rzecz lokalnej spo\u0142eczno\u015bci oraz aktywne kszta\u0142towanie pozytywnego wizerunku wojew\u00f3dztwa \u015bl\u0105skiego.<\/em><\/p>\n<p style=\"text-align: left;\"><em>Przyznana &#8211; Katowice, dnia 4 Wrze\u015bnia 2020 r.<\/em><\/p>\n\n<h3 style=\"text-align: left;\">Nagrody Instytucjonalne<\/h3>\n<p style=\"text-align: left;\">\u201eZ\u0142ote Or\u0142y Rozrywki\u201d <a id=\"a11y-url\" href=\" https:\/\/www.orlyrozrywki.pl\/profile-298975-muzeum-miniaturowej-sztuki-profesjonalnej-henryk-jan-dominiak\"><span style=\"text-decoration: underline;\">(\u201eLaureat konkursu\u201d i \u201eGold\u201d) w latach: 2019, 2020, 2021, 2022, 2023, 2024, 2025<\/span><\/a>.<\/p>\n<p style=\"text-align: left;\">Muzeum zosta\u0142o uhonorowane statuetk\u0105 \u201eZ\u0142ote Or\u0142y Rozrywki\u201d, trafiaj\u0105c do \u015bcis\u0142ego grona 6.05% najlepszych podmiot\u00f3w w bran\u017cy w Polsce na podstawie ocen odwiedzaj\u0105cych. To presti\u017cowe wyr\u00f3\u017cnienie ma form\u0119 mosi\u0119\u017cnego skrzyd\u0142a or\u0142a pokrytego prawdziwym z\u0142otem. Przyznana \u2013 Wroc\u0142aw, dnia <span id=\"a11y-data-publikacja\">20 Grudnia 2019 r.<\/span><\/p>\n<p style=\"text-align: left;\">\u201eZ\u0142ote Or\u0142y Rozrywki\u201d &#8211; instytucja ta zosta\u0142a wyr\u00f3\u017cniona jako nale\u017c\u0105ca do \u015bcis\u0142ej czo\u0142\u00f3wki (6.05%) niekonwencjonalnych podmiot\u00f3w bran\u017cy rozrywkowej w Polsce. \u201ePoz\u0142acane szczerym z\u0142otem orle skrzyd\u0142o na d\u0119bowym cokole\u201d to nagroda. Przyznana \u2013 Wroc\u0142aw, dnia <span id=\"a11y-data-publikacja\">20 Grudnia 2020 r.<\/span><\/p>\n<p style=\"text-align: left;\">\u201ePlatynowy Lew Biznesu\u201d <span id=\"a11y-data-publikacja\">2020 r.<\/span><\/p>\n\n<h3 style=\"text-align: left;\">Nagrody Osobiste (Indywidualne)<\/h3>\n<p style=\"text-align: left;\">\u201eZielony Czek 2019\u201d<\/p>\n","protected":false},"excerpt":{"rendered":"<p>Dorobek Muzeum Miniaturowej Sztuki Profesjonalnej Henryk Jan Dominiak w Tychach zosta\u0142 doceniony uznanymi wyr\u00f3\u017cnieniami. Odznaczenia nagrody wyr\u00f3\u017cnienia certyfikaty, to oficjalne formy uznania osi\u0105gni\u0119\u0107, jako\u015bci oraz kompetencji polskiego Muzeum Miniaturowej Sztuki Profesjonalnej Henryk Jan Dominiak w Tychach. Oczywi\u015bcie, obejmuj\u0105 zar\u00f3wno odznaki honorowe, presti\u017cowe nagrody bran\u017cowe, jak i certyfikaty jako\u015bci czy dyplomy uznania. Bez w\u0105tpienia, s\u0142u\u017c\u0105 budowaniu [&hellip;]<\/p>\n","protected":false},"author":1,"featured_media":0,"parent":0,"menu_order":20,"comment_status":"closed","ping_status":"closed","template":"","meta":{"footnotes":""},"class_list":["post-204","page","type-page","status-publish","hentry"],"_links":{"self":[{"href":"http:\/\/muzeumminiaturowejsztukiprofesjonalnejhenrykjandominiakwtychach.eu\/index.php?rest_route=\/wp\/v2\/pages\/204","targetHints":{"allow":["GET"]}}],"collection":[{"href":"http:\/\/muzeumminiaturowejsztukiprofesjonalnejhenrykjandominiakwtychach.eu\/index.php?rest_route=\/wp\/v2\/pages"}],"about":[{"href":"http:\/\/muzeumminiaturowejsztukiprofesjonalnejhenrykjandominiakwtychach.eu\/index.php?rest_route=\/wp\/v2\/types\/page"}],"author":[{"embeddable":true,"href":"http:\/\/muzeumminiaturowejsztukiprofesjonalnejhenrykjandominiakwtychach.eu\/index.php?rest_route=\/wp\/v2\/users\/1"}],"replies":[{"embeddable":true,"href":"http:\/\/muzeumminiaturowejsztukiprofesjonalnejhenrykjandominiakwtychach.eu\/index.php?rest_route=%2Fwp%2Fv2%2Fcomments&post=204"}],"version-history":[{"count":4,"href":"http:\/\/muzeumminiaturowejsztukiprofesjonalnejhenrykjandominiakwtychach.eu\/index.php?rest_route=\/wp\/v2\/pages\/204\/revisions"}],"predecessor-version":[{"id":208,"href":"http:\/\/muzeumminiaturowejsztukiprofesjonalnejhenrykjandominiakwtychach.eu\/index.php?rest_route=\/wp\/v2\/pages\/204\/revisions\/208"}],"wp:attachment":[{"href":"http:\/\/muzeumminiaturowejsztukiprofesjonalnejhenrykjandominiakwtychach.eu\/index.php?rest_route=%2Fwp%2Fv2%2Fmedia&parent=204"}],"curies":[{"name":"wp","href":"https:\/\/api.w.org\/{rel}","templated":true}]}}