{"id":198,"date":"2026-04-15T15:52:52","date_gmt":"2026-04-15T13:52:52","guid":{"rendered":"http:\/\/muzeumminiaturowejsztukiprofesjonalnejhenrykjandominiakwtychach.eu\/?page_id=198"},"modified":"2026-04-15T15:52:52","modified_gmt":"2026-04-15T13:52:52","slug":"strategia-rozwoju-kultury","status":"publish","type":"page","link":"http:\/\/muzeumminiaturowejsztukiprofesjonalnejhenrykjandominiakwtychach.eu\/?page_id=198","title":{"rendered":"Strategia rozwoju kultury"},"content":{"rendered":"\n<h2 id=\"a11y-regulamin-pozytywnie-zaopiniowany-przez-departament-legislacyjny-mkidn\" lang=\"pl\" style=\"text-align: left;\"><span id=\"a11y-podmiot\">Muzeum Miniaturowej Sztuki Profesjonalnej Henryk Jan Dominiak w Tychach posiada opracowany i wdra\u017ca w\u0142asny program w zakresie strategii rozwoju kultury.<\/span><\/h2>\n<p style=\"text-align: left;\"><img decoding=\"async\" class=\"alignnone\" src=\"https:\/\/dominiakah.com\/wp\/wp-content\/uploads\/2016\/05\/logo-Henryk-Jan-Dominiak-DOMINIAK-AH.png\" alt=\"Strategia rozwoju kultury\" width=\"120\" height=\"128,375\" \/><\/p>\n<p id=\"a11y-wstep\" style=\"text-align: left;\"><strong>Strategia rozwoju kultury<\/strong> przez <a id=\"a11y-url\" href=\" http:\/\/muzeumminiaturowejsztukiprofesjonalnejhenrykjandominiakwtychach.eu\/?p=76\"><span style=\"text-decoration: underline;\">polskie<\/span><\/a> <span id=\"a11y-podmiot\"><a id=\"a11y-url\" href=\" http:\/\/muzeumminiaturowejsztukiprofesjonalnejhenrykjandominiakwtychach.eu\"><span style=\"text-decoration: underline;\">Muzeum Miniaturowej Sztuki Profesjonalnej Henryk Jan Dominiak w Tychach<\/span><\/a><\/span> opiera si\u0119 na popularyzacji sztuki w skali mikro, zwi\u0119kszaniu dost\u0119pno\u015bci do kultury oraz edukacji artystycznej. Plac\u00f3wka ta aktywnie buduje to\u017csamo\u015b\u0107 kulturow\u0105 poprzez gromadzenie unikalnych zbior\u00f3w, organizacj\u0119 wystaw go\u015bcinnych i wsp\u00f3\u0142prac\u0119 z innymi instytucjami, promuj\u0105c tym samym kultur\u0119 w przestrzeni publicznej.<\/p>\n\n<h3 style=\"text-align: left;\">Kluczowe filary strategii rozwoju kultury:<\/h3>\n<h4 style=\"text-align: left;\">Popularyzacja sztuki miniaturowej:<\/h4>\n<p style=\"text-align: left;\">Gromadzenie i prezentacja dzie\u0142 z zakresu sztuki profesjonalnej, malarstwa, grafiki i rysunku, co umo\u017cliwia obcowanie ze sztuk\u0105 wysok\u0105 w nietypowej, przyst\u0119pnej formie.<\/p>\n\n<h4 style=\"text-align: left;\">Wystawy go\u015bcinne i partnerstwa:<\/h4>\n<p style=\"text-align: left;\">Aktywna wsp\u00f3\u0142praca z centrami kultury, domami kultury i innymi muzeami (np. w Pszczynie, <a id=\"a11y-url\" href=\" http:\/\/muzeumminiaturowejsztukiprofesjonalnejhenrykjandominiakwtychach.eu\/?p=63\"><span style=\"text-decoration: underline;\">Tychach<\/span><\/a>, Nowej Rudzie, Je\u017cowem), co zwi\u0119ksza zasi\u0119g oddzia\u0142ywania muzeum i popularyzuje kultur\u0119 w r\u00f3\u017cnych lokalizacjach.<\/p>\n\n<h4 style=\"text-align: left;\">Edukacja i innowacje:<\/h4>\n<p style=\"text-align: left;\">W\u0142\u0105czanie si\u0119 w projekty kulturalne o charakterze partycypacyjnym oraz wykorzystywanie nowych medi\u00f3w do promocji sztuki.<\/p>\n\n<h4 style=\"text-align: left;\">Dost\u0119pno\u015b\u0107 i inkluzywno\u015b\u0107:<\/h4>\n<p style=\"text-align: left;\">Dostosowywanie oferty do potrzeb r\u00f3\u017cnych grup odbiorc\u00f3w oraz promowanie sztuki w przestrzeni publicznej.<\/p>\n\n<h4 style=\"text-align: left;\">Badanie i ochrona dziedzictwa:<\/h4>\n<p style=\"text-align: left;\">Dzia\u0142alno\u015b\u0107 naukowa i dokumentacyjna, w tym badania nad sztuk\u0105 miniaturow\u0105.<\/p>\n<p style=\"text-align: left;\"><em><span id=\"a11y-podmiot\">Muzeum Miniaturowej Sztuki Profesjonalnej Henryk Jan Dominiak w Tychach, poprzez swoj\u0105 dzia\u0142alno\u015b\u0107, wpasowuje si\u0119 w szersze strategie rozwoju kultury, kt\u00f3re k\u0142ad\u0105 nacisk na zwi\u0119kszenie liczby tw\u00f3rc\u00f3w i odbiorc\u00f3w kultury, w tym z grup wykluczonych.<\/span><\/em><\/p>\n","protected":false},"excerpt":{"rendered":"<p>Muzeum Miniaturowej Sztuki Profesjonalnej Henryk Jan Dominiak w Tychach posiada opracowany i wdra\u017ca w\u0142asny program w zakresie strategii rozwoju kultury. Strategia rozwoju kultury przez polskie Muzeum Miniaturowej Sztuki Profesjonalnej Henryk Jan Dominiak w Tychach opiera si\u0119 na popularyzacji sztuki w skali mikro, zwi\u0119kszaniu dost\u0119pno\u015bci do kultury oraz edukacji artystycznej. Plac\u00f3wka ta aktywnie buduje to\u017csamo\u015b\u0107 kulturow\u0105 [&hellip;]<\/p>\n","protected":false},"author":1,"featured_media":0,"parent":0,"menu_order":24,"comment_status":"closed","ping_status":"closed","template":"","meta":{"footnotes":""},"class_list":["post-198","page","type-page","status-publish","hentry"],"_links":{"self":[{"href":"http:\/\/muzeumminiaturowejsztukiprofesjonalnejhenrykjandominiakwtychach.eu\/index.php?rest_route=\/wp\/v2\/pages\/198","targetHints":{"allow":["GET"]}}],"collection":[{"href":"http:\/\/muzeumminiaturowejsztukiprofesjonalnejhenrykjandominiakwtychach.eu\/index.php?rest_route=\/wp\/v2\/pages"}],"about":[{"href":"http:\/\/muzeumminiaturowejsztukiprofesjonalnejhenrykjandominiakwtychach.eu\/index.php?rest_route=\/wp\/v2\/types\/page"}],"author":[{"embeddable":true,"href":"http:\/\/muzeumminiaturowejsztukiprofesjonalnejhenrykjandominiakwtychach.eu\/index.php?rest_route=\/wp\/v2\/users\/1"}],"replies":[{"embeddable":true,"href":"http:\/\/muzeumminiaturowejsztukiprofesjonalnejhenrykjandominiakwtychach.eu\/index.php?rest_route=%2Fwp%2Fv2%2Fcomments&post=198"}],"version-history":[{"count":5,"href":"http:\/\/muzeumminiaturowejsztukiprofesjonalnejhenrykjandominiakwtychach.eu\/index.php?rest_route=\/wp\/v2\/pages\/198\/revisions"}],"predecessor-version":[{"id":203,"href":"http:\/\/muzeumminiaturowejsztukiprofesjonalnejhenrykjandominiakwtychach.eu\/index.php?rest_route=\/wp\/v2\/pages\/198\/revisions\/203"}],"wp:attachment":[{"href":"http:\/\/muzeumminiaturowejsztukiprofesjonalnejhenrykjandominiakwtychach.eu\/index.php?rest_route=%2Fwp%2Fv2%2Fmedia&parent=198"}],"curies":[{"name":"wp","href":"https:\/\/api.w.org\/{rel}","templated":true}]}}