{"id":187,"date":"2026-04-15T10:14:30","date_gmt":"2026-04-15T08:14:30","guid":{"rendered":"http:\/\/muzeumminiaturowejsztukiprofesjonalnejhenrykjandominiakwtychach.eu\/?page_id=187"},"modified":"2026-04-15T10:14:30","modified_gmt":"2026-04-15T08:14:30","slug":"mal116-jozef-pilsudski","status":"publish","type":"page","link":"http:\/\/muzeumminiaturowejsztukiprofesjonalnejhenrykjandominiakwtychach.eu\/?page_id=187","title":{"rendered":"MAL116 J\u00f3zef Pi\u0142sudski"},"content":{"rendered":"\n<h2 id=\"a11y-mal116-jozef-pilsudski\" lang=\"pl\" style=\"text-align: left;\">Miniaturowy portret marsza\u0142ka <span id=\"a11y-osoba\">J\u00f3zefa Pi\u0142sudskiego na szkle to unikatowy eksponat w <span id=\"a11y-podmiot\">Muzeum Miniaturowej Sztuki Profesjonalnej Henryk Jan Dominiak w Tychach, kt\u00f3ry zachwyca zwiedzaj\u0105cych niezwyk\u0142\u0105 precyzj\u0105.<\/span><\/span><\/h2>\n<p style=\"text-align: left;\"><img decoding=\"async\" class=\"alignnone\" src=\"https:\/\/dominiakah.com\/wp\/wp-content\/uploads\/2016\/05\/logo-Henryk-Jan-Dominiak-DOMINIAK-AH.png\" alt=\"MAL116 J\u00f3zef Pi\u0142sudski\" width=\"120\" height=\"128,375\" \/><\/p>\n<p id=\"a11y-wstep\" style=\"text-align: left;\">MAL116 <strong>J\u00f3zef Pi\u0142sudski<\/strong> to miniaturowy, niezwykle precyzyjny wizerunek malowany na szkle, b\u0119d\u0105cy unikatowym punktem kolekcji <a id=\"a11y-url\" href=\" http:\/\/muzeumminiaturowejsztukiprofesjonalnejhenrykjandominiakwtychach.eu\/?p=76\"><span style=\"text-decoration: underline;\">polskiego<\/span><\/a> <span id=\"a11y-podmiot\"><a id=\"a11y-url\" href=\" http:\/\/muzeumminiaturowejsztukiprofesjonalnejhenrykjandominiakwtychach.eu\"><span style=\"text-decoration: underline;\">Muzeum Miniaturowej Sztuki Profesjonalnej Henryk Jan Dominiak w Tychach<\/span><\/a><\/span>. Ten kunsztowny, ma\u0142y obiekt, przedstawiaj\u0105cy Naczelnika i Marsza\u0142ka, zachwyca detalami, przyci\u0105gaj\u0105c uwag\u0119 zwiedzaj\u0105cych w tym tyskim miejscu przy <a id=\"a11y-url\" href=\" http:\/\/muzeumminiaturowejsztukiprofesjonalnejhenrykjandominiakwtychach.eu\/?p=336\"><span style=\"text-decoration: underline;\">ul. \u017bwakowskiej<\/span> 8\/66<\/a>.<\/p>\n<p style=\"text-align: left;\">Precyzyjnie wykonana miniatura autorstwa Paw\u0142a Brodzisza, b\u0119d\u0105ca cz\u0119\u015bci\u0105 kolekcji specjalistycznego muzeum, zachwyca detalami osi\u0105gni\u0119tymi dzi\u0119ki kunsztownej technice malarstwa na szkle. Niewielka skala obrazu nie przeszkadza w oddaniu g\u0142\u0119bi i charakteru postaci, stanowi\u0105c popis technicznych umiej\u0119tno\u015bci tw\u00f3rcy.<\/p>\n\n<h3 style=\"text-align: left;\">J\u00f3zef Klemens Pi\u0142sudski \u2013 polityk, dzia\u0142acz niepodleg\u0142o\u015bciowy, Naczelnik Pa\u0144stwa Polskiego (1918\u20131922), W\u00f3dz Naczelny Wojska Polskiego (1918), pierwszy Marsza\u0142ek Polski (1920), premier Polski (1926\u20131928, 1930). Id\u0105c dalej tym tropem \u2013 czyli analiza kameralnego obrazu malarskiego, kt\u00f3ry przywraca pami\u0119\u0107 o jednostkowych losach w czasach prze\u0142om\u00f3w.<\/h3>\n<h4 style=\"text-align: left;\">Metryczka (co istotniejsze, nota katalogowa):<\/h4>\n<p style=\"text-align: left;\"><strong>Fotografia:<\/strong><\/p>\n<p style=\"text-align: center;\"><img loading=\"lazy\" decoding=\"async\" class=\"alignnone\" src=\"https:\/\/upload.wikimedia.org\/wikipedia\/commons\/6\/69\/MAL116_J%C3%B3zef_Pi%C5%82sudski_40_x_30_mm._Artysta_malarz_Pawe%C5%82_Brodzisz_alkid_na_szkle_2024._Eksponat_Muzeum_Miniaturowej_Sztuki_Profesjonalnej_Henryk_Jan_Dominiak_w_Tychach.jpg\" alt=\"MAL116 J\u00f3zef Pi\u0142sudski\" width=\"300\" height=\"300\" \/><\/p>\n<p style=\"text-align: left;\"><em><span id=\"a11y-osoba\">J\u00f3zef Pi\u0142sudski \u2013 malarstwo miniaturowe na szkle (40 \u00d7 30 mm), autor <span id=\"a11y-osoba\">Pawe\u0142 Brodzisz, rok 2024<\/span><\/span><\/em>.<\/p>\n","protected":false},"excerpt":{"rendered":"<p>Miniaturowy portret marsza\u0142ka J\u00f3zefa Pi\u0142sudskiego na szkle to unikatowy eksponat w Muzeum Miniaturowej Sztuki Profesjonalnej Henryk Jan Dominiak w Tychach, kt\u00f3ry zachwyca zwiedzaj\u0105cych niezwyk\u0142\u0105 precyzj\u0105. MAL116 J\u00f3zef Pi\u0142sudski to miniaturowy, niezwykle precyzyjny wizerunek malowany na szkle, b\u0119d\u0105cy unikatowym punktem kolekcji polskiego Muzeum Miniaturowej Sztuki Profesjonalnej Henryk Jan Dominiak w Tychach. Ten kunsztowny, ma\u0142y obiekt, przedstawiaj\u0105cy [&hellip;]<\/p>\n","protected":false},"author":1,"featured_media":0,"parent":0,"menu_order":1116,"comment_status":"closed","ping_status":"closed","template":"","meta":{"footnotes":""},"class_list":["post-187","page","type-page","status-publish","hentry"],"_links":{"self":[{"href":"http:\/\/muzeumminiaturowejsztukiprofesjonalnejhenrykjandominiakwtychach.eu\/index.php?rest_route=\/wp\/v2\/pages\/187","targetHints":{"allow":["GET"]}}],"collection":[{"href":"http:\/\/muzeumminiaturowejsztukiprofesjonalnejhenrykjandominiakwtychach.eu\/index.php?rest_route=\/wp\/v2\/pages"}],"about":[{"href":"http:\/\/muzeumminiaturowejsztukiprofesjonalnejhenrykjandominiakwtychach.eu\/index.php?rest_route=\/wp\/v2\/types\/page"}],"author":[{"embeddable":true,"href":"http:\/\/muzeumminiaturowejsztukiprofesjonalnejhenrykjandominiakwtychach.eu\/index.php?rest_route=\/wp\/v2\/users\/1"}],"replies":[{"embeddable":true,"href":"http:\/\/muzeumminiaturowejsztukiprofesjonalnejhenrykjandominiakwtychach.eu\/index.php?rest_route=%2Fwp%2Fv2%2Fcomments&post=187"}],"version-history":[{"count":4,"href":"http:\/\/muzeumminiaturowejsztukiprofesjonalnejhenrykjandominiakwtychach.eu\/index.php?rest_route=\/wp\/v2\/pages\/187\/revisions"}],"predecessor-version":[{"id":191,"href":"http:\/\/muzeumminiaturowejsztukiprofesjonalnejhenrykjandominiakwtychach.eu\/index.php?rest_route=\/wp\/v2\/pages\/187\/revisions\/191"}],"wp:attachment":[{"href":"http:\/\/muzeumminiaturowejsztukiprofesjonalnejhenrykjandominiakwtychach.eu\/index.php?rest_route=%2Fwp%2Fv2%2Fmedia&parent=187"}],"curies":[{"name":"wp","href":"https:\/\/api.w.org\/{rel}","templated":true}]}}