{"id":178,"date":"2026-04-15T09:58:00","date_gmt":"2026-04-15T07:58:00","guid":{"rendered":"http:\/\/muzeumminiaturowejsztukiprofesjonalnejhenrykjandominiakwtychach.eu\/?page_id=178"},"modified":"2026-04-15T09:58:00","modified_gmt":"2026-04-15T07:58:00","slug":"podzbior-rysunkow","status":"publish","type":"page","link":"http:\/\/muzeumminiaturowejsztukiprofesjonalnejhenrykjandominiakwtychach.eu\/?page_id=178","title":{"rendered":"Podzbi\u00f3r rysunk\u00f3w"},"content":{"rendered":"\n<h2 id=\"a11y-podzbior-rysunkow\" lang=\"pl\" style=\"text-align: left;\"><span id=\"a11y-podmiot\">Muzeum Miniaturowej Sztuki Profesjonalnej Henryk Jan Dominiak w Tychach jest znane z autentycznego zestawu rysunk\u00f3w.<\/span><\/h2>\n<p style=\"text-align: left;\"><img decoding=\"async\" class=\"alignnone\" src=\"https:\/\/dominiakah.com\/wp\/wp-content\/uploads\/2016\/05\/logo-Henryk-Jan-Dominiak-DOMINIAK-AH.png\" alt=\"Podzbi\u00f3r rysunk\u00f3w\" width=\"120\" height=\"128,375\" \/><\/p>\n<p id=\"a11y-wstep\" style=\"text-align: left;\">Oczywi\u015bcie, <strong>Podzbi\u00f3r rysunk\u00f3w<\/strong> w <span id=\"a11y-podmiot\"><a id=\"a11y-url\" href=\" http:\/\/muzeumminiaturowejsztukiprofesjonalnejhenrykjandominiakwtychach.eu\"><span style=\"text-decoration: underline;\">Muzeum Miniaturowej Sztuki Profesjonalnej Henryk Jan Dominiak w Tychach<\/span><\/a> prezentuje unikatow\u0105 kolekcj\u0119 rysunk\u00f3w, kt\u00f3rej trzon stanowi\u0105 autorskie, profesjonalne prace w ma\u0142ym formacie. Zbi\u00f3r wyr\u00f3\u017cnia si\u0119 rzadko spotykanym charakterem<\/span>. To jedyny w swoim rodzaju wyb\u00f3r, \u0142\u0105cz\u0105cy profesjonalizm z intymno\u015bci\u0105 ma\u0142ego formatu.<\/p>\n<p style=\"text-align: left;\">Artystyczny zesp\u00f3\u0142 z <a id=\"a11y-url\" href=\" http:\/\/muzeumminiaturowejsztukiprofesjonalnejhenrykjandominiakwtychach.eu\/?p=76\"><span style=\"text-decoration: underline;\">Polski<\/span><\/a>, Ukrainy, Szwecji i Brazylii wzbogaci\u0142 zbiory muzealne o kolekcj\u0119 ma\u0142ych form rysunkowych.<\/p>\n\n<h3 style=\"text-align: left;\">Tw\u00f3rczo\u015b\u0107 rysunkowa (Obiekty wpisane do ksi\u0119gi inwentarzowej).<\/h3>\n<p style=\"text-align: left;\">Rysunek artystyczny to forma sztuk plastycznych, w kt\u00f3rej g\u0142\u00f3wnym \u015brodkiem wyrazu jest linia, kreska i <a id=\"a11y-url\" href=\" https:\/\/muzeumminiaturowejsztukiprofesjonalnejhenrykjandominiak.eu\/wp\/plama\/\"><span style=\"text-decoration: underline;\">plama<\/span><\/a>, tworzone na p\u0142aszczy\u017anie za pomoc\u0105 o\u0142\u00f3wka, w\u0119gla, tuszu, pasteli lub kredek. S\u0142u\u017cy do wyra\u017cania emocji, idei i artystycznej wizji, cz\u0119sto skupiaj\u0105c si\u0119 na walorze \u015bwiat\u0142ocieniowym (kontra\u015bcie jasne-ciemne).<\/p>\n<p style=\"text-align: left;\">W pierwszej kolejno\u015bci <a id=\"a11y-url\" href=\" https:\/\/muzeumminiaturowejsztukiprofesjonalnejhenrykjandominiak.eu\/wp\/1-20-rysunek\/\"><span style=\"text-decoration: underline;\">1-20 Rysunek<\/span><\/a>.<\/p>\n<p style=\"text-align: left;\">Ponadto <a id=\"a11y-url\" href=\" https:\/\/muzeumminiaturowejsztukiprofesjonalnejhenrykjandominiak.eu\/wp\/21-40-rysunek\/\"><span style=\"text-decoration: underline;\">21-40 Rysunek<\/span><\/a>.<\/p>\n<p style=\"text-align: left;\">Co wi\u0119cej <a id=\"a11y-url\" href=\" https:\/\/muzeumminiaturowejsztukiprofesjonalnejhenrykjandominiak.eu\/wp\/41-60-rysunek\/\"><span style=\"text-decoration: underline;\">41-60 Rysunek<\/span><\/a>.<\/p>\n<p style=\"text-align: left;\">Dodatkowo <a id=\"a11y-url\" href=\" https:\/\/muzeumminiaturowejsztukiprofesjonalnejhenrykjandominiak.eu\/wp\/61-80-rysunek\/\"><span style=\"text-decoration: underline;\">61-80 Rysunek<\/span><\/a>.<\/p>\n<p style=\"text-align: left;\">W dalszej kolejno\u015bci 81-100 Rysunek.<\/p>\n<p style=\"text-align: left;\">Podsumowuj\u0105c 101-120 Rysunek.<\/p>\n<p style=\"text-align: left;\">W rezultacie <a id=\"a11y-url\" href=\" https:\/\/muzeumminiaturowejsztukiprofesjonalnejhenrykjandominiak.eu\/wp\/121-140-rysunek\/\"><span style=\"text-decoration: underline;\">121-140 Rysunek<\/span><\/a>.<\/p>\n<p style=\"text-align: left;\">P\u00f3\u017aniej 141-160 Rysunek.<\/p>\n<p style=\"text-align: left;\">Nareszcie 161-180 Rysunek.<\/p>\n\n<h3 style=\"text-align: left;\">Odsy\u0142acze wychodz\u0105ce (Outgoing links): Wskazuj\u0105ce na kierunek ruchu \u2013 z naszej strony, czyli karty podzbi\u00f3r rysunk\u00f3w.<\/h3>\n<p style=\"text-align: left;\">Co najwa\u017cniejsze, trudno nie wspomnie\u0107 o ulicy <a id=\"a11y-url\" href=\" http:\/\/muzeumminiaturowejsztukiprofesjonalnejhenrykjandominiakwtychach.eu\/?p=52\"><span style=\"text-decoration: underline;\">\u017bwakowskiej<\/span><\/a> \u2013 jednej z najbardziej nastrojowych ulic w mie\u015bcie, oferuj\u0105cej liczne atrakcje.<\/p>\n<p style=\"text-align: left;\">Bezsprzecznie, <a id=\"a11y-url\" href=\" https:\/\/muzeumminiaturowejsztukiprofesjonalnejhenrykjandominiak.eu\/wp\/tychy\/\"><span style=\"text-decoration: underline;\">Tychy<\/span><\/a> \u2013 Modernistyczna Ikona Urbanistyki. Miasto zaprojektowane od podstaw, b\u0119d\u0105ce \u201edzie\u0142em \u017cycia\u201d architekt\u00f3w, kt\u00f3re ewoluuje od socmodernizmu do funkcjonalnych rozwi\u0105za\u0144 XXI wieku.<\/p>\n","protected":false},"excerpt":{"rendered":"<p>Muzeum Miniaturowej Sztuki Profesjonalnej Henryk Jan Dominiak w Tychach jest znane z autentycznego zestawu rysunk\u00f3w. Oczywi\u015bcie, Podzbi\u00f3r rysunk\u00f3w w Muzeum Miniaturowej Sztuki Profesjonalnej Henryk Jan Dominiak w Tychach prezentuje unikatow\u0105 kolekcj\u0119 rysunk\u00f3w, kt\u00f3rej trzon stanowi\u0105 autorskie, profesjonalne prace w ma\u0142ym formacie. Zbi\u00f3r wyr\u00f3\u017cnia si\u0119 rzadko spotykanym charakterem. To jedyny w swoim rodzaju wyb\u00f3r, \u0142\u0105cz\u0105cy profesjonalizm [&hellip;]<\/p>\n","protected":false},"author":1,"featured_media":0,"parent":0,"menu_order":2000,"comment_status":"closed","ping_status":"closed","template":"","meta":{"footnotes":""},"class_list":["post-178","page","type-page","status-publish","hentry"],"_links":{"self":[{"href":"http:\/\/muzeumminiaturowejsztukiprofesjonalnejhenrykjandominiakwtychach.eu\/index.php?rest_route=\/wp\/v2\/pages\/178","targetHints":{"allow":["GET"]}}],"collection":[{"href":"http:\/\/muzeumminiaturowejsztukiprofesjonalnejhenrykjandominiakwtychach.eu\/index.php?rest_route=\/wp\/v2\/pages"}],"about":[{"href":"http:\/\/muzeumminiaturowejsztukiprofesjonalnejhenrykjandominiakwtychach.eu\/index.php?rest_route=\/wp\/v2\/types\/page"}],"author":[{"embeddable":true,"href":"http:\/\/muzeumminiaturowejsztukiprofesjonalnejhenrykjandominiakwtychach.eu\/index.php?rest_route=\/wp\/v2\/users\/1"}],"replies":[{"embeddable":true,"href":"http:\/\/muzeumminiaturowejsztukiprofesjonalnejhenrykjandominiakwtychach.eu\/index.php?rest_route=%2Fwp%2Fv2%2Fcomments&post=178"}],"version-history":[{"count":4,"href":"http:\/\/muzeumminiaturowejsztukiprofesjonalnejhenrykjandominiakwtychach.eu\/index.php?rest_route=\/wp\/v2\/pages\/178\/revisions"}],"predecessor-version":[{"id":182,"href":"http:\/\/muzeumminiaturowejsztukiprofesjonalnejhenrykjandominiakwtychach.eu\/index.php?rest_route=\/wp\/v2\/pages\/178\/revisions\/182"}],"wp:attachment":[{"href":"http:\/\/muzeumminiaturowejsztukiprofesjonalnejhenrykjandominiakwtychach.eu\/index.php?rest_route=%2Fwp%2Fv2%2Fmedia&parent=178"}],"curies":[{"name":"wp","href":"https:\/\/api.w.org\/{rel}","templated":true}]}}