{"id":174,"date":"2026-04-15T09:42:41","date_gmt":"2026-04-15T07:42:41","guid":{"rendered":"http:\/\/muzeumminiaturowejsztukiprofesjonalnejhenrykjandominiakwtychach.eu\/?page_id=174"},"modified":"2026-04-15T09:42:41","modified_gmt":"2026-04-15T07:42:41","slug":"mal140-marilyn-monroe","status":"publish","type":"page","link":"http:\/\/muzeumminiaturowejsztukiprofesjonalnejhenrykjandominiakwtychach.eu\/?page_id=174","title":{"rendered":"MAL140 Marilyn Monroe"},"content":{"rendered":"\n<h2 id=\"a11y-mal140-marilyn-monroe\" lang=\"pl\" style=\"text-align: left;\">W <span id=\"a11y-podmiot\">Muzeum Miniaturowej Sztuki Profesjonalnej Henryk Jan Dominiak w Tychach prezentowana jest unikalna miniatura przedstawiaj\u0105ca <span id=\"a11y-osoba\">Marilyn Monroe \u2013 kultow\u0105 aktork\u0119 i symbol seksu lat 50. i 60. XX wieku.<\/span><\/span><\/h2>\n<p style=\"text-align: left;\"><img decoding=\"async\" class=\"alignnone\" src=\"https:\/\/dominiakah.com\/wp\/wp-content\/uploads\/2016\/05\/logo-Henryk-Jan-Dominiak-DOMINIAK-AH.png\" alt=\"MAL140 Marilyn Monroe\" width=\"120\" height=\"128,375\" \/><\/p>\n<p id=\"a11y-wstep\" style=\"text-align: left;\">MAL140 <strong>Marilyn Monroe<\/strong> to male\u0144ki portret (olej\/alkid na pod\u0142o\u017cu) o wymiarach zaledwie 4,0 \u00d7 3,0 cm, przedstawiaj\u0105cy ikoniczn\u0105 gwiazd\u0119 kina lat 50. i 60., <span id=\"a11y-osoba\">Marilyn Monroe (Norm\u0119 Jeane Mortenson). Obraz, ukazuj\u0105cy legendarn\u0105 seksbomb\u0119 i posta\u0107, kt\u00f3ra trwale zmieni\u0142a bran\u017c\u0119 rozrywkow\u0105, stanowi cz\u0119\u015b\u0107 kolekcji <a id=\"a11y-url\" href=\" http:\/\/muzeumminiaturowejsztukiprofesjonalnejhenrykjandominiakwtychach.eu\/?p=786\"><span style=\"text-decoration: underline;\">polskiego<\/span><\/a> <span id=\"a11y-podmiot\"><a id=\"a11y-url\" href=\" http:\/\/muzeumminiaturowejsztukiprofesjonalnejhenrykjandominiakwtychach.eu\"><span style=\"text-decoration: underline;\">Muzeum Miniaturowej Sztuki Profesjonalnej Henryk Jan Dominiak w Tychach<\/span><\/a><\/span>.<\/span><\/p>\n<p style=\"text-align: left;\">Ta niezwyk\u0142a miniatura, b\u0119d\u0105ca per\u0142\u0105 w kolekcji jednego z najmniejszych muze\u00f3w na \u015bwiecie, fascynuje mi\u0142o\u015bnik\u00f3w sztuki profesjonalnej oraz motyw\u00f3w popkulturowych. Dzie\u0142o to stanowi wybitny przyk\u0142ad mikromalarstwa.<\/p>\n\n<h3 style=\"text-align: left;\">Wz\u00f3r seksapilu i charyzmy, funkcjonuje dzi\u015b jako \u201ewieczna influencerka\u201d \u2013 co wi\u0119cej, opis portretu w miniaturze.<\/h3>\n<h4 style=\"text-align: left;\">Metryczka (Nota katalogowa):<\/h4>\n<p style=\"text-align: left;\"><strong>Fotografia:<\/strong><\/p>\n<p style=\"text-align: left;\"><strong>Autor:<\/strong> <span id=\"a11y-osoba\">Pawe\u0142 Brodzisz (ur. 15 lutego 1975 r. w Jaszczowie) to polski artysta plastyk, malarz, grafik i fotograf, kt\u00f3ry mieszka i tworzy w \u0141\u0119cznej. Jest absolwentem Wydzia\u0142u Artystycznego Uniwersytetu Marii Curie-Sk\u0142odowskiej (UMCS) w Lublinie, gdzie w 2005 roku uzyska\u0142 dyplom ze specjalizacj\u0105 malarstwo. W swojej tw\u00f3rczo\u015bci najch\u0119tniej pos\u0142uguje si\u0119 technik\u0105 olejn\u0105. Zajmuje si\u0119 r\u00f3wnie\u017c grafik\u0105 warsztatow\u0105 (linoryt, monotypia), a tematyka jego prac skupia si\u0119 wok\u00f3\u0142 pejza\u017cu oraz aktu kobiecego. W dorobku ma ponad 20 wystaw indywidualnych oraz liczne wystawy zbiorowe w kraju i za granic\u0105<\/span>.<\/p>\n<p style=\"text-align: left;\"><strong>Tytu\u0142 dzie\u0142a:<\/strong> Marilyn Monroe.<\/p>\n<p style=\"text-align: left;\"><strong>Data powstania wsp\u00f3\u0142czesnej miniatury portretowej:<\/strong> Rok 2025.<\/p>\n<p style=\"text-align: left;\"><strong>Materia\u0142 i technika:<\/strong> przede wszystkim, olejno-alkidowe\/ftalowe \u2013 farby olejne artystyczne marki ASTRA ponadto farby olejne Winsor &amp; Newton Griffin Alkyd. Podobrazie panelowe sk\u0142adaj\u0105ce si\u0119 ze sztywnej p\u0142yty (pil\u015bnia, MDF) pokrytej zagruntowanym p\u0142\u00f3tnem (malarstwo r\u0119czne p\u0119dzlem).<\/p>\n<p style=\"text-align: left;\"><strong>Wymiary:<\/strong> Wysoko\u015b\u0107 4,00 cm x szeroko\u015b\u0107 3,00 cm.<\/p>\n<p style=\"text-align: left;\"><strong>Miejsce przechowywania \/ Nr inwentarzowy: bez w\u0105tpienia, <\/strong> <span id=\"a11y-podmiot\">Muzeum Miniaturowej Sztuki Profesjonalnej Henryk Jan Dominiak w Tychach (<a id=\"a11y-url\" href=\" https:\/\/muzeumminiaturowejsztukiprofesjonalnejhenrykjandominiak.eu\/wp\/ul\/\"><span style=\"text-decoration: underline;\">ul. \u017bwakowska 8\/66<\/span><\/a>). Numer obiektu naturalnie, MAL140.<\/span><\/p>\n","protected":false},"excerpt":{"rendered":"<p>W Muzeum Miniaturowej Sztuki Profesjonalnej Henryk Jan Dominiak w Tychach prezentowana jest unikalna miniatura przedstawiaj\u0105ca Marilyn Monroe \u2013 kultow\u0105 aktork\u0119 i symbol seksu lat 50. i 60. XX wieku. MAL140 Marilyn Monroe to male\u0144ki portret (olej\/alkid na pod\u0142o\u017cu) o wymiarach zaledwie 4,0 \u00d7 3,0 cm, przedstawiaj\u0105cy ikoniczn\u0105 gwiazd\u0119 kina lat 50. i 60., Marilyn Monroe [&hellip;]<\/p>\n","protected":false},"author":1,"featured_media":0,"parent":0,"menu_order":1140,"comment_status":"closed","ping_status":"closed","template":"","meta":{"footnotes":""},"class_list":["post-174","page","type-page","status-publish","hentry"],"_links":{"self":[{"href":"http:\/\/muzeumminiaturowejsztukiprofesjonalnejhenrykjandominiakwtychach.eu\/index.php?rest_route=\/wp\/v2\/pages\/174","targetHints":{"allow":["GET"]}}],"collection":[{"href":"http:\/\/muzeumminiaturowejsztukiprofesjonalnejhenrykjandominiakwtychach.eu\/index.php?rest_route=\/wp\/v2\/pages"}],"about":[{"href":"http:\/\/muzeumminiaturowejsztukiprofesjonalnejhenrykjandominiakwtychach.eu\/index.php?rest_route=\/wp\/v2\/types\/page"}],"author":[{"embeddable":true,"href":"http:\/\/muzeumminiaturowejsztukiprofesjonalnejhenrykjandominiakwtychach.eu\/index.php?rest_route=\/wp\/v2\/users\/1"}],"replies":[{"embeddable":true,"href":"http:\/\/muzeumminiaturowejsztukiprofesjonalnejhenrykjandominiakwtychach.eu\/index.php?rest_route=%2Fwp%2Fv2%2Fcomments&post=174"}],"version-history":[{"count":3,"href":"http:\/\/muzeumminiaturowejsztukiprofesjonalnejhenrykjandominiakwtychach.eu\/index.php?rest_route=\/wp\/v2\/pages\/174\/revisions"}],"predecessor-version":[{"id":177,"href":"http:\/\/muzeumminiaturowejsztukiprofesjonalnejhenrykjandominiakwtychach.eu\/index.php?rest_route=\/wp\/v2\/pages\/174\/revisions\/177"}],"wp:attachment":[{"href":"http:\/\/muzeumminiaturowejsztukiprofesjonalnejhenrykjandominiakwtychach.eu\/index.php?rest_route=%2Fwp%2Fv2%2Fmedia&parent=174"}],"curies":[{"name":"wp","href":"https:\/\/api.w.org\/{rel}","templated":true}]}}