{"id":169,"date":"2026-04-15T09:24:44","date_gmt":"2026-04-15T07:24:44","guid":{"rendered":"http:\/\/muzeumminiaturowejsztukiprofesjonalnejhenrykjandominiakwtychach.eu\/?page_id=169"},"modified":"2026-04-15T09:26:43","modified_gmt":"2026-04-15T07:26:43","slug":"rze48-hrabia-fryderyk-wilhelm-von-reden","status":"publish","type":"page","link":"http:\/\/muzeumminiaturowejsztukiprofesjonalnejhenrykjandominiakwtychach.eu\/?page_id=169","title":{"rendered":"RZE48 Hrabia Fryderyk Wilhelm von Reden"},"content":{"rendered":"\n<h2 id=\"a11y-rze48-hrabia-fryderyk-wilhelm-von-rede\" lang=\"pl\" style=\"text-align: left;\">W <span id=\"a11y-podmiot\">Muzeum Miniaturowej Sztuki Profesjonalnej Henryk Jan Dominiak w Tychach eksponowana jest ma\u0142a forma rze\u017abiarska (tr\u00f3jwymiarowa), kt\u00f3ra przedstawia posta\u0107 hrabiego <span id=\"a11y-osoba\">Friedricha Wilhelma von Redena.<\/span><\/span><\/h2>\n<p style=\"text-align: left;\"><img decoding=\"async\" class=\"alignnone\" src=\"https:\/\/dominiakah.com\/wp\/wp-content\/uploads\/2016\/05\/logo-Henryk-Jan-Dominiak-DOMINIAK-AH.png\" alt=\"RZE48 Hrabia Fryderyk Wilhelm von Reden\" width=\"120\" height=\"128,375\" \/><\/p>\n<p id=\"a11y-wstep\" style=\"text-align: left;\">RZE48 <strong>Hrabia Fryderyk Wilhelm von Reden<\/strong>, to mikro-rze\u017aba przedstawiaj\u0105ca posta\u0107 prekursora g\u00f3rno\u015bl\u0105skiego przemys\u0142u, eksponowana w <a id=\"a11y-url\" href=\" http:\/\/muzeumminiaturowejsztukiprofesjonalnejhenrykjandominiakwtychach.eu\/?p=76\"><span style=\"text-decoration: underline;\">polskim<\/span><\/a> <span id=\"a11y-podmiot\"><a id=\"a11y-url\" href=\" http:\/\/muzeumminiaturowejsztukiprofesjonalnejhenrykjandominiakwtychach.eu\"><span style=\"text-decoration: underline;\">Muzeum Miniaturowej Sztuki Profesjonalnej Henryk Jan Dominiak w Tychach<\/span><\/a><\/span>.<\/p>\n<p style=\"text-align: left;\">Obiekt ten wpisuje si\u0119 w kolekcj\u0119 rze\u017ab prezentowan\u0105 w jednym z najmniejszych muze\u00f3w na \u015bwiecie, kt\u00f3re specjalizuje si\u0119 w sztuce miniaturowej. Mini-pomnik hrabiego Redena, autorstwa rze\u017abiarki i krytyk sztuki Danuty Sagi Tomaszewskiej, to precyzyjnie wykonana rze\u017aba w materiale \u017cywicznym.<\/p>\n\n<h3 style=\"text-align: left;\">Ojciec (g\u00f3rno\u015bl\u0105skiego przemys\u0142u), Pionier, Wizjoner, Tw\u00f3rca \u2013 jednym s\u0142owem, opis rze\u017aby.<\/h3>\n<h4 style=\"text-align: left;\">Metryczka (Nota katalogowa):<\/h4>\n<p style=\"text-align: left;\"><strong>Fotografia:<\/strong><\/p>\n<p style=\"text-align: left;\"><strong>Autor:<\/strong> Danuta \u201eSaga\u201d Tomaszewska w\u0142a\u015bciwie Danuta Zofia Tomaszewska SAGA (zm. 2016). By\u0142a uznan\u0105 artystk\u0105 rze\u017abiark\u0105, ceramikiem, malark\u0105 i pedagogiem, zwi\u0105zan\u0105 z Sierakowem i Poznaniem.<\/p>\n<p style=\"text-align: left;\"><strong>Tytu\u0142 dzie\u0142a:<\/strong> Hrabia Fryderyk Wilhelm von Reden.<\/p>\n<p style=\"text-align: left;\"><strong>Data powstania rze\u017aby:<\/strong> Rok 2013.<\/p>\n<p style=\"text-align: left;\"><strong>Materia\u0142 i technika:<\/strong> masa plastyczna, pomalowana na kolor z\u0142oty (formowana r\u0119cznie z u\u017cyciem narz\u0119dzi rze\u017abiarskich).<\/p>\n<p style=\"text-align: left;\"><strong>Wymiary:<\/strong> Wysoko\u015b\u0107 1,7, szeroko\u015b\u0107, g\u0142\u0119boko\u015b\u0107 (cm).<\/p>\n<p style=\"text-align: left;\"><strong>Miejsce przechowywania \/ Nr inwentarzowy: bez w\u0105tpienia, <\/strong> <span id=\"a11y-podmiot\">Muzeum Miniaturowej Sztuki Profesjonalnej Henryk Jan Dominiak w Tychach (<a id=\"a11y-url\" href=\" https:\/\/muzeumminiaturowejsztukiprofesjonalnejhenrykjandominiak.eu\/wp\/ul\/\"><span style=\"text-decoration: underline;\">ul. \u017bwakowska 8\/66<\/span><\/a>). Numer obiektu oczywi\u015bcie, RZE48.<\/span><\/p>\n\n<h4 style=\"text-align: left;\">Analiza formalna:<\/h4>\n<p style=\"text-align: left;\"><strong>Bry\u0142a i forma:<\/strong> Okre\u015blenie, jest to rze\u017aba pe\u0142noplastyczna (wolnowisz\u0105ca w szklanej kuli).<\/p>\n<p style=\"text-align: left;\"><strong>Kompozycja:<\/strong> Zamkni\u0119ta, statyczna, uk\u0142ad postaci (popiersie).<\/p>\n<p style=\"text-align: left;\"><strong>Faktura:<\/strong> Opracowanie powierzchni (g\u0142adka).<\/p>\n<p style=\"text-align: left;\"><strong>Relacja ze \u015bwiat\u0142em:<\/strong> \u015awiat\u0142o i cie\u0144 s\u0105 u\u017cywane do tworzenia kontrast\u00f3w. Ostre, kierunkowe \u015bwiat\u0142o z g\u00f3ry (w godzinach popo\u0142udniowych i wieczornych &#8211; jesieni\u0105 lub zim\u0105) tworzy g\u0142\u0119bokie cienie i ostre kraw\u0119dzie. Podczas gdy \u015bwiat\u0142o boczne dzienne mi\u0119kkie, rozproszone wyg\u0142adza powierzchnie i podkre\u015bla delikatne krzywizny. Niezaprzeczalnie uwydatnia chropowato\u015b\u0107, lub \u015blady narz\u0119dzi na powierzchni rze\u017aby.<\/p>\n\n<h4 style=\"text-align: left;\">Interpretacja i ekspresja:<\/h4>\n<p style=\"text-align: left;\"><strong>Tematyka:<\/strong> Co rze\u017aba przedstawia (posta\u0107, s\u0119dziwego m\u0119\u017cczyzn\u0119).<\/p>\n<p style=\"text-align: left;\"><strong>Ekspresja \/ Wyraz:<\/strong> Nastr\u00f3j rze\u017aby, emocje, jakie przekazuje (spok\u00f3j, kontemplacja &#8211; g\u0142\u0119boki, uwa\u017cny wgl\u0105d, skupienie i rozwa\u017canie).<\/p>\n<p style=\"text-align: left;\"><strong>Kontekst:<\/strong> Umiejscowienie rze\u017aby w czasie, stylu (rze\u017aba wsp\u00f3\u0142czesna) oraz jej przeznaczenie (muzealne &#8211; ogl\u0105danie).<\/p>\n\n<h3 style=\"text-align: left;\">Outbound Links (Linki wychodz\u0105ce ze strony, kt\u00f3ra stanowi nadzbi\u00f3r obraz\u00f3w rysunk\u00f3w grafik).<\/h3>\n<p style=\"text-align: left;\">Co istotne <a id=\"a11y-url\" href=\" https:\/\/dominiakah.com\/wp\/skryba-tusze-tonery-pieczatki-i-papiery-tychy\/\"><span style=\"text-decoration: underline;\"><span id=\"a11y-osoba\">IRENA SIERO\u0143SKA-PIKOR SKRYBA Tusze Tonery Piecz\u0105tki i Papiery Tychy<\/span><\/span><\/a>.<\/p>\n<p style=\"text-align: left;\">Nawet <a id=\"a11y-url\" href=\" https:\/\/dominiakah.com\/wp\/skryba-tusze-tonery-pieczatki-i-papiery-tychy\/\"><span style=\"text-decoration: underline;\">DOM LUX TYCHY Honoraty 32 <span id=\"a11y-osoba\">Wies\u0142awa Konieczna<\/span><\/span><\/a>.<\/p>\n","protected":false},"excerpt":{"rendered":"<p>W Muzeum Miniaturowej Sztuki Profesjonalnej Henryk Jan Dominiak w Tychach eksponowana jest ma\u0142a forma rze\u017abiarska (tr\u00f3jwymiarowa), kt\u00f3ra przedstawia posta\u0107 hrabiego Friedricha Wilhelma von Redena. RZE48 Hrabia Fryderyk Wilhelm von Reden, to mikro-rze\u017aba przedstawiaj\u0105ca posta\u0107 prekursora g\u00f3rno\u015bl\u0105skiego przemys\u0142u, eksponowana w polskim Muzeum Miniaturowej Sztuki Profesjonalnej Henryk Jan Dominiak w Tychach. Obiekt ten wpisuje si\u0119 w kolekcj\u0119 [&hellip;]<\/p>\n","protected":false},"author":1,"featured_media":0,"parent":0,"menu_order":4048,"comment_status":"closed","ping_status":"closed","template":"","meta":{"footnotes":""},"class_list":["post-169","page","type-page","status-publish","hentry"],"_links":{"self":[{"href":"http:\/\/muzeumminiaturowejsztukiprofesjonalnejhenrykjandominiakwtychach.eu\/index.php?rest_route=\/wp\/v2\/pages\/169","targetHints":{"allow":["GET"]}}],"collection":[{"href":"http:\/\/muzeumminiaturowejsztukiprofesjonalnejhenrykjandominiakwtychach.eu\/index.php?rest_route=\/wp\/v2\/pages"}],"about":[{"href":"http:\/\/muzeumminiaturowejsztukiprofesjonalnejhenrykjandominiakwtychach.eu\/index.php?rest_route=\/wp\/v2\/types\/page"}],"author":[{"embeddable":true,"href":"http:\/\/muzeumminiaturowejsztukiprofesjonalnejhenrykjandominiakwtychach.eu\/index.php?rest_route=\/wp\/v2\/users\/1"}],"replies":[{"embeddable":true,"href":"http:\/\/muzeumminiaturowejsztukiprofesjonalnejhenrykjandominiakwtychach.eu\/index.php?rest_route=%2Fwp%2Fv2%2Fcomments&post=169"}],"version-history":[{"count":4,"href":"http:\/\/muzeumminiaturowejsztukiprofesjonalnejhenrykjandominiakwtychach.eu\/index.php?rest_route=\/wp\/v2\/pages\/169\/revisions"}],"predecessor-version":[{"id":173,"href":"http:\/\/muzeumminiaturowejsztukiprofesjonalnejhenrykjandominiakwtychach.eu\/index.php?rest_route=\/wp\/v2\/pages\/169\/revisions\/173"}],"wp:attachment":[{"href":"http:\/\/muzeumminiaturowejsztukiprofesjonalnejhenrykjandominiakwtychach.eu\/index.php?rest_route=%2Fwp%2Fv2%2Fmedia&parent=169"}],"curies":[{"name":"wp","href":"https:\/\/api.w.org\/{rel}","templated":true}]}}