{"id":127,"date":"2026-04-14T19:01:43","date_gmt":"2026-04-14T17:01:43","guid":{"rendered":"http:\/\/muzeumminiaturowejsztukiprofesjonalnejhenrykjandominiakwtychach.eu\/?page_id=127"},"modified":"2026-04-14T19:19:52","modified_gmt":"2026-04-14T17:19:52","slug":"muzealium-o-tematyce-hagiograficznej-lub-biblijnej","status":"publish","type":"page","link":"http:\/\/muzeumminiaturowejsztukiprofesjonalnejhenrykjandominiakwtychach.eu\/?page_id=127","title":{"rendered":"Muzealium o tematyce hagiograficznej lub biblijnej"},"content":{"rendered":"\n<h2 id=\"a11y-muzealium-o-tematyce-hagiograficznej-lub-biblijnej\" lang=\"pl\" style=\"text-align: left;\"><span id=\"a11y-podmiot\">Muzeum Miniaturowej Sztuki Profesjonalnej Henryk Jan Dominiak w Tychach zaprasza do obejrzenia unikalnej kolekcji ma\u0142ych dzie\u0142 o tematyce biblijnej i \u017cywot\u00f3w \u015bwi\u0119tych.<\/span><\/h2>\n<p style=\"text-align: left;\"><img decoding=\"async\" class=\"alignnone\" src=\"https:\/\/dominiakah.com\/wp\/wp-content\/uploads\/2016\/05\/logo-Henryk-Jan-Dominiak-DOMINIAK-AH.png\" alt=\"Muzealium o tematyce hagiograficznej lub biblijnej\" width=\"120\" height=\"128,375\" \/><\/p>\n<p id=\"a11y-wstep\" style=\"text-align: left;\"><strong>Muzealium o tematyce hagiograficznej lub biblijnej<\/strong> w kontek\u015bcie <a id=\"a11y-url\" href=\" http:\/\/muzeumminiaturowejsztukiprofesjonalnejhenrykjandominiakwtychach.eu\/?p=76\"><span style=\"text-decoration: underline;\">polskiego<\/span><\/a> <span id=\"a11y-podmiot\"><a id=\"a11y-url\" href=\" http:\/\/muzeumminiaturowejsztukiprofesjonalnejhenrykjandominiakwtychach.eu\"><span style=\"text-decoration: underline;\">Muzeum Miniaturowej Sztuki Profesjonalnej Henryk Jan Dominiak w Tychach<\/span><\/a> to artystyczne wizerunki (<a id=\"a11y-url\" href=\" http:\/\/muzeumminiaturowejsztukiprofesjonalnejhenrykjandominiakwtychach.eu\/?p=51\"><span style=\"text-decoration: underline;\">malarstwo, rysunek, grafika<\/span><\/a><\/span>, <a id=\"a11y-url\" href=\" http:\/\/muzeumminiaturowejsztukiprofesjonalnejhenrykjandominiakwtychach.eu\/?p=203\"><span style=\"text-decoration: underline;\">rze\u017aba, relief<\/span><\/a> \/ medale) uwieczniaj\u0105ce:<\/p>\n\n<h3 style=\"text-align: left;\">Niezwykle r\u00f3\u017cnorodny zbi\u00f3r obiekt\u00f3w<\/h3>\n<h4 style=\"text-align: left;\">Sceny i postacie biblijne:<\/h4>\n<p style=\"text-align: left;\">Miniaturowe przedstawienia Starego i Nowego Testamentu, w tym pasyjne (np. <a id=\"a11y-url\" href=\" http:\/\/muzeumminiaturowejsztukiprofesjonalnejhenrykjandominiakwtychach.eu\/?page_id=134\"><span style=\"text-decoration: underline;\">miniaturowa Droga Krzy\u017cowa<\/span><\/a>), sceny Narodzenia czy wizerunki Chrystusa i Matki Boskiej.<\/p>\n\n<h4 style=\"text-align: left;\">\u017bywoty \u015bwi\u0119tych (Hagiografia):<\/h4>\n<p style=\"text-align: left;\">Wizerunki \u015bwi\u0119tych i b\u0142ogos\u0142awionych, przedstawiaj\u0105ce ich atrybuty oraz kluczowe momenty z ich \u017cycia (np. Maria Magdalena, \u015bwi\u0119ci z tradycji chrze\u015bcija\u0144skiej).<\/p>\n\n<h4 style=\"text-align: left;\">W\u0105tki religijne w ma\u0142ej skali:<\/h4>\n<p style=\"text-align: left;\">Przedmioty te, mimo zredukowanych rozmiar\u00f3w, s\u0105 dzie\u0142ami sztuki profesjonalnej, cz\u0119sto tworzonymi przez artyst\u00f3w z Polski, W\u0119gier czy Ukrainy.<\/p>\n\n<h4 style=\"text-align: left;\">Elementy sakralne:<\/h4>\n<p style=\"text-align: left;\">Reliefy, medale religijne i miniaturowe rze\u017aby, kt\u00f3re stanowi\u0105 cz\u0119\u015b\u0107 dzia\u0142u rze\u017aby i ceramiki.<\/p>\n<p style=\"text-align: left;\"><em>Muzeum przy <a id=\"a11y-url\" href=\" http:\/\/muzeumminiaturowejsztukiprofesjonalnejhenrykjandominiakwtychach.eu\/?p=336\"><span style=\"text-decoration: underline;\">ul. \u017bwakowskiej<\/span><\/a> 8\/66 w <a id=\"a11y-url\" href=\" http:\/\/muzeumminiaturowejsztukiprofesjonalnejhenrykjandominiakwtychach.eu\/?p=212\"><span style=\"text-decoration: underline;\">Tychach<\/span><\/a>, b\u0119d\u0105c jedn\u0105 z najmniejszych plac\u00f3wek tego typu na \u015bwiecie, skupia si\u0119 na prezentacji sztuki, kt\u00f3ra wymaga precyzji i docenienia detalu w \u201emikroskali\u201d, co nadaje wizerunkom biblijnym i hagiograficznym unikalnego charakteru intymnego skupienia.<\/em><\/p>\n\n<h3 style=\"text-align: left;\">Udokumentowanie:<\/h3>\n<h4 style=\"text-align: left;\">Obraz olejny w formie miniatury na p\u0142\u00f3tnie, b\u0119d\u0105cy wedut\u0105 \u0141\u0119cznej z ko\u015bcio\u0142em pw. \u015bw. Marii Magdaleny w roli g\u0142\u00f3wnej:<\/h4>\n<p style=\"text-align: center;\"><img loading=\"lazy\" decoding=\"async\" class=\"alignnone size-medium\" src=\"https:\/\/upload.wikimedia.org\/wikipedia\/commons\/2\/2a\/Ko%C5%9Bci%C3%B3%C5%82_w_%C5%81%C4%99cznej_-_wymiary_40_x_30_mm._Wykonawca_Pawe%C5%82_Brodzisz_2013._Obraz_olejny_na_p%C5%82%C3%B3tnie.jpg\" alt=\"\" width=\"300\" height=\"142\" \/><\/p>\n<p style=\"text-align: left;\"><em>Miniaturowy obraz olejny Paw\u0142a Brodzisza przedstawiaj\u0105cy \u201e<a id=\"a11y-url\" href=\" https:\/\/muzeumminiaturowejsztukiprofesjonalnejhenrykjandominiak.eu\/wp\/mal17-kosciol-w-lecznej-pw-sw-marii-magdaleny\/\"><span style=\"text-decoration: underline;\">Ko\u015bci\u00f3\u0142 w \u0141\u0119cznej pw. \u015bw. Marii Magdaleny<\/span><\/a>\u201d (30 \u00d7 40 mm, 2013 r.) wpisuje si\u0119 w tematyk\u0119 hagiograficzn\u0105 i biblijn\u0105 w spos\u00f3b po\u015bredni i kontekstowy, funkcjonuj\u0105c jednocze\u015bnie jako cenny eksponat w nurcie miniaturowej sztuki profesjonalnej.<\/em><\/p>\n<p style=\"text-align: left;\">Oto szczeg\u00f3\u0142owa analiza naukowa i muzealna:<\/p>\n\n<h3 style=\"text-align: left;\">1. Kontekst hagiograficzny (\u017cywot \u015bwi\u0119tych)<\/h3>\n<h4 style=\"text-align: left;\">Obiekt kultu:<\/h4>\n<p style=\"text-align: left;\">Obraz przedstawia \u015bwi\u0105tyni\u0119 dedykowan\u0105 \u015bw. Marii Magdalenie \u2013 jednej z kluczowych postaci biblijnych, \u015bwiadka zmartwychwstania.<\/p>\n\n<h4 style=\"text-align: left;\">Hagiografia miejsca:<\/h4>\n<p style=\"text-align: left;\">W malarstwie sakralnym przedstawienie ko\u015bcio\u0142a tytularnego cz\u0119sto traktowane jest jako nowoczesna forma \u201eportretu \u015bwi\u0119tego\u201d lub miejsca u\u015bwi\u0119conego. Cho\u0107 nie jest to bezpo\u015brednia scena z \u017cycia \u015bwi\u0119tej, obraz realizuje funkcj\u0119 hagiograficzn\u0105 poprzez uwiecznienie miejsca jej kultu (wotum).<\/p>\n\n<h3 style=\"text-align: left;\">2. Kontekst biblijny i sakralny<\/h3>\n<h4 style=\"text-align: left;\">Tematyka sakralna:<\/h4>\n<p style=\"text-align: left;\">Obraz Ko\u015bcio\u0142a pw. \u015bw. Marii Magdaleny w \u0141\u0119cznej jednoznacznie kwalifikuje si\u0119 do dzia\u0142u sztuki sakralnej (religijnej).<\/p>\n\n<h4 style=\"text-align: left;\">Anio\u0142y nad \u0141\u0119czn\u0105:<\/h4>\n<p style=\"text-align: left;\">W kontek\u015bcie tw\u00f3rczo\u015bci Paw\u0142a Brodzisza, kt\u00f3ry wsp\u00f3\u0142tworzy\u0142 publikacje o tematyce sakralnej, takie jak \u201eAnio\u0142y nad \u0141\u0119czn\u0105\u201d (2009), jego malarstwo cz\u0119sto oscyluje wok\u00f3\u0142 sacrum, nawet je\u015bli jest to sacrum wpisane w pejza\u017c miejski.<\/p>\n\n<h3 style=\"text-align: left;\">3. Aspekt muzealny (Muzealium)<\/h3>\n<h4 style=\"text-align: left;\">Muzeum Miniaturowej Sztuki Profesjonalnej Henryk Jan Dominiak w Tychach:<\/h4>\n<p style=\"text-align: left;\">Obraz znajduje si\u0119 w zbiorach tej instytucji, kt\u00f3ra gromadzi miniatury, w tym dzie\u0142a o tematyce religijnej i sakralnej.<\/p>\n\n<h4 style=\"text-align: left;\">Technika i miniaturyzacja:<\/h4>\n<p style=\"text-align: left;\">Tworzenie obraz\u00f3w olejnych o tak ma\u0142ych wymiarach (3 \u00d7 4 cm) przy u\u017cyciu lupy wymaga techniki zbli\u017conej do dawnych iluminacji czy ikonek podr\u00f3\u017cnych, co wpisuje dzie\u0142o w d\u0142ug\u0105 tradycj\u0119 miniatury sakralnej.<\/p>\n\n<h3 style=\"text-align: left;\">Podsumowuj\u0105c:<\/h3>\n<p style=\"text-align: left;\"><em>Mikroobraz <span id=\"a11y-osoba\">Paw\u0142a Brodzisza wpisuje si\u0119 w nurt wsp\u00f3\u0142czesnego malarstwa sakralnego o charakterze wotywno-krajobrazowym. Z muzealnego punktu widzenia stanowi precyzyjnie wykonany dokumentalny \u201eportret miejsca\u201d (ko\u015bcio\u0142a), wpisuj\u0105c si\u0119 w tematyk\u0119 hagiograficzn\u0105 poprzez posta\u0107 patronki parafii \u2013 \u015bw. <span id=\"a11y-osoba\">Marii Magdaleny.<\/span><\/span><\/em><\/p>\n\n<h4 style=\"text-align: left;\">Miniaturowe malarstwo olejne (alkidowe) na miedzi:<\/h4>\n<p style=\"text-align: center;\"><img decoding=\"async\" class=\"alignnone size-medium\" src=\"https:\/\/upload.wikimedia.org\/wikipedia\/commons\/9\/91\/MAL124_Czterej_je%C5%BAd%C5%BAcy_Apokalipsy_50_x_77_mm._Artysta_malarz_Pawe%C5%82_Brodzisz_olej_-_alkid_na_miedzi_2025._Eksponat_Muzeum_Miniaturowej_Sztuki_Profesjonalnej_Henryk_Jan_Dominiak_w_Tychach.jpg\" alt=\"\" width=\"300\" height=\"168,75\" \/><\/p>\n<p style=\"text-align: left;\"><em>Miniaturowy obraz \u201e<a id=\"a11y-url\" href=\" https:\/\/muzeumminiaturowejsztukiprofesjonalnejhenrykjandominiak.eu\/wp\/mal124-czterej-jezdzcy-apokalipsy\/\"><span style=\"text-decoration: underline;\">Czterej je\u017ad\u017acy Apokalipsy<\/span><\/a>\u201d autorstwa Paw\u0142a Brodzisza z 2025 roku wpisuje si\u0119 w nurt muzeali\u00f3w o tematyce biblijnej w spos\u00f3b wysoce nowatorski, \u0142\u0105cz\u0105c klasyczn\u0105 ikonografi\u0119 z nowoczesn\u0105 technologi\u0105 miniaturyzacji (50 \u00d7 77 mm). Jego przynale\u017cno\u015b\u0107 do zbior\u00f3w Muzeum potwierdza jego profesjonalny charakter i znaczenie kolekcjonerskie.<\/em><\/p>\n<p style=\"text-align: left;\">Oto szczeg\u00f3\u0142owa analiza naukowo-muzealna:<\/p>\n\n<h3 style=\"text-align: left;\">1. Wpisanie w tematyk\u0119 biblijn\u0105 (Ikonografia)<\/h3>\n<h4 style=\"text-align: left;\">Wierno\u015b\u0107 \u017ar\u00f3d\u0142u:<\/h4>\n<p style=\"text-align: left;\">Obraz bezpo\u015brednio nawi\u0105zuje do Apokalipsy \u015bw. Jana (rozdzia\u0142 6:1-8), przedstawiaj\u0105c cztery postacie symbolizuj\u0105ce Wojn\u0119, Zaraz\u0119, G\u0142\u00f3d i \u015amier\u0107. Temat ten jest klasycznym motywem w sztuce sakralnej i biblijnej, por\u00f3wnywalnym do s\u0142ynnych drzeworyt\u00f3w Albrechta D\u00fcrera.<\/p>\n\n<h4 style=\"text-align: left;\">Interpretacja:<\/h4>\n<p style=\"text-align: left;\">Dzie\u0142o Brodzisza wpisuje si\u0119 w nurt wsp\u00f3\u0142czesnej recepcji tekst\u00f3w apokaliptycznych, kt\u00f3re w muzealnictwie tematycznym funkcjonuj\u0105 jako metafora l\u0119k\u00f3w i nieszcz\u0119\u015b\u0107.<\/p>\n\n<h3 style=\"text-align: left;\">2. Aspekt miniaturowy (Muzealium Profesjonalne)<\/h3>\n<h4 style=\"text-align: left;\">Unikalno\u015b\u0107 techniki:<\/h4>\n<p style=\"text-align: left;\">Zastosowanie techniki olej-alkid na miedzi w skali mikro (50 \u00d7 77 mm) stanowi nowoczesne nawi\u0105zanie do dawnych mistrz\u00f3w, jednocze\u015bnie wpisuj\u0105c si\u0119 w nurt wsp\u00f3\u0142czesnej sztuki miniaturowej.<\/p>\n\n<h4 style=\"text-align: left;\">Kontekst muzealny:<\/h4>\n<p style=\"text-align: left;\">Obraz jest eksponatem Muzeum Miniaturowej Sztuki Profesjonalnej Henryk Jan Dominiak w Tychach, co definiuje go jako obiekt o uznanej warto\u015bci artystycznej i inwentarzowej. Wpisuje si\u0119 w kolekcj\u0119, kt\u00f3ra promuje autorskie r\u0119kodzie\u0142o w ma\u0142ej skali.<\/p>\n\n<h3 style=\"text-align: left;\">3. Warto\u015b\u0107 naukowa<\/h3>\n<h4 style=\"text-align: left;\">Badanie formy:<\/h4>\n<p style=\"text-align: left;\">Obraz stanowi obiekt bada\u0144 nad wsp\u00f3\u0142czesnym malarstwem figuratywnym w skali mikro, analizuj\u0105c jak w ograniczonej przestrzeni odda\u0107 dramatyzm biblijnej wizji.<\/p>\n\n<h4 style=\"text-align: left;\">Technologia:<\/h4>\n<p style=\"text-align: left;\">Zastosowanie oleju-alkidu na miedzi wskazuje na ch\u0119\u0107 trwa\u0142ego utrwalenia obrazu, co jest istotne z punktu widzenia konserwacji sztuki.<\/p>\n<p style=\"text-align: left;\"><em>Podsumowuj\u0105c, dzie\u0142o <span id=\"a11y-osoba\">Paw\u0142a Brodzisza jest cennym przyk\u0142adem wsp\u00f3\u0142czesnego muzealium biblijnego, kt\u00f3re przenosi klasyczne tematy do sztuki miniaturowej, spe\u0142niaj\u0105c wymogi profesjonalnej kolekcji muzealnej.<\/span><\/em><\/p>\n\n<h4 style=\"text-align: left;\">Kameralny portret olejny (alkidowy) na agatowej p\u0142ytce, kt\u00f3ra zosta\u0142a wyg\u0142adzona, ale zachowa\u0142a swoj\u0105 naturaln\u0105, unikaln\u0105 form\u0119:<\/h4>\n<p style=\"text-align: center;\"><img loading=\"lazy\" decoding=\"async\" class=\"alignnone\" src=\"https:\/\/upload.wikimedia.org\/wikipedia\/commons\/b\/b6\/MAL148_Papie%C5%BC_Leon_XIV._78_x_38_mm._Artysta_malarz_Pawe%C5%82_Brodzisz._alkid_olej_na_odmianie_chalcedonu_agat._2025._Eksponat_Muzeum_Miniaturowej_Sztuki_Profesjonalnej_Henryk_Jan_Dominiak_w_Tychach.png\" alt=\"MAL148 Papie\u017c Leon XIV\" width=\"300\" height=\"300\" \/><\/p>\n<p style=\"text-align: left;\"><em>Miniaturowy portret \u201e<a id=\"a11y-url\" href=\" https:\/\/muzeumminiaturowejsztukiprofesjonalnejhenrykjandominiak.eu\/wp\/mal148-papiez-leon-xiv\/\"><span style=\"text-decoration: underline;\">Papie\u017ca Leona XIV<\/span><\/a>\u201d (<span id=\"a11y-osoba\">Robert Francis Prevost), namalowany przez Paw\u0142a Brodzisza i znajduj\u0105cy si\u0119 w zbiorach Muzeum Miniaturowej Sztuki Profesjonalnej Henryk Jan Dominiak w Tychach (nr inw. MAL148), wpisuje si\u0119 w tematyk\u0119 hagiograficzn\u0105 w spos\u00f3b specyficzny \u2013 jako dokumentacja historyczno-religijna wsp\u00f3\u0142czesnego papiestwa, a nie w sensie \u015bcis\u0142ym, tradycyjnym (hagiografia zajmuje si\u0119 \u017cywotami \u015bwi\u0119tych).<\/span><\/em><\/p>\n<p style=\"text-align: left;\">Oto szczeg\u00f3\u0142owe uj\u0119cie naukowe i muzealne:<\/p>\n\n<h3 style=\"text-align: left;\">1. Kontekst muzealny i formalny:<\/h3>\n<h4 style=\"text-align: left;\">Obiekt:<\/h4>\n<p style=\"text-align: left;\">Miniaturowy portret o wymiarach 78 \u00d7 38 mm (olej-alkid na kamieniu agat technika miniaturowa) autorstwa Paw\u0142a Brodzisza, artysty znanego z tworzenia w skali mikro.<\/p>\n\n<h4 style=\"text-align: left;\">Kolekcja:<\/h4>\n<p style=\"text-align: left;\">Muzeum Miniaturowej Sztuki Profesjonalnej Henryk Jan Dominiak w Tychach, kt\u00f3re gromadzi dzie\u0142a sztuki o zminimalizowanych wymiarach (tzw. mikro-malarstwo).<\/p>\n\n<h4 style=\"text-align: left;\">Dokumentacja:<\/h4>\n<p style=\"text-align: left;\">Obiekt zosta\u0142 uj\u0119ty w katalogu muzeum jako \u201eMAL148 Papie\u017c Leon XIV\u201d, co oznacza, \u017ce pe\u0142ni funkcj\u0119 muzealium dokumentuj\u0105cego pontyfikat, b\u0119d\u0105cy w za\u0142o\u017ceniu kontynuacj\u0105 tradycji portretowania g\u0142\u00f3w Ko\u015bcio\u0142a.<\/p>\n\n<h3 style=\"text-align: left;\">2. Wpisanie w tematyk\u0119 hagiograficzn\u0105 (hagiografia):<\/h3>\n<h4 style=\"text-align: left;\">W sensie \u015bcis\u0142ym:<\/h4>\n<p style=\"text-align: left;\">Wpis jest znikomy. <span id=\"a11y-osoba\">Leon XIV (<span id=\"a11y-osoba\">Robert Francis Prevost, ur. 1955, wybrany w 2025 r.) nie jest postaci\u0105 kanonizowan\u0105 ani beatyfikowan\u0105.<\/span><\/span><\/p>\n\n<h4 style=\"text-align: left;\">W sensie funkcjonalnym:<\/h4>\n<p style=\"text-align: left;\">Obraz wpisuje si\u0119 w szersz\u0105 tradycj\u0119 ikonografii papieskiej, kt\u00f3ra historycznie \u0142\u0105czy si\u0119 z kultem i pami\u0119ci\u0105 o nast\u0119pcach \u015bw. Piotra. Portret ten jest wczesn\u0105 rejestracj\u0105 wizerunku, pe\u0142ni\u0105c funkcj\u0119 \u201e\u017cywego\u201d zapisu historii Ko\u015bcio\u0142a, co w kontek\u015bcie muzealnym (kolekcjonerstwo) zbli\u017ca go do dokumentowania historii religii.<\/p>\n\n<h3 style=\"text-align: left;\">3. Wpisanie w tematyk\u0119 biblijn\u0105:<\/h3>\n<h4 style=\"text-align: left;\">Brak bezpo\u015bredniego zwi\u0105zku:<\/h4>\n<p style=\"text-align: left;\">Portret Leona XIV nie przedstawia scen biblijnych, postaci biblijnych ani nie odnosi si\u0119 bezpo\u015brednio do tekstu Pisma \u015awi\u0119tego.<\/p>\n\n<h4 style=\"text-align: left;\">Zwi\u0105zek po\u015bredni:<\/h4>\n<p style=\"text-align: left;\">Jako portret zwierzchnika Ko\u015bcio\u0142a katolickiego, dzie\u0142o wpisuje si\u0119 w tematyk\u0119 sakraln\u0105\/religijn\u0105 (a nie \u015bci\u015ble biblijn\u0105), stanowi\u0105c ikonograficzny element dziedzictwa chrze\u015bcija\u0144skiego.<\/p>\n\n<h3 style=\"text-align: left;\">Podsumowanie naukowe:<\/h3>\n<p style=\"text-align: left;\"><em>Miniatura <span id=\"a11y-osoba\">Paw\u0142a Brodzisza to eksponat z zakresu wsp\u00f3\u0142czesnej ikonografii papieskiej i malarstwa miniaturowego. Z punktu widzenia muzealnictwa (katalogowanie, zbiory sztuki) jest to wa\u017cny wizerunek dokumentalny. W uj\u0119ciu hagiograficznym i biblijnym \u2013 jest to zapis o charakterze historyczno-religijnym, a nie sakralnym czy hagiograficznym sensu stricto.<\/span><\/em><\/p>\n","protected":false},"excerpt":{"rendered":"<p>Muzeum Miniaturowej Sztuki Profesjonalnej Henryk Jan Dominiak w Tychach zaprasza do obejrzenia unikalnej kolekcji ma\u0142ych dzie\u0142 o tematyce biblijnej i \u017cywot\u00f3w \u015bwi\u0119tych. Muzealium o tematyce hagiograficznej lub biblijnej w kontek\u015bcie polskiego Muzeum Miniaturowej Sztuki Profesjonalnej Henryk Jan Dominiak w Tychach to artystyczne wizerunki (malarstwo, rysunek, grafika, rze\u017aba, relief \/ medale) uwieczniaj\u0105ce: Niezwykle r\u00f3\u017cnorodny zbi\u00f3r obiekt\u00f3w [&hellip;]<\/p>\n","protected":false},"author":1,"featured_media":0,"parent":0,"menu_order":495,"comment_status":"closed","ping_status":"closed","template":"","meta":{"footnotes":""},"class_list":["post-127","page","type-page","status-publish","hentry"],"_links":{"self":[{"href":"http:\/\/muzeumminiaturowejsztukiprofesjonalnejhenrykjandominiakwtychach.eu\/index.php?rest_route=\/wp\/v2\/pages\/127","targetHints":{"allow":["GET"]}}],"collection":[{"href":"http:\/\/muzeumminiaturowejsztukiprofesjonalnejhenrykjandominiakwtychach.eu\/index.php?rest_route=\/wp\/v2\/pages"}],"about":[{"href":"http:\/\/muzeumminiaturowejsztukiprofesjonalnejhenrykjandominiakwtychach.eu\/index.php?rest_route=\/wp\/v2\/types\/page"}],"author":[{"embeddable":true,"href":"http:\/\/muzeumminiaturowejsztukiprofesjonalnejhenrykjandominiakwtychach.eu\/index.php?rest_route=\/wp\/v2\/users\/1"}],"replies":[{"embeddable":true,"href":"http:\/\/muzeumminiaturowejsztukiprofesjonalnejhenrykjandominiakwtychach.eu\/index.php?rest_route=%2Fwp%2Fv2%2Fcomments&post=127"}],"version-history":[{"count":7,"href":"http:\/\/muzeumminiaturowejsztukiprofesjonalnejhenrykjandominiakwtychach.eu\/index.php?rest_route=\/wp\/v2\/pages\/127\/revisions"}],"predecessor-version":[{"id":140,"href":"http:\/\/muzeumminiaturowejsztukiprofesjonalnejhenrykjandominiakwtychach.eu\/index.php?rest_route=\/wp\/v2\/pages\/127\/revisions\/140"}],"wp:attachment":[{"href":"http:\/\/muzeumminiaturowejsztukiprofesjonalnejhenrykjandominiakwtychach.eu\/index.php?rest_route=%2Fwp%2Fv2%2Fmedia&parent=127"}],"curies":[{"name":"wp","href":"https:\/\/api.w.org\/{rel}","templated":true}]}}