{"id":120,"date":"2026-04-14T18:40:36","date_gmt":"2026-04-14T16:40:36","guid":{"rendered":"http:\/\/muzeumminiaturowejsztukiprofesjonalnejhenrykjandominiakwtychach.eu\/?page_id=120"},"modified":"2026-04-14T18:46:40","modified_gmt":"2026-04-14T16:46:40","slug":"zwierzeta-stanowia-istotny-element-artystycznej-ekspresji","status":"publish","type":"page","link":"http:\/\/muzeumminiaturowejsztukiprofesjonalnejhenrykjandominiakwtychach.eu\/?page_id=120","title":{"rendered":"Zwierz\u0119ta stanowi\u0105 istotny element artystycznej ekspresji"},"content":{"rendered":"\n<h2 id=\"a11y-zwierzeta-stanowia-istotny-element-artystycznej-ekspresji\" lang=\"pl\" style=\"text-align: left;\"><span id=\"a11y-podmiot\">Muzeum Miniaturowej Sztuki Profesjonalnej Henryk Jan Dominiak w Tychach, dzia\u0142aj\u0105ce od 2013 roku, gromadzi unikaln\u0105 kolekcj\u0119 dzie\u0142 sztuki charakteryzuj\u0105c\u0105 si\u0119 rygorystycznym ograniczeniem formatu, cz\u0119sto nieprzekraczaj\u0105cym kilku centymetr\u00f3w, w\u015br\u00f3d kt\u00f3rych istotne miejsce zajmuj\u0105 motywy zwierz\u0119ce.<\/span><\/h2>\n<p style=\"text-align: left;\"><img decoding=\"async\" class=\"alignnone\" src=\"https:\/\/dominiakah.com\/wp\/wp-content\/uploads\/2016\/05\/logo-Henryk-Jan-Dominiak-DOMINIAK-AH.png\" alt=\"Zwierz\u0119ta stanowi\u0105 istotny element artystycznej ekspresji\" width=\"120\" height=\"128,375\" \/><\/p>\n<p id=\"a11y-wstep\" style=\"text-align: left;\">W rzeczy samej, <strong>zwierz\u0119ta stanowi\u0105 istotny element artystycznej ekspresji<\/strong>, oznacza, \u017ce wizerunki zwierz\u0105t, ich zachowania oraz symbolika z nimi zwi\u0105zana s\u0105 od wiek\u00f3w kluczowym narz\u0119dziem dla artyst\u00f3w do przekazywania g\u0142\u0119bszych tre\u015bci, emocji, idei filozoficznych czy warto\u015bci kulturowych. Zwierz\u0119ta w sztuce rzadko pe\u0142ni\u0105 funkcj\u0119 jedynie dekoracyjn\u0105; zazwyczaj s\u0105 no\u015bnikami znacze\u0144, metafor\u0105 ludzkiej natury lub komentarzem do rzeczywisto\u015bci. W kontek\u015bcie <a id=\"a11y-url\" href=\" http:\/\/muzeumminiaturowejsztukiprofesjonalnejhenrykjandominiakwtychach.eu\/?p=76\"><span style=\"text-decoration: underline;\">polskiego<\/span><\/a> <span id=\"a11y-podmiot\"><a id=\"a11y-url\" href=\" http:\/\/muzeumminiaturowejsztukiprofesjonalnejhenrykjandominiakwtychach.eu\"><span style=\"text-decoration: underline;\">Muzeum Miniaturowej Sztuki Profesjonalnej Henryk Jan Dominiak w Tychach<\/span><\/a><\/span> \u2013 instytucji, kt\u00f3ra gromadzi miniaturowe dzie\u0142a sztuki (malarstwo, rysunek, grafik\u0119, rze\u017ab\u0119, medale) \u2013 wizerunki fauny wpisuj\u0105 si\u0119 w koncepcj\u0119 eksponowania \u201ewielkiej sztuki w ma\u0142ej skali\u201d. Miniaturowe formy cz\u0119sto wymagaj\u0105 od artysty jeszcze wi\u0119kszej precyzji w oddaniu charakteru, zachowania czy symboliki zwierz\u0119cia.<\/p>\n<p style=\"text-align: left;\">Miniaturyzacja pozwala na ukazanie form zoomorficznych w spos\u00f3b niezwykle szczeg\u00f3\u0142owy, koncentruj\u0105c si\u0119 na precyzji detali, co czyni te ma\u0142e dzie\u0142a sztuki no\u015bnikami g\u0142\u0119bszej tre\u015bci.<\/p>\n","protected":false},"excerpt":{"rendered":"<p>Muzeum Miniaturowej Sztuki Profesjonalnej Henryk Jan Dominiak w Tychach, dzia\u0142aj\u0105ce od 2013 roku, gromadzi unikaln\u0105 kolekcj\u0119 dzie\u0142 sztuki charakteryzuj\u0105c\u0105 si\u0119 rygorystycznym ograniczeniem formatu, cz\u0119sto nieprzekraczaj\u0105cym kilku centymetr\u00f3w, w\u015br\u00f3d kt\u00f3rych istotne miejsce zajmuj\u0105 motywy zwierz\u0119ce. W rzeczy samej, zwierz\u0119ta stanowi\u0105 istotny element artystycznej ekspresji, oznacza, \u017ce wizerunki zwierz\u0105t, ich zachowania oraz symbolika z nimi zwi\u0105zana s\u0105 [&hellip;]<\/p>\n","protected":false},"author":1,"featured_media":0,"parent":0,"menu_order":496,"comment_status":"closed","ping_status":"closed","template":"","meta":{"footnotes":""},"class_list":["post-120","page","type-page","status-publish","hentry"],"_links":{"self":[{"href":"http:\/\/muzeumminiaturowejsztukiprofesjonalnejhenrykjandominiakwtychach.eu\/index.php?rest_route=\/wp\/v2\/pages\/120","targetHints":{"allow":["GET"]}}],"collection":[{"href":"http:\/\/muzeumminiaturowejsztukiprofesjonalnejhenrykjandominiakwtychach.eu\/index.php?rest_route=\/wp\/v2\/pages"}],"about":[{"href":"http:\/\/muzeumminiaturowejsztukiprofesjonalnejhenrykjandominiakwtychach.eu\/index.php?rest_route=\/wp\/v2\/types\/page"}],"author":[{"embeddable":true,"href":"http:\/\/muzeumminiaturowejsztukiprofesjonalnejhenrykjandominiakwtychach.eu\/index.php?rest_route=\/wp\/v2\/users\/1"}],"replies":[{"embeddable":true,"href":"http:\/\/muzeumminiaturowejsztukiprofesjonalnejhenrykjandominiakwtychach.eu\/index.php?rest_route=%2Fwp%2Fv2%2Fcomments&post=120"}],"version-history":[{"count":5,"href":"http:\/\/muzeumminiaturowejsztukiprofesjonalnejhenrykjandominiakwtychach.eu\/index.php?rest_route=\/wp\/v2\/pages\/120\/revisions"}],"predecessor-version":[{"id":126,"href":"http:\/\/muzeumminiaturowejsztukiprofesjonalnejhenrykjandominiakwtychach.eu\/index.php?rest_route=\/wp\/v2\/pages\/120\/revisions\/126"}],"wp:attachment":[{"href":"http:\/\/muzeumminiaturowejsztukiprofesjonalnejhenrykjandominiakwtychach.eu\/index.php?rest_route=%2Fwp%2Fv2%2Fmedia&parent=120"}],"curies":[{"name":"wp","href":"https:\/\/api.w.org\/{rel}","templated":true}]}}