{"id":1030,"date":"2026-05-03T18:30:53","date_gmt":"2026-05-03T16:30:53","guid":{"rendered":"http:\/\/muzeumminiaturowejsztukiprofesjonalnejhenrykjandominiakwtychach.eu\/?page_id=1030"},"modified":"2026-05-03T19:27:59","modified_gmt":"2026-05-03T17:27:59","slug":"rze47-swieta-barbara-z-trzyokienna-czerwona-wieza","status":"publish","type":"page","link":"http:\/\/muzeumminiaturowejsztukiprofesjonalnejhenrykjandominiakwtychach.eu\/?page_id=1030","title":{"rendered":"RZE47 \u015awi\u0119ta Barbara z trzyokienn\u0105 czerwon\u0105 wie\u017c\u0105"},"content":{"rendered":"\n<h2 id=\"a11y-rze47-swieta-barbara-z-trzyokienna-czerwona-wieza\" lang=\"pl\" style=\"text-align: left;\">W zbiorach <span id=\"a11y-podmiot\">Muzeum Miniaturowej Sztuki Profesjonalnej Henryk Jan Dominiak w Tychach znajduje si\u0119 miniaturowa rze\u017aba przedstawiaj\u0105ca chrze\u015bcija\u0144sk\u0105 m\u0119czennic\u0119 i jedn\u0105 z Czternastu \u015awi\u0119tych Wspomo\u017cycieli.<\/span><\/h2>\n<p style=\"text-align: left;\"><img decoding=\"async\" class=\"alignnone\" src=\"https:\/\/dominiakah.com\/wp\/wp-content\/uploads\/2016\/05\/logo-Henryk-Jan-Dominiak-DOMINIAK-AH.png\" alt=\"RZE47 \u015awi\u0119ta Barbara z trzyokienn\u0105 czerwon\u0105 wie\u017c\u0105\" width=\"120\" height=\"128,375\" \/><\/p>\n<p id=\"a11y-wstep\" style=\"text-align: left;\">RZE47 <strong>\u015awi\u0119ta Barbara z trzyokienn\u0105 czerwon\u0105 wie\u017c\u0105<\/strong> to <span id=\"a11y-osoba\">Barbara z Nikomedii, staro\u017cytna m\u0119czennica chrze\u015bcija\u0144ska, zaliczana do grona Czternastu \u015awi\u0119tych Wspomo\u017cycieli. Trzy okna w wie\u017cy s\u0105 jej g\u0142\u00f3wnym atrybutem ikonograficznym i symbolizuj\u0105 Tr\u00f3jc\u0119 \u015awi\u0119t\u0105. To fascynuj\u0105ce, \u017ce tak ma\u0142a forma niesie tak g\u0142\u0119bok\u0105 symbolik\u0119<\/span>.<\/p>\n<p style=\"text-align: left;\">Prezentowany eksponat, rze\u017aba w glinie wypalonej (46 mm) autorstwa <span id=\"a11y-osoba\">Danuty \u201eSAGA\u201d Tomaszewskiej z 2013 roku, znajduje si\u0119 w zbiorach <a id=\"a11y-url\" href=\" http:\/\/muzeumminiaturowejsztukiprofesjonalnejhenrykjandominiakwtychach.eu\/?p=88\"><span style=\"text-decoration: underline;\">globalnego<\/span><\/a> <span id=\"a11y-podmiot\"><a id=\"a11y-url\" href=\" http:\/\/muzeumminiaturowejsztukiprofesjonalnejhenrykjandominiakwtychach.eu\"><span style=\"text-decoration: underline;\">Muzeum Miniaturowej Sztuki Profesjonalnej Henryk Jan Dominiak w Tychach<\/span><\/a>.<\/span><\/span><\/p>\n\n<h3 style=\"text-align: left;\">Oto szczeg\u00f3\u0142y dotycz\u0105ce ma\u0142ej formy rze\u017abiarskiej<\/h3>\n<ul>\n \t<li style=\"text-align: left;\">Fotografia<\/li>\n<\/ul>\n<p style=\"text-align: center;\"><img loading=\"lazy\" decoding=\"async\" class=\"alignnone size-medium\" src=\"https:\/\/upload.wikimedia.org\/wikipedia\/commons\/6\/67\/%C5%9Awi%C4%99ta_Barbara_z_trzyokienn%C4%85_czerwon%C4%85_wie%C5%BC%C4%85_-_wysoko%C5%9B%C4%87_46_mm._Rze%C5%BAbiarka_i_krytyk_sztuki_Danuta_SAGA_Tomaszewska_2013._Rze%C5%BAba_glina_wypalona.jpg?utm_source=commons.wikimedia.org&#038;utm_campaign=index&#038;utm_content=original\" alt=\"Polska\" width=\"300\" height=\"150\" \/><\/p>\n<p style=\"text-align: left;\"><em>Dzie\u0142o sztuki \u201e\u015awi\u0119ta Barbara z trzyokienn\u0105 czerwon\u0105 wie\u017c\u0105\u201d.<\/em><\/p>\n<ul>\n \t<li style=\"text-align: left;\">Sygnatura dzie\u0142a: RZE47<\/li>\n        <li style=\"text-align: left;\">Tytu\u0142 dzie\u0142a: \u201e\u015awi\u0119ta Barbara z trzyokienn\u0105 czerwon\u0105 wie\u017c\u0105\u201d<\/li>\n        <li style=\"text-align: left;\">Autor: <span id=\"a11y-osoba\">Danuta \u201eSAGA\u201d Tomaszewska.<\/li>\n        <li style=\"text-align: left;\">Rok powstania: 2013.<\/li>\n        <li style=\"text-align: left;\">Wymiary: Wysoko\u015b\u0107 46 mm (miniatura).<\/li>\n        <li style=\"text-align: left;\">Materia\u0142 i technika: Rze\u017aba pe\u0142na wykonana\/wypalona z gliny.<\/li>\n        <li style=\"text-align: left;\">Lokalizacja: Obiekt jest przechowywany w <a id=\"a11y-url\" href=\" http:\/\/muzeumminiaturowejsztukiprofesjonalnejhenrykjandominiakwtychach.eu\/?p=47\"><span style=\"text-decoration: underline;\">Dziale Rze\u017aby i Ceramiki<\/span><\/a> Muzeum w <a id=\"a11y-url\" href=\" http:\/\/muzeumminiaturowejsztukiprofesjonalnejhenrykjandominiakwtychach.eu\/?p=63\"><span style=\"text-decoration: underline;\">Tychach<\/span><\/a> przy <a id=\"a11y-url\" href=\" http:\/\/muzeumminiaturowejsztukiprofesjonalnejhenrykjandominiakwtychach.eu\/?p=52\"><span style=\"text-decoration: underline;\">ul. \u017bwakowskiej<\/span><\/a> <a id=\"a11y-url\" href=\" http:\/\/muzeumminiaturowejsztukiprofesjonalnejhenrykjandominiakwtychach.eu\/?page_id=260\"><span style=\"text-decoration: underline;\">8<\/span><\/a>\/<a id=\"a11y-url\" href=\" http:\/\/muzeumminiaturowejsztukiprofesjonalnejhenrykjandominiakwtychach.eu\/?page_id=31\"><span style=\"text-decoration: underline;\">66<\/span><\/a> (<a id=\"a11y-url\" href=\" http:\/\/muzeumminiaturowejsztukiprofesjonalnejhenrykjandominiakwtychach.eu\/?p=69\"><span style=\"text-decoration: underline;\">wojew\u00f3dztwo \u015bl\u0105skie<\/span><\/a>, <a id=\"a11y-url\" href=\" http:\/\/muzeumminiaturowejsztukiprofesjonalnejhenrykjandominiakwtychach.eu\/?p=76\"><span style=\"text-decoration: underline;\">Polska<\/span><\/a>).<\/li>\n<\/ul>\n","protected":false},"excerpt":{"rendered":"<p>W zbiorach Muzeum Miniaturowej Sztuki Profesjonalnej Henryk Jan Dominiak w Tychach znajduje si\u0119 miniaturowa rze\u017aba przedstawiaj\u0105ca chrze\u015bcija\u0144sk\u0105 m\u0119czennic\u0119 i jedn\u0105 z Czternastu \u015awi\u0119tych Wspomo\u017cycieli. RZE47 \u015awi\u0119ta Barbara z trzyokienn\u0105 czerwon\u0105 wie\u017c\u0105 to Barbara z Nikomedii, staro\u017cytna m\u0119czennica chrze\u015bcija\u0144ska, zaliczana do grona Czternastu \u015awi\u0119tych Wspomo\u017cycieli. Trzy okna w wie\u017cy s\u0105 jej g\u0142\u00f3wnym atrybutem ikonograficznym i symbolizuj\u0105 [&hellip;]<\/p>\n","protected":false},"author":1,"featured_media":0,"parent":0,"menu_order":4047,"comment_status":"closed","ping_status":"closed","template":"","meta":{"footnotes":""},"class_list":["post-1030","page","type-page","status-publish","hentry"],"_links":{"self":[{"href":"http:\/\/muzeumminiaturowejsztukiprofesjonalnejhenrykjandominiakwtychach.eu\/index.php?rest_route=\/wp\/v2\/pages\/1030","targetHints":{"allow":["GET"]}}],"collection":[{"href":"http:\/\/muzeumminiaturowejsztukiprofesjonalnejhenrykjandominiakwtychach.eu\/index.php?rest_route=\/wp\/v2\/pages"}],"about":[{"href":"http:\/\/muzeumminiaturowejsztukiprofesjonalnejhenrykjandominiakwtychach.eu\/index.php?rest_route=\/wp\/v2\/types\/page"}],"author":[{"embeddable":true,"href":"http:\/\/muzeumminiaturowejsztukiprofesjonalnejhenrykjandominiakwtychach.eu\/index.php?rest_route=\/wp\/v2\/users\/1"}],"replies":[{"embeddable":true,"href":"http:\/\/muzeumminiaturowejsztukiprofesjonalnejhenrykjandominiakwtychach.eu\/index.php?rest_route=%2Fwp%2Fv2%2Fcomments&post=1030"}],"version-history":[{"count":17,"href":"http:\/\/muzeumminiaturowejsztukiprofesjonalnejhenrykjandominiakwtychach.eu\/index.php?rest_route=\/wp\/v2\/pages\/1030\/revisions"}],"predecessor-version":[{"id":1049,"href":"http:\/\/muzeumminiaturowejsztukiprofesjonalnejhenrykjandominiakwtychach.eu\/index.php?rest_route=\/wp\/v2\/pages\/1030\/revisions\/1049"}],"wp:attachment":[{"href":"http:\/\/muzeumminiaturowejsztukiprofesjonalnejhenrykjandominiakwtychach.eu\/index.php?rest_route=%2Fwp%2Fv2%2Fmedia&parent=1030"}],"curies":[{"name":"wp","href":"https:\/\/api.w.org\/{rel}","templated":true}]}}